{"id":873,"date":"2018-02-11T18:38:12","date_gmt":"2018-02-11T18:38:12","guid":{"rendered":"https:\/\/pcteams.kreisseniorenrat-boeblingen.de\/?page_id=873"},"modified":"2022-09-13T13:08:35","modified_gmt":"2022-09-13T11:08:35","slug":"benutzer-id-und-passwort-beantragen","status":"publish","type":"page","link":"https:\/\/kreisseniorenrat-boeblingen.de\/pcteams\/?page_id=873","title":{"rendered":"Benutzer Kennung und Passwort beantragen"},"content":{"rendered":"<h4><strong>Wichtig:<\/strong><\/h4>\n<div class=\"\"><i class=\"\">Der Inhalt dieses Portals, sowie die zur Verf\u00fcgung gestellten Dokumente unterliegen dem Urheberrecht und d\u00fcrfen <u class=\"\">nur mit schriftlicher Einwilligung des Eigent\u00fcmers<\/u> weiter verwendet und weiter gegeben werden! Jeder Benutzer ist f\u00fcr den Inhalt der von ihm hochgeladenen Dokumente verantwortlich.<\/i><br \/>\n<i class=\"\">Mit der Registrierung akzeptiert jeder Benutzer, diese <strong>Bestimmungen<\/strong> und erkl\u00e4rt sich damit einverstanden, dass seine Daten gespeichert werden und er\/sie Informationen, von und \u00fcber die PC-Teams des Kreisseniorenrat B\u00f6blingen e.V., per Email erhalten m\u00f6chte.<\/i><\/div>\n<h4><strong>Registrierung:<\/strong><\/h4>\n<p>Sobald Sie registriert sind, erhalten Sie eine Benutzerkennung und ein pers\u00f6nliches Passwort. Damit k\u00f6nnen Sie sich dann \u00fcber den Men\u00fceintrag \u201e<strong>Anmelden<\/strong>\u201c in der Navigationsleiste anmelden.<\/p>\n<p>Dann haben Sie <b>Zugang zu allen Informationen.&nbsp;<\/b>Sie k\u00f6nnen eigene Beitr\u00e4ge erstellen, gesch\u00fctzte Inhalte sehen, im Forum Fragen stellen oder Antworten geben.<\/p>\n<p>Wenn Sie ihre Registrierung nicht mehr ben\u00f6tigen und l\u00f6schen m\u00f6chten, dann senden Sie bitte eine Email an neue_medien@kreisseniorenrat-boeblingen.de.<\/p>\n<p>F\u00fcr die Registrierung f\u00fcllen Sie bitte die Pflichtfelder im folgenden Formular aus. Zus\u00e4tzlich k\u00f6nnen Sie uns gerne eine Nachricht senden. Zum Abschlu\u00df bitte &#8222;Senden&#8220; dr\u00fccken!<\/p>\n<p>Ihr Antrag wird an unseren Admin gesendet, der ihn m\u00f6glichst schnell bearbeitet. Trotzdem kann es nat\u00fcrlich ein paar Tage dauern, deshalb bitten wir um etwas Geduld. Sie erhalten eine Email mit ihrer Benutzerkennung und einen Link zum \u00e4ndern des Passworts.<br \/>\n\n<div class=\"wpcf7 no-js\" id=\"wpcf7-f872-o1\" lang=\"de-DE\" dir=\"ltr\" data-wpcf7-id=\"872\">\n<div class=\"screen-reader-response\"><p role=\"status\" aria-live=\"polite\" aria-atomic=\"true\"><\/p> <ul><\/ul><\/div>\n<form action=\"\/pcteams\/index.php?rest_route=%2Fwp%2Fv2%2Fpages%2F873#wpcf7-f872-o1\" method=\"post\" class=\"wpcf7-form init\" aria-label=\"Kontaktformular\" novalidate=\"novalidate\" data-status=\"init\">\n<fieldset class=\"hidden-fields-container\"><input type=\"hidden\" name=\"_wpcf7\" value=\"872\" \/><input type=\"hidden\" name=\"_wpcf7_version\" value=\"6.1.5\" \/><input type=\"hidden\" name=\"_wpcf7_locale\" value=\"de_DE\" \/><input type=\"hidden\" name=\"_wpcf7_unit_tag\" value=\"wpcf7-f872-o1\" \/><input type=\"hidden\" name=\"_wpcf7_container_post\" value=\"0\" \/><input type=\"hidden\" name=\"_wpcf7_posted_data_hash\" value=\"\" \/>\n<\/fieldset>\n<div class=\"style-01\">\n<div class=\"wpcf7-response-output\" aria-hidden=\"true\"><\/div>\n<\/div>\n<p><label> Vorname \/ Nachname (Pflichtfeld)<br \/>\n<span class=\"wpcf7-form-control-wrap\" data-name=\"your-name\"><input size=\"40\" maxlength=\"400\" class=\"wpcf7-form-control wpcf7-text wpcf7-validates-as-required\" aria-required=\"true\" aria-invalid=\"false\" value=\"\" type=\"text\" name=\"your-name\" \/><\/span> <\/label>\n<\/p>\n<p><label> E-Mail-Adresse (Pflichtfeld)<br \/>\n<span class=\"wpcf7-form-control-wrap\" data-name=\"your-email\"><input size=\"40\" maxlength=\"400\" class=\"wpcf7-form-control wpcf7-email wpcf7-validates-as-required wpcf7-text wpcf7-validates-as-email\" aria-required=\"true\" aria-invalid=\"false\" value=\"\" type=\"email\" name=\"your-email\" \/><\/span> <\/label>\n<\/p>\n<p><label> Name des PC-Teams (Pflichtfeld)<br \/>\n<span class=\"wpcf7-form-control-wrap\" data-name=\"your-team\"><input size=\"40\" maxlength=\"400\" class=\"wpcf7-form-control wpcf7-text wpcf7-validates-as-required\" aria-required=\"true\" aria-invalid=\"false\" value=\"\" type=\"text\" name=\"your-team\" \/><\/span> <\/label>\n<\/p>\n<p><label> Nachricht an den Admin (Optional)<br \/>\n<span class=\"wpcf7-form-control-wrap\" data-name=\"your-message\"><textarea cols=\"40\" rows=\"10\" maxlength=\"2000\" class=\"wpcf7-form-control wpcf7-textarea\" aria-invalid=\"false\" name=\"your-message\"><\/textarea><\/span> <\/label>\n<\/p>\n<p><span class=\"wpcf7-form-control-wrap kc_captcha\" data-name=\"kc_captcha\"><span class=\"wpcf7-form-control wpcf7-radio\"><span class=\"captcha-image\" ><span class=\"cf7ic_instructions\">Bitte beweise, dass du kein Spambot bist und w\u00e4hle das Symbol<span> LKW<\/span>.<\/span><label><input aria-label=\"1\" type=\"radio\" name=\"kc_captcha\" value=\"bot\" \/><svg aria-hidden=\"true\" role=\"img\" xmlns=\"http:\/\/www.w3.org\/2000\/svg\" viewBox=\"0 0 512 512\"><path fill=\"currentColor\" d=\"M512 176a176 176 0 01-209 173l-24 27a24 24 0 01-18 8h-37v40c0 13-11 24-24 24h-40v40c0 13-11 24-24 24H24c-13 0-24-11-24-24v-78c0-6 3-13 7-17l162-162a176 176 0 11343-55zm-176-48a48 48 0 1096 0 48 48 0 00-96 0z\"\/><\/svg><\/label><label><input aria-label=\"2\" type=\"radio\" name=\"kc_captcha\" value=\"kc_human\" \/><svg aria-hidden=\"true\" role=\"img\" xmlns=\"http:\/\/www.w3.org\/2000\/svg\" viewBox=\"0 0 640 512\"><path fill=\"currentColor\" d=\"M624 352h-16V244c0-13-5-25-14-34L494 110c-9-9-21-14-34-14h-44V48c0-26-21-48-48-48H48C22 0 0 22 0 48v320c0 27 22 48 48 48h16a96 96 0 00192 0h128a96 96 0 00192 0h48c9 0 16-7 16-16v-32c0-9-7-16-16-16zM160 464a48 48 0 110-96 48 48 0 010 96zm320 0a48 48 0 110-96 48 48 0 010 96zm80-208H416V144h44l100 100v12z\"\/><\/svg><\/label><label><input aria-label=\"3\" type=\"radio\" name=\"kc_captcha\" value=\"bot\" \/><svg aria-hidden=\"true\" role=\"img\" xmlns=\"http:\/\/www.w3.org\/2000\/svg\" viewBox=\"0 0 384 512\"><path fill=\"currentColor\" d=\"M377 375l-83-87h34c21 0 32-25 17-40l-82-88h33c21 0 32-25 18-40L210 8c-10-11-26-11-36 0L70 120c-14 15-3 40 18 40h33l-82 88c-15 15-4 40 17 40h34L7 375c-15 16-4 41 17 41h120c0 33-11 49-34 68-12 9-5 28 10 28h144c15 0 22-19 10-28-20-16-34-32-34-68h120c21 0 32-25 17-41z\"\/><\/svg><\/label>\r\n    <\/span>\r\n    <span style=\"display:none\">\r\n        <input type=\"text\" name=\"kc_honeypot\">\r\n    <\/span><\/span><\/span>\n<\/p>\n<p><input class=\"wpcf7-form-control wpcf7-submit has-spinner\" type=\"submit\" value=\"Senden\" \/>\n<\/p>\n<div class=\"style-01\">\n<div class=\"wpcf7-response-output\" aria-hidden=\"true\"><\/div>\n<\/div>\n<\/form>\n<\/div>\n<\/p>\n","protected":false},"excerpt":{"rendered":"<p>Wichtig: Der Inhalt dieses Portals, sowie die zur Verf\u00fcgung gestellten Dokumente unterliegen dem Urheberrecht und d\u00fcrfen nur mit schriftlicher Einwilligung des Eigent\u00fcmers weiter verwendet und weiter gegeben werden! Jeder Benutzer ist f\u00fcr den Inhalt der von ihm hochgeladenen Dokumente verantwortlich. Mit der Registrierung akzeptiert jeder Benutzer, diese Bestimmungen und erkl\u00e4rt sich damit einverstanden, dass seine&hellip;<\/p>\n <a href=\"https:\/\/kreisseniorenrat-boeblingen.de\/pcteams\/?page_id=873\" title=\"Benutzer Kennung und Passwort beantragen\" class=\"entry-more-link\"><span>Read More<\/span> <span class=\"screen-reader-text\">Benutzer Kennung und Passwort beantragen<\/span><\/a>","protected":false},"author":16,"featured_media":0,"parent":625,"menu_order":1,"comment_status":"closed","ping_status":"closed","template":"","meta":{"_acf_changed":false,"ngg_post_thumbnail":0,"Layout":"","footnotes":""},"class_list":["entry","author-dieterb","post-873","page","type-page","status-publish"],"acf":[],"_links":{"self":[{"href":"https:\/\/kreisseniorenrat-boeblingen.de\/pcteams\/index.php?rest_route=\/wp\/v2\/pages\/873","targetHints":{"allow":["GET"]}}],"collection":[{"href":"https:\/\/kreisseniorenrat-boeblingen.de\/pcteams\/index.php?rest_route=\/wp\/v2\/pages"}],"about":[{"href":"https:\/\/kreisseniorenrat-boeblingen.de\/pcteams\/index.php?rest_route=\/wp\/v2\/types\/page"}],"author":[{"embeddable":true,"href":"https:\/\/kreisseniorenrat-boeblingen.de\/pcteams\/index.php?rest_route=\/wp\/v2\/users\/16"}],"replies":[{"embeddable":true,"href":"https:\/\/kreisseniorenrat-boeblingen.de\/pcteams\/index.php?rest_route=%2Fwp%2Fv2%2Fcomments&post=873"}],"version-history":[{"count":2,"href":"https:\/\/kreisseniorenrat-boeblingen.de\/pcteams\/index.php?rest_route=\/wp\/v2\/pages\/873\/revisions"}],"predecessor-version":[{"id":5164,"href":"https:\/\/kreisseniorenrat-boeblingen.de\/pcteams\/index.php?rest_route=\/wp\/v2\/pages\/873\/revisions\/5164"}],"up":[{"embeddable":true,"href":"https:\/\/kreisseniorenrat-boeblingen.de\/pcteams\/index.php?rest_route=\/wp\/v2\/pages\/625"}],"wp:attachment":[{"href":"https:\/\/kreisseniorenrat-boeblingen.de\/pcteams\/index.php?rest_route=%2Fwp%2Fv2%2Fmedia&parent=873"}],"curies":[{"name":"wp","href":"https:\/\/api.w.org\/{rel}","templated":true}]}}