{"id":625,"date":"2017-09-19T20:58:22","date_gmt":"2017-09-19T20:58:22","guid":{"rendered":"https:\/\/pcteams.kreisseniorenrat-boeblingen.de\/?page_id=625"},"modified":"2025-11-03T17:59:29","modified_gmt":"2025-11-03T15:59:29","slug":"start-2-2","status":"publish","type":"page","link":"https:\/\/kreisseniorenrat-boeblingen.de\/pcteams\/?page_id=625","title":{"rendered":"Willkommen"},"content":{"rendered":"<h3>auf der Web-Seite der PC- und Internet-Teams des Kreisseniorenrat B\u00f6blingen e.V.<\/h3>\n<p><a href=\"https:\/\/kreisseniorenrat-boeblingen.de\/pcteams\/wp-content\/uploads\/2020\/03\/20200305_Schoenaich_Gruppenbild_s.jpg\"><img loading=\"lazy\" decoding=\"async\" class=\"alignnone size-large wp-image-3089\" src=\"https:\/\/kreisseniorenrat-boeblingen.de\/pcteams\/wp-content\/uploads\/2020\/03\/20200305_Schoenaich_Gruppenbild_s-1024x471.jpg\" alt=\"\" width=\"1024\" height=\"471\" srcset=\"https:\/\/kreisseniorenrat-boeblingen.de\/pcteams\/wp-content\/uploads\/2020\/03\/20200305_Schoenaich_Gruppenbild_s-1024x471.jpg 1024w, https:\/\/kreisseniorenrat-boeblingen.de\/pcteams\/wp-content\/uploads\/2020\/03\/20200305_Schoenaich_Gruppenbild_s-300x138.jpg 300w, https:\/\/kreisseniorenrat-boeblingen.de\/pcteams\/wp-content\/uploads\/2020\/03\/20200305_Schoenaich_Gruppenbild_s-768x353.jpg 768w, https:\/\/kreisseniorenrat-boeblingen.de\/pcteams\/wp-content\/uploads\/2020\/03\/20200305_Schoenaich_Gruppenbild_s-1280x589.jpg 1280w, https:\/\/kreisseniorenrat-boeblingen.de\/pcteams\/wp-content\/uploads\/2020\/03\/20200305_Schoenaich_Gruppenbild_s.jpg 2048w\" sizes=\"auto, (max-width: 1024px) 100vw, 1024px\" \/><\/a><\/p>\n<p id=\"cc-m-7882027714\" class=\"j-module n j-text \">Ziel dieser Web-Seite ist die Verbesserung der Kommunikation zwischen den verschiedenen PC-Treff-Teams im Kreis B\u00f6blingen. Au\u00dferdem sollen auch die Besucher der PC-Treffs besser \u00fcber die Angebote und Veranstaltungen informiert werden.<\/p>\n<p>Auf zwei Seiten, die jedem Besucher zug\u00e4nglich sind finden Sie aktuelle Informationen und Hinweise:<\/p>\n<ul>\n<li>&#8222;<a href=\"https:\/\/kreisseniorenrat-boeblingen.de\/pcteams\/?page_id=4641\"><strong>Aktuelles<\/strong><\/a>&#8222;: Hier finden Sie Termine und Veranstaltungen.<\/li>\n<li>&#8222;<a href=\"https:\/\/kreisseniorenrat-boeblingen.de\/pcteams\/?page_id=19\"><strong>PC Teams BB<\/strong><\/a>&#8222;: Hier finden Sie detaillierte Informationen zu allen lokalen PC Teams im Landkreis B\u00f6blingen.&nbsp;<\/li>\n<\/ul>\n<p>Weitere Information stehen Ihnen als angemeldeter Benutzer zur Verf\u00fcgung. Sie k\u00f6nnen eigene Beitr\u00e4ge erstellen, gesch\u00fctzte Inhalte sehen, im Forum Fragen stellen oder Antworten geben. Bitte melden Sie sich \u00fcber den Men\u00fceintrag \u201e<strong>Anmelden<\/strong>\u201c in der Navigationsleiste an.<\/p>\n<p>Um diese Berechtigung zu erhalten m\u00fcssen Sie sich einmal hier registrieren:&nbsp;<a href=\"https:\/\/kreisseniorenrat-boeblingen.de\/pcteams\/?page_id=873\">Benutzer Kennung und Passwort beantragen.<\/a>&nbsp;Wenn Sie ihre Registrierung nicht mehr ben\u00f6tigen und l\u00f6schen m\u00f6chten, dann senden Sie bitte eine Email an neue_medien@kreisseniorenrat-boeblingen.de.<\/p>\n<p>&nbsp;<\/p>\n<hr>\n<p>Am 29.4.2019 berichtete die SZBZ (Sindelfinger Zeitung\/B\u00f6blinger Zeitung) \u00fcber die Arbeit der PC-Teams im Kreis B\u00f6blingen:&nbsp;<\/p>\n<p><a href=\"https:\/\/kreisseniorenrat-boeblingen.de\/pcteams\/wp-content\/uploads\/2019\/05\/20190429_SZBZ_KRSTeams.jpg\"><img loading=\"lazy\" decoding=\"async\" class=\"alignnone size-large wp-image-2767\" src=\"https:\/\/kreisseniorenrat-boeblingen.de\/pcteams\/wp-content\/uploads\/2019\/05\/20190429_SZBZ_KRSTeams-1024x972.jpg\" alt=\"\" width=\"1024\" height=\"972\" srcset=\"https:\/\/kreisseniorenrat-boeblingen.de\/pcteams\/wp-content\/uploads\/2019\/05\/20190429_SZBZ_KRSTeams-1024x972.jpg 1024w, https:\/\/kreisseniorenrat-boeblingen.de\/pcteams\/wp-content\/uploads\/2019\/05\/20190429_SZBZ_KRSTeams-300x285.jpg 300w, https:\/\/kreisseniorenrat-boeblingen.de\/pcteams\/wp-content\/uploads\/2019\/05\/20190429_SZBZ_KRSTeams-768x729.jpg 768w, https:\/\/kreisseniorenrat-boeblingen.de\/pcteams\/wp-content\/uploads\/2019\/05\/20190429_SZBZ_KRSTeams-1280x1215.jpg 1280w, https:\/\/kreisseniorenrat-boeblingen.de\/pcteams\/wp-content\/uploads\/2019\/05\/20190429_SZBZ_KRSTeams.jpg 1865w\" sizes=\"auto, (max-width: 1024px) 100vw, 1024px\" \/><\/a><\/p>\n<p>&nbsp;<\/p>\n","protected":false},"excerpt":{"rendered":"<p>auf der Web-Seite der PC- und Internet-Teams des Kreisseniorenrat B\u00f6blingen e.V. Ziel dieser Web-Seite ist die Verbesserung der Kommunikation zwischen den verschiedenen PC-Treff-Teams im Kreis B\u00f6blingen. Au\u00dferdem sollen auch die Besucher der PC-Treffs besser \u00fcber die Angebote und Veranstaltungen informiert werden. Auf zwei Seiten, die jedem Besucher zug\u00e4nglich sind finden Sie aktuelle Informationen und Hinweise:&hellip;<\/p>\n <a href=\"https:\/\/kreisseniorenrat-boeblingen.de\/pcteams\/?page_id=625\" title=\"Willkommen\" class=\"entry-more-link\"><span>Read More<\/span> <span class=\"screen-reader-text\">Willkommen<\/span><\/a>","protected":false},"author":16,"featured_media":0,"parent":0,"menu_order":0,"comment_status":"closed","ping_status":"closed","template":"","meta":{"_acf_changed":false,"ngg_post_thumbnail":0,"Layout":"","footnotes":""},"class_list":["entry","author-dieterb","post-625","page","type-page","status-publish"],"acf":[],"_links":{"self":[{"href":"https:\/\/kreisseniorenrat-boeblingen.de\/pcteams\/index.php?rest_route=\/wp\/v2\/pages\/625","targetHints":{"allow":["GET"]}}],"collection":[{"href":"https:\/\/kreisseniorenrat-boeblingen.de\/pcteams\/index.php?rest_route=\/wp\/v2\/pages"}],"about":[{"href":"https:\/\/kreisseniorenrat-boeblingen.de\/pcteams\/index.php?rest_route=\/wp\/v2\/types\/page"}],"author":[{"embeddable":true,"href":"https:\/\/kreisseniorenrat-boeblingen.de\/pcteams\/index.php?rest_route=\/wp\/v2\/users\/16"}],"replies":[{"embeddable":true,"href":"https:\/\/kreisseniorenrat-boeblingen.de\/pcteams\/index.php?rest_route=%2Fwp%2Fv2%2Fcomments&post=625"}],"version-history":[{"count":20,"href":"https:\/\/kreisseniorenrat-boeblingen.de\/pcteams\/index.php?rest_route=\/wp\/v2\/pages\/625\/revisions"}],"predecessor-version":[{"id":8768,"href":"https:\/\/kreisseniorenrat-boeblingen.de\/pcteams\/index.php?rest_route=\/wp\/v2\/pages\/625\/revisions\/8768"}],"wp:attachment":[{"href":"https:\/\/kreisseniorenrat-boeblingen.de\/pcteams\/index.php?rest_route=%2Fwp%2Fv2%2Fmedia&parent=625"}],"curies":[{"name":"wp","href":"https:\/\/api.w.org\/{rel}","templated":true}]}}