{"id":5424,"date":"2023-02-23T22:52:02","date_gmt":"2023-02-23T20:52:02","guid":{"rendered":"https:\/\/pcteams.kreisseniorenrat-boeblingen.de\/?page_id=5424"},"modified":"2026-03-10T21:34:12","modified_gmt":"2026-03-10T20:34:12","slug":"infos-3-2-2","status":"publish","type":"page","link":"https:\/\/kreisseniorenrat-boeblingen.de\/pcteams\/?page_id=5424","title":{"rendered":"Aktuelles"},"content":{"rendered":"<h3 style=\"font-weight: 400;\"><strong>Unsere Online Stammtische<\/strong><\/h3>\n<p>Mit Beginn der Corona Pandemie haben wir begonnen regelm\u00e4\u00dfige Online Stammtische durchzuf\u00fchren. \u00dcblicherweise finden dieses Treffen monatlich statt: \n<table id=\"tablepress-31\" class=\"tablepress tablepress-id-31\">\n<thead>\n<tr class=\"row-1\">\n\t<th class=\"column-1\">Stammtisch<\/th><th class=\"column-2\">Betreuer<\/th><th class=\"column-3\">Termin<\/th><th class=\"column-4\">Zoom<\/th>\n<\/tr>\n<\/thead>\n<tbody class=\"row-striping row-hover\">\n<tr class=\"row-2\">\n\t<td class=\"column-1\">Apple Stammtisch<br \/>\n(Apple Betriebssysteme und Ger\u00e4te)<\/td><td class=\"column-2\">Harald Klenk<\/td><td class=\"column-3\">19 Uhr, <br \/>\nletzter Freitag im Monat<\/td><td class=\"column-4\"><span class=\"rcp-restricted-content-message\"><h4><span style=\"color: #FF3300;\">Dieser Inhalt ist nur registrierten Mitgliedern zug\u00e4nglich. Bitte melden Sie sich auf der Seite \"kreisseniorenrat-boeblingen.de\/pcteams\" an.<\/span><\/h4><\/span><\/td>\n<\/tr>\n<tr class=\"row-3\">\n\t<td class=\"column-1\">Foto und Video<\/td><td class=\"column-2\">Bernd Schmit<\/td><td class=\"column-3\">Diese Veranstaltung pausiert bis auf Weiteres!<\/td><td class=\"column-4\"><\/td>\n<\/tr>\n<tr class=\"row-4\">\n\t<td class=\"column-1\">Computer und Elektronik im t\u00e4glichen Leben<br \/>\n<\/td><td class=\"column-2\">Hans Fiedel<\/td><td class=\"column-3\">17 Uhr, <br \/>\ndonnerstags alle 2 Wochen<\/td><td class=\"column-4\"><span class=\"rcp-restricted-content-message\"><h4><span style=\"color: #FF3300;\">Dieser Inhalt ist nur registrierten Mitgliedern zug\u00e4nglich. Bitte melden Sie sich auf der Seite \"kreisseniorenrat-boeblingen.de\/pcteams\" an.<\/span><\/h4><\/span><\/td>\n<\/tr>\n<tr class=\"row-5\">\n\t<td class=\"column-1\">PC- und Internet Teams<\/td><td class=\"column-2\">Volker Berger<\/td><td class=\"column-3\">9:30 Uhr, <br \/>\n2. Montag im Monat<\/td><td class=\"column-4\"><span class=\"rcp-restricted-content-message\"><h4><span style=\"color: #FF3300;\">Dieser Inhalt ist nur registrierten Mitgliedern zug\u00e4nglich. Bitte melden Sie sich auf der Seite \"kreisseniorenrat-boeblingen.de\/pcteams\" an.<\/span><\/h4><\/span><\/td>\n<\/tr>\n<\/tbody>\n<\/table>\n<!-- #tablepress-31 from cache --><\/p>\n<h3 id=\"Veranstaltungen\" style=\"font-weight: 400;\">&nbsp;<\/h3>\n<h3 style=\"font-weight: 400;\"><strong>Unsere Veranstaltungen&nbsp;<\/strong><\/h3>\n<p>Veranstaltungen die von den KSR PC- und Internet-Teams geplant oder <a id=\"Ref0\" name=\"Ref0\"><\/a>organisiert sind werden hier aufgelistet. Updates bitte mit Dirk Sch\u00f6ckel abstimmen!<br \/>\n<div id=\"accordions-9015\" class=\"accordions-9015 accordions\" data-accordions={&quot;lazyLoad&quot;:true,&quot;id&quot;:&quot;9015&quot;,&quot;event&quot;:&quot;click&quot;,&quot;collapsible&quot;:&quot;true&quot;,&quot;heightStyle&quot;:&quot;content&quot;,&quot;animateStyle&quot;:&quot;swing&quot;,&quot;animateDelay&quot;:1000,&quot;navigation&quot;:true,&quot;active&quot;:999,&quot;expandedOther&quot;:&quot;no&quot;}>\r\n                <div id=\"accordions-lazy-9015\" class=\"accordions-lazy\" accordionsId=\"9015\">\r\n                    <\/div>\r\n\r\n    <div class=\"items\"  style=\"display:none\" >\r\n    \r\n            <div post_id=\"9015\" itemcount=\"0\"  header_id=\"header-1762593758764\" id=\"header-1762593758764\" style=\"\" class=\"accordions-head head1762593758764 border-none\" toggle-text=\"\" main-text=\"Die n\u00e4chsten \u00f6ffentlichen Termine der PC- und Internet-Teams\">\r\n                                    <span id=\"accordion-icons-1762593758764\" class=\"accordion-icons\">\r\n                        <span class=\"accordion-icon-active accordion-plus\"><i class=\"fas fa-chevron-right\"><\/i><\/span>\r\n                        <span class=\"accordion-icon-inactive accordion-minus\"><i class=\"fas fa-chevron-down\"><\/i><\/span>\r\n                    <\/span>\r\n                    <span id=\"header-text-1762593758764\" class=\"accordions-head-title\">Die n\u00e4chsten \u00f6ffentlichen Termine der PC- und Internet-Teams<\/span>\r\n                            <\/div>\r\n            <div class=\"accordion-content content1762593758764 \">\r\n                <p><div class=\"em em-view-container\" id=\"em-view-724532635\" data-view=\"list\">\r\n\t<div class=\"em pixelbones em-list em-events-list\" id=\"em-events-list-724532635\" data-view-id=\"724532635\">\r\n\t<\/p>\n<table class=\"custom-events-table\">\n<tbody>\n<tr>\n<td rowspan=\"2\" width=\"25%\">\n<div class=\"event-image\"><img src='https:\/\/kreisseniorenrat-boeblingen.de\/pcteams\/wp-content\/uploads\/2024\/12\/Logo_Computer_Elektronik_Stammtisch-e1734037094821.jpg' alt='Computer und Elektronik im t\u00e4glichen Leben (Online-Stammtisch, alle 2 Wochen)'\/><\/div>\n<\/td>\n<td width=\"75%\">\n<div class=\"event-name\"><strong>Computer und Elektronik im t\u00e4glichen Leben (Online-Stammtisch, alle 2 Wochen)<\/strong><\/div>\n<\/td>\n<\/tr>\n<tr>\n<td>\n<div class=\"event-details\">\n<ul>\n<li><strong>Termin:<\/strong> 30. April 2026, Beginn: 17:00<\/li>\n<li><a href=\"https:\/\/kreisseniorenrat-boeblingen.de\/pcteams\/?event=online-stammtisch-alle-2-wochen-computer-und-elektronik-im-taeglichen-leben-2026-04-30\">Details<\/a><\/li>\n<\/ul>\n<\/div>\n<\/td>\n<\/tr>\n<\/tbody>\n<\/table>\n<p><\/p>\n<table class=\"custom-events-table\">\n<tbody>\n<tr>\n<td rowspan=\"2\" width=\"25%\">\n<div class=\"event-image\"><img src='https:\/\/kreisseniorenrat-boeblingen.de\/pcteams\/wp-content\/uploads\/2023\/06\/pctreff-logo-150px.jpg' alt='PC-Treff-BB Aidlingen'\/><\/div>\n<\/td>\n<td width=\"75%\">\n<div class=\"event-name\"><strong>PC-Treff-BB Aidlingen<\/strong><\/div>\n<\/td>\n<\/tr>\n<tr>\n<td>\n<div class=\"event-details\">\n<ul>\n<li><strong>Termin:<\/strong> 9. Mai 2026, Beginn: 14:00<\/li>\n<li><a href=\"https:\/\/kreisseniorenrat-boeblingen.de\/pcteams\/?event=aidlingen-pc-treff-bb-linux-experten-2026-05-09\">Details<\/a><\/li>\n<\/ul>\n<\/div>\n<\/td>\n<\/tr>\n<\/tbody>\n<\/table>\n<p><\/p>\n<table class=\"custom-events-table\">\n<tbody>\n<tr>\n<td rowspan=\"2\" width=\"25%\">\n<div class=\"event-image\"><img src='https:\/\/kreisseniorenrat-boeblingen.de\/pcteams\/wp-content\/uploads\/2024\/12\/file-A4zkzHwG8j5VkU1F9TZkUw-e1736264207917.jpg' alt='Online Stammtisch der PC- und Internet-Teams'\/><\/div>\n<\/td>\n<td width=\"75%\">\n<div class=\"event-name\"><strong>Online Stammtisch der PC- und Internet-Teams<\/strong><\/div>\n<\/td>\n<\/tr>\n<tr>\n<td>\n<div class=\"event-details\">\n<ul>\n<li><strong>Termin:<\/strong> 11. Mai 2026, Beginn: 09:30<\/li>\n<li><a href=\"https:\/\/kreisseniorenrat-boeblingen.de\/pcteams\/?event=online-stammtisch-der-pc-und-internet-teams-2026-05-11\">Details<\/a><\/li>\n<\/ul>\n<\/div>\n<\/td>\n<\/tr>\n<\/tbody>\n<\/table>\n<p><\/p>\n<table class=\"custom-events-table\">\n<tbody>\n<tr>\n<td rowspan=\"2\" width=\"25%\">\n<div class=\"event-image\"><img src='https:\/\/kreisseniorenrat-boeblingen.de\/pcteams\/wp-content\/uploads\/2024\/12\/Hazi_Internetcafe_Logo_trans.png' alt='iPad Treff im Internetcaf\u00e9 Holzgerlingen'\/><\/div>\n<\/td>\n<td width=\"75%\">\n<div class=\"event-name\"><strong>iPad Treff im Internetcaf\u00e9 Holzgerlingen<\/strong><\/div>\n<\/td>\n<\/tr>\n<tr>\n<td>\n<div class=\"event-details\">\n<ul>\n<li><strong>Termin:<\/strong> 11. Mai 2026, Beginn: 15:00<\/li>\n<li><a href=\"https:\/\/kreisseniorenrat-boeblingen.de\/pcteams\/?event=ipad-treff-im-internetcafe-holzgerlingen-2026-05-11\">Details<\/a><\/li>\n<\/ul>\n<\/div>\n<\/td>\n<\/tr>\n<\/tbody>\n<\/table>\n<p><\/p>\n<table class=\"custom-events-table\">\n<tbody>\n<tr>\n<td rowspan=\"2\" width=\"25%\">\n<div class=\"event-image\"><img src='https:\/\/kreisseniorenrat-boeblingen.de\/pcteams\/wp-content\/uploads\/2024\/12\/Logo_Computer_Elektronik_Stammtisch-e1734037094821.jpg' alt='Computer und Elektronik im t\u00e4glichen Leben (Online-Stammtisch, alle 2 Wochen)'\/><\/div>\n<\/td>\n<td width=\"75%\">\n<div class=\"event-name\"><strong>Computer und Elektronik im t\u00e4glichen Leben (Online-Stammtisch, alle 2 Wochen)<\/strong><\/div>\n<\/td>\n<\/tr>\n<tr>\n<td>\n<div class=\"event-details\">\n<ul>\n<li><strong>Termin:<\/strong> 14. Mai 2026, Beginn: 17:00<\/li>\n<li><a href=\"https:\/\/kreisseniorenrat-boeblingen.de\/pcteams\/?event=online-stammtisch-alle-2-wochen-computer-und-elektronik-im-taeglichen-leben-2026-05-14\">Details<\/a><\/li>\n<\/ul>\n<\/div>\n<\/td>\n<\/tr>\n<\/tbody>\n<\/table>\n<p><\/p>\n<table class=\"custom-events-table\">\n<tbody>\n<tr>\n<td rowspan=\"2\" width=\"25%\">\n<div class=\"event-image\"><img src='https:\/\/kreisseniorenrat-boeblingen.de\/pcteams\/wp-content\/uploads\/2024\/11\/media-774068_960_720-e1733831426954.webp' alt='Generationentreff Nufringen PC Treff Serie'\/><\/div>\n<\/td>\n<td width=\"75%\">\n<div class=\"event-name\"><strong>Generationentreff Nufringen PC Treff Serie<\/strong><\/div>\n<\/td>\n<\/tr>\n<tr>\n<td>\n<div class=\"event-details\">\n<ul>\n<li><strong>Termin:<\/strong> 21. Mai 2026.22. Mai 2026, Beginn: 17:30<\/li>\n<li><a href=\"https:\/\/kreisseniorenrat-boeblingen.de\/pcteams\/?event=generationentreff-nufringen-pc-treff-serie-2026-05-21\">Details<\/a><\/li>\n<\/ul>\n<\/div>\n<\/td>\n<\/tr>\n<\/tbody>\n<\/table>\n<p><\/p>\n<table class=\"custom-events-table\">\n<tbody>\n<tr>\n<td rowspan=\"2\" width=\"25%\">\n<div class=\"event-image\"><img src='https:\/\/kreisseniorenrat-boeblingen.de\/pcteams\/wp-content\/uploads\/2024\/12\/Logo_Computer_Elektronik_Stammtisch-e1734037094821.jpg' alt='Computer und Elektronik im t\u00e4glichen Leben (Online-Stammtisch, alle 2 Wochen)'\/><\/div>\n<\/td>\n<td width=\"75%\">\n<div class=\"event-name\"><strong>Computer und Elektronik im t\u00e4glichen Leben (Online-Stammtisch, alle 2 Wochen)<\/strong><\/div>\n<\/td>\n<\/tr>\n<tr>\n<td>\n<div class=\"event-details\">\n<ul>\n<li><strong>Termin:<\/strong> 28. Mai 2026, Beginn: 17:00<\/li>\n<li><a href=\"https:\/\/kreisseniorenrat-boeblingen.de\/pcteams\/?event=online-stammtisch-alle-2-wochen-computer-und-elektronik-im-taeglichen-leben-2026-05-28\">Details<\/a><\/li>\n<\/ul>\n<\/div>\n<\/td>\n<\/tr>\n<\/tbody>\n<\/table>\n<p><\/p>\n<table class=\"custom-events-table\">\n<tbody>\n<tr>\n<td rowspan=\"2\" width=\"25%\">\n<div class=\"event-image\"><img src='https:\/\/kreisseniorenrat-boeblingen.de\/pcteams\/wp-content\/uploads\/2024\/12\/Logo_Apple_Stammtisch-e1734034911581.png' alt='Apple-Stammtisch (online, immer am letzten Freitag im Monat)'\/><\/div>\n<\/td>\n<td width=\"75%\">\n<div class=\"event-name\"><strong>Apple-Stammtisch (online, immer am letzten Freitag im Monat)<\/strong><\/div>\n<\/td>\n<\/tr>\n<tr>\n<td>\n<div class=\"event-details\">\n<ul>\n<li><strong>Termin:<\/strong> 29. Mai 2026, Beginn: 19:00<\/li>\n<li><a href=\"https:\/\/kreisseniorenrat-boeblingen.de\/pcteams\/?event=online-stammtisch-monatlich-online-apple-stammtisch-2026-05-29\">Details<\/a><\/li>\n<\/ul>\n<\/div>\n<\/td>\n<\/tr>\n<\/tbody>\n<\/table>\n<p>\t<\/div>\r\n<\/div><\/p>\n            <\/div>\r\n    \r\n            <div post_id=\"9015\" itemcount=\"1\"  header_id=\"header-1762593807617\" id=\"header-1762593807617\" style=\"\" class=\"accordions-head head1762593807617 border-none\" toggle-text=\"\" main-text=\"Die n\u00e4chsten internen Termine der PC- und Internet-Teams\">\r\n                                    <span id=\"accordion-icons-1762593807617\" class=\"accordion-icons\">\r\n                        <span class=\"accordion-icon-active accordion-plus\"><i class=\"fas fa-chevron-right\"><\/i><\/span>\r\n                        <span class=\"accordion-icon-inactive accordion-minus\"><i class=\"fas fa-chevron-down\"><\/i><\/span>\r\n                    <\/span>\r\n                    <span id=\"header-text-1762593807617\" class=\"accordions-head-title\">Die n\u00e4chsten internen Termine der PC- und Internet-Teams<\/span>\r\n                            <\/div>\r\n            <div class=\"accordion-content content1762593807617 \">\r\n                <p><span class=\"rcp-restricted-content-message\"><h4><span style=\"color: #FF3300;\">Dieser Inhalt ist nur registrierten Mitgliedern zug\u00e4nglich. Bitte melden Sie sich auf der Seite \"kreisseniorenrat-boeblingen.de\/pcteams\" an.<\/span><\/h4><\/span><\/p>\n            <\/div>\r\n    \r\n            <div post_id=\"9015\" itemcount=\"2\"  header_id=\"header-1762593821995\" id=\"header-1762593821995\" style=\"\" class=\"accordions-head head1762593821995 border-none\" toggle-text=\"\" main-text=\"ALLE Termine der PC- und Internet-Teams\">\r\n                                    <span id=\"accordion-icons-1762593821995\" class=\"accordion-icons\">\r\n                        <span class=\"accordion-icon-active accordion-plus\"><i class=\"fas fa-chevron-right\"><\/i><\/span>\r\n                        <span class=\"accordion-icon-inactive accordion-minus\"><i class=\"fas fa-chevron-down\"><\/i><\/span>\r\n                    <\/span>\r\n                    <span id=\"header-text-1762593821995\" class=\"accordions-head-title\">ALLE Termine der PC- und Internet-Teams<\/span>\r\n                            <\/div>\r\n            <div class=\"accordion-content content1762593821995 \">\r\n                <p><span class=\"rcp-restricted-content-message\"><h4><span style=\"color: #FF3300;\">Dieser Inhalt ist nur registrierten Mitgliedern zug\u00e4nglich. Bitte melden Sie sich auf der Seite \"kreisseniorenrat-boeblingen.de\/pcteams\" an.<\/span><\/h4><\/span><\/p>\n            <\/div>\r\n    <\/div>\r\n\r\n\r\n\r\n            <\/div><\/p>\n<ul>\n<li>Hinweise zu anderen interessanten Veranstaltungen werden <a href=\"https:\/\/kreisseniorenrat-boeblingen.de\/pcteams\/?page_id=266&amp;view=topic&amp;id=112\">im Forum<\/a> gespostet.<\/li>\n<li>Termine des Kreisseniorenrat B\u00f6blingen e.V. finden man <a href=\"http:\/\/kreisseniorenrat-boeblingen.de\/aktuelles\/veranstaltung-und-termine\/\">hier<\/a>.<\/li>\n<\/ul>\n<span class=\"rcp-restricted-content-message\"><h4><span style=\"color: #FF3300;\">Dieser Inhalt ist nur registrierten Mitgliedern zug\u00e4nglich. Bitte melden Sie sich auf der Seite \"kreisseniorenrat-boeblingen.de\/pcteams\" an.<\/span><\/h4><\/span>\n<p><!-----------------------------------------------------------------------------><\/p>\n<h3 style=\"font-weight: 400; padding-top: 50px;\"><strong>Weitere Informationen<\/strong>&nbsp;<\/h3>\n<ul>\n<li><strong>Notfallplan f\u00fcr gehackte E-Mail-Konten<\/strong><br \/>\nErkennung, Wiederherstellung und Schutzma\u00dfnahmen.<br \/>\nDas BSI bietet einen <a href=\"https:\/\/www.bsi.bund.de\/DE\/Themen\/Verbraucherinnen-und-Verbraucher\/Cyber-Sicherheitslage\/Methoden-der-Cyber-Kriminalitaet\/Identitaetsdiebstahl\/Hilfe-fuer-Betroffene\/hilfe-fuer-betroffene_node.html\">Notfallplan<\/a> f\u00fcr den Umgang mit gehackten E-Mail-Konten an. Dort erkl\u00e4ren die Expertinnen und Experten der Cybersicherheitsbeh\u00f6rde des Bundes, wie man einen gehackten Mail-Account erkennt und gegen Missbrauch vorgehen kann.&nbsp;<\/li>\n<li style=\"font-weight: 400;\"><strong>Unser Projekt &#8222;Nie zu alt f\u00fcr ein Smartphone&#8220;<\/strong><br \/>\nBereits zum 7. Mal beteiligen sich die KSR PC-Teams an diesem Projekt (<a href=\"https:\/\/kreisseniorenrat-boeblingen.de\/pcteams\/?p=5032\">weitere Informationen).<\/a><\/li>\n<li style=\"font-weight: 400;\"><strong>Vorsicht &#8222;Falsche Polizisten&#8220;<\/strong><br \/>\nDer Theaterkreis der Begegnungsst\u00e4tte &#8222;Haus am Ziegelhof&#8220; in Holzgerlingen warnt in seinen Auff\u00fchrungen \u201eVorsicht vor Betr\u00fcgern\u201c. Berichte, Informationen und Termine beim <a href=\"https:\/\/stadtseniorenrat-holzgerlingen.de\/theaterkreis-der-begegnungsstaette-vorsicht-vor-betruegern-2023\/\">SSR Holzgerlingen.<\/a><\/li>\n<li style=\"font-weight: 400;\"><strong>Erkl\u00e4r Videos<\/strong><br \/>\nDas Team aus Weil der Stadt hat kleine Erkl\u00e4r Videos produziert, die \u00fcber diesen <a href=\"https:\/\/mf-wds.de\/index.php\/component\/sppagebuilder\/?view=page&amp;id=39\">Link<\/a> zu finden sind. (Ansprechpartner: Claus Ofterdinger)<\/li>\n<li style=\"font-weight: 400;\"><strong>Nutzung der Online Plattform levato.de<\/strong><br \/>\nF\u00fcr die Mitglieder der KSR PC- und Internet-Teams ist ein kostenloser Online Zugang verf\u00fcgbar (Ansprechpartner: Dieter Blascheck)<\/li>\n<li style=\"font-weight: 400;\"><strong>Fragen:<\/strong> pcteams@kreisseniorenrat-boeblingen.de (Ansprechpartner: Dieter Blascheck)<\/li>\n<\/ul>\n","protected":false},"excerpt":{"rendered":"<p>Unsere Online Stammtische Mit Beginn der Corona Pandemie haben wir begonnen regelm\u00e4\u00dfige Online Stammtische durchzuf\u00fchren. \u00dcblicherweise finden dieses Treffen monatlich statt: &nbsp; Unsere Veranstaltungen&nbsp; Veranstaltungen die von den KSR PC- und Internet-Teams geplant oder organisiert sind werden hier aufgelistet. Updates bitte mit Dirk Sch\u00f6ckel abstimmen! Hinweise zu anderen interessanten Veranstaltungen werden im Forum gespostet. Termine&hellip;<\/p>\n <a href=\"https:\/\/kreisseniorenrat-boeblingen.de\/pcteams\/?page_id=5424\" title=\"Aktuelles\" class=\"entry-more-link\"><span>Read More<\/span> <span class=\"screen-reader-text\">Aktuelles<\/span><\/a>","protected":false},"author":16,"featured_media":0,"parent":625,"menu_order":0,"comment_status":"closed","ping_status":"closed","template":"","meta":{"_acf_changed":false,"ngg_post_thumbnail":0,"Layout":"","footnotes":""},"class_list":["entry","author-dieterb","post-5424","page","type-page","status-publish"],"acf":[],"_links":{"self":[{"href":"https:\/\/kreisseniorenrat-boeblingen.de\/pcteams\/index.php?rest_route=\/wp\/v2\/pages\/5424","targetHints":{"allow":["GET"]}}],"collection":[{"href":"https:\/\/kreisseniorenrat-boeblingen.de\/pcteams\/index.php?rest_route=\/wp\/v2\/pages"}],"about":[{"href":"https:\/\/kreisseniorenrat-boeblingen.de\/pcteams\/index.php?rest_route=\/wp\/v2\/types\/page"}],"author":[{"embeddable":true,"href":"https:\/\/kreisseniorenrat-boeblingen.de\/pcteams\/index.php?rest_route=\/wp\/v2\/users\/16"}],"replies":[{"embeddable":true,"href":"https:\/\/kreisseniorenrat-boeblingen.de\/pcteams\/index.php?rest_route=%2Fwp%2Fv2%2Fcomments&post=5424"}],"version-history":[{"count":12,"href":"https:\/\/kreisseniorenrat-boeblingen.de\/pcteams\/index.php?rest_route=\/wp\/v2\/pages\/5424\/revisions"}],"predecessor-version":[{"id":9075,"href":"https:\/\/kreisseniorenrat-boeblingen.de\/pcteams\/index.php?rest_route=\/wp\/v2\/pages\/5424\/revisions\/9075"}],"up":[{"embeddable":true,"href":"https:\/\/kreisseniorenrat-boeblingen.de\/pcteams\/index.php?rest_route=\/wp\/v2\/pages\/625"}],"wp:attachment":[{"href":"https:\/\/kreisseniorenrat-boeblingen.de\/pcteams\/index.php?rest_route=%2Fwp%2Fv2%2Fmedia&parent=5424"}],"curies":[{"name":"wp","href":"https:\/\/api.w.org\/{rel}","templated":true}]}}