{"id":5313,"date":"2023-01-01T16:33:41","date_gmt":"2023-01-01T14:33:41","guid":{"rendered":"https:\/\/pcteams.kreisseniorenrat-boeblingen.de\/?page_id=5313"},"modified":"2026-04-26T10:20:24","modified_gmt":"2026-04-26T09:20:24","slug":"start-2-2-2-2","status":"publish","type":"page","link":"https:\/\/kreisseniorenrat-boeblingen.de\/pcteams\/","title":{"rendered":"Willkommen"},"content":{"rendered":"<h3>auf dem Web-Portal der PC- und Internet-Teams des Kreisseniorenrat B\u00f6blingen e.V.<\/h3>\n<p><img loading=\"lazy\" decoding=\"async\" class=\"alignnone size-full wp-image-9142\" src=\"https:\/\/kreisseniorenrat-boeblingen.de\/pcteams\/wp-content\/uploads\/2026\/03\/Team_Foto_2026-scaled.jpeg\" alt=\"\" width=\"2560\" height=\"1680\" srcset=\"https:\/\/kreisseniorenrat-boeblingen.de\/pcteams\/wp-content\/uploads\/2026\/03\/Team_Foto_2026-scaled.jpeg 2560w, https:\/\/kreisseniorenrat-boeblingen.de\/pcteams\/wp-content\/uploads\/2026\/03\/Team_Foto_2026-300x197.jpeg 300w, https:\/\/kreisseniorenrat-boeblingen.de\/pcteams\/wp-content\/uploads\/2026\/03\/Team_Foto_2026-1024x672.jpeg 1024w, https:\/\/kreisseniorenrat-boeblingen.de\/pcteams\/wp-content\/uploads\/2026\/03\/Team_Foto_2026-768x504.jpeg 768w, https:\/\/kreisseniorenrat-boeblingen.de\/pcteams\/wp-content\/uploads\/2026\/03\/Team_Foto_2026-1536x1008.jpeg 1536w, https:\/\/kreisseniorenrat-boeblingen.de\/pcteams\/wp-content\/uploads\/2026\/03\/Team_Foto_2026-2048x1344.jpeg 2048w, https:\/\/kreisseniorenrat-boeblingen.de\/pcteams\/wp-content\/uploads\/2026\/03\/Team_Foto_2026-1280x840.jpeg 1280w\" sizes=\"auto, (max-width: 2560px) 100vw, 2560px\" \/><\/p>\n<p>Bild: Die Mitglieder der PC- und Internet-Teams beim j\u00e4hrlichen Treffen in Aidlingen am 5.3.2026<\/p>\n<p id=\"cc-m-7882027714\" class=\"j-module n j-text \">Ziel dieses Web-Portals ist die Verbesserung der Kommunikation zwischen den verschiedenen Teams der PC-Treffs im Landkreis B\u00f6blingen. Zus\u00e4tzlich sollen die Besucher unserer PC-Treffs besser \u00fcber die Angebote und Veranstaltungen informiert werden.<\/p>\n<p>Allgemeine Informationen k\u00f6nnen alle Besucher sehen. Mehr Informationen erhalten Sie jedoch, wenn Sie sich <b>einmal<\/b> hier registrieren:&nbsp;<a href=\"https:\/\/kreisseniorenrat-boeblingen.de\/pcteams\/?page_id=873\">Benutzer Kennung und Passwort beantragen.<\/a><\/p>\n<p><em><strong><span style=\"color: red;\">Wichtiger Hinweis:<\/span><\/strong> das E-Mail Problem dieses Portals ist beseitigt. Falls es doch noch Probleme gibt bitte per E-Mail an neue_medien@kreisseniorenrat-boeblingen.de melden.&nbsp;<\/em><\/p>\n<table style=\"border-style: none; width: 100%;\">\n<tbody>\n<tr style=\"border-style: none;\">\n<td style=\"width: 25; text-align: center;\"><img decoding=\"async\" class=\"alignnone size-full wp-image-5149\" src=\"https:\/\/kreisseniorenrat-boeblingen.de\/pcteams\/wp-content\/uploads\/2022\/09\/board-g0ede6abba_1920.jpg\" alt=\"\" width=\"100%\" srcset=\"https:\/\/kreisseniorenrat-boeblingen.de\/pcteams\/wp-content\/uploads\/2022\/09\/board-g0ede6abba_1920.jpg 1920w, https:\/\/kreisseniorenrat-boeblingen.de\/pcteams\/wp-content\/uploads\/2022\/09\/board-g0ede6abba_1920-300x200.jpg 300w, https:\/\/kreisseniorenrat-boeblingen.de\/pcteams\/wp-content\/uploads\/2022\/09\/board-g0ede6abba_1920-1024x683.jpg 1024w, https:\/\/kreisseniorenrat-boeblingen.de\/pcteams\/wp-content\/uploads\/2022\/09\/board-g0ede6abba_1920-768x512.jpg 768w, https:\/\/kreisseniorenrat-boeblingen.de\/pcteams\/wp-content\/uploads\/2022\/09\/board-g0ede6abba_1920-1536x1024.jpg 1536w, https:\/\/kreisseniorenrat-boeblingen.de\/pcteams\/wp-content\/uploads\/2022\/09\/board-g0ede6abba_1920-1280x853.jpg 1280w\" sizes=\"(max-width: 1920px) 100vw, 1920px\" \/><\/td>\n<td style=\"width: 75%; text-align: center;\"><strong>Aktuelles<br \/>\n<\/strong><em><a href=\"https:\/\/kreisseniorenrat-boeblingen.de\/pcteams\/?page_id=5424\">Hier<\/a>&nbsp; finden Sie Termine und Veranstaltungen <\/em><\/td>\n<\/tr>\n<tr style=\"border-style: none;\" data-wp-editing=\"1\">\n<td style=\"width: 25; text-align: center;\"><img loading=\"lazy\" decoding=\"async\" class=\"alignnone size-full wp-image-9329\" src=\"https:\/\/kreisseniorenrat-boeblingen.de\/pcteams\/wp-content\/uploads\/2026\/04\/20260420_135540c-scaled.jpeg\" alt=\"\" width=\"2560\" height=\"1827\" srcset=\"https:\/\/kreisseniorenrat-boeblingen.de\/pcteams\/wp-content\/uploads\/2026\/04\/20260420_135540c-scaled.jpeg 2560w, https:\/\/kreisseniorenrat-boeblingen.de\/pcteams\/wp-content\/uploads\/2026\/04\/20260420_135540c-300x214.jpeg 300w, https:\/\/kreisseniorenrat-boeblingen.de\/pcteams\/wp-content\/uploads\/2026\/04\/20260420_135540c-1024x731.jpeg 1024w, https:\/\/kreisseniorenrat-boeblingen.de\/pcteams\/wp-content\/uploads\/2026\/04\/20260420_135540c-768x548.jpeg 768w, https:\/\/kreisseniorenrat-boeblingen.de\/pcteams\/wp-content\/uploads\/2026\/04\/20260420_135540c-1536x1096.jpeg 1536w, https:\/\/kreisseniorenrat-boeblingen.de\/pcteams\/wp-content\/uploads\/2026\/04\/20260420_135540c-2048x1462.jpeg 2048w, https:\/\/kreisseniorenrat-boeblingen.de\/pcteams\/wp-content\/uploads\/2026\/04\/20260420_135540c-1280x913.jpeg 1280w\" sizes=\"auto, (max-width: 2560px) 100vw, 2560px\" \/><\/td>\n<td style=\"width: 75%; text-align: center;\"><strong>Radtour der PC- und Internet-Teams<br \/>\n<\/strong>Im April 2026 trafen sich die Mitglieder in Renningen<br \/>\nzu einer Fahrt ins Strudelbachtal. <a href=\"https:\/\/kreisseniorenrat-boeblingen.de\/pcteams\/?p=9321\">Bericht<\/a><\/td>\n<\/tr>\n<tr style=\"border-style: none;\" data-wp-editing=\"1\">\n<td style=\"width: 25; text-align: center;\"><img loading=\"lazy\" decoding=\"async\" class=\"alignnone wp-image-9280 size-full\" src=\"https:\/\/kreisseniorenrat-boeblingen.de\/pcteams\/wp-content\/uploads\/2026\/03\/20260305-PC-Teams_300.jpg\" alt=\"\" width=\"300\" height=\"196\"><\/td>\n<td style=\"width: 75%; text-align: center;\"><strong>PC- und Internet-Teams BB<br \/>\n<\/strong><em><a href=\"https:\/\/kreisseniorenrat-boeblingen.de\/pcteams\/?page_id=19\">Hier<\/a> finden Sie detaillierte Informationen zu allen<br \/>\nlokalen PC- und Internet-Teams im Landkreis B\u00f6blingen<\/em><\/td>\n<\/tr>\n<tr style=\"border-style: none;\">\n<td style=\"width: 25; text-align: center;\"><img decoding=\"async\" class=\"alignnone size-full wp-image-5057\" src=\"https:\/\/kreisseniorenrat-boeblingen.de\/pcteams\/wp-content\/uploads\/2022\/07\/KSR_Smartphone2s-scaled.jpeg\" alt=\"\" width=\"100%\" srcset=\"https:\/\/kreisseniorenrat-boeblingen.de\/pcteams\/wp-content\/uploads\/2022\/07\/KSR_Smartphone2s-scaled.jpeg 2560w, https:\/\/kreisseniorenrat-boeblingen.de\/pcteams\/wp-content\/uploads\/2022\/07\/KSR_Smartphone2s-300x206.jpeg 300w, https:\/\/kreisseniorenrat-boeblingen.de\/pcteams\/wp-content\/uploads\/2022\/07\/KSR_Smartphone2s-1024x702.jpeg 1024w, https:\/\/kreisseniorenrat-boeblingen.de\/pcteams\/wp-content\/uploads\/2022\/07\/KSR_Smartphone2s-768x526.jpeg 768w, https:\/\/kreisseniorenrat-boeblingen.de\/pcteams\/wp-content\/uploads\/2022\/07\/KSR_Smartphone2s-1536x1053.jpeg 1536w, https:\/\/kreisseniorenrat-boeblingen.de\/pcteams\/wp-content\/uploads\/2022\/07\/KSR_Smartphone2s-2048x1404.jpeg 2048w, https:\/\/kreisseniorenrat-boeblingen.de\/pcteams\/wp-content\/uploads\/2022\/07\/KSR_Smartphone2s-1280x877.jpeg 1280w\" sizes=\"(max-width: 2560px) 100vw, 2560px\" \/><\/td>\n<td style=\"width: 75%; text-align: center;\"><strong>Projekt \u201enie zu alt f\u00fcr ein Smartphone\u201c<br \/>\n<\/strong><em>Im Juni 2021 haben wir dieses Projekt gestartet und<br \/>\n<\/em><em>inzwischen mehrfach, erfolgreich durchgef\u00fchrt.&nbsp;<\/em><br \/>\n<em><a href=\"https:\/\/kreisseniorenrat-boeblingen.de\/pcteams\/?p=5032\">Mehr Informationen<\/a><\/em><\/td>\n<\/tr>\n<tr style=\"border-style: none;\">\n<td style=\"width: 25; text-align: center;\"><img decoding=\"async\" class=\"alignnone size-full wp-image-4985\" src=\"https:\/\/kreisseniorenrat-boeblingen.de\/pcteams\/wp-content\/uploads\/2022\/06\/KSR_KI_Team_2022.jpg\" alt=\"\" width=\"100%\" srcset=\"https:\/\/kreisseniorenrat-boeblingen.de\/pcteams\/wp-content\/uploads\/2022\/06\/KSR_KI_Team_2022.jpg 1342w, https:\/\/kreisseniorenrat-boeblingen.de\/pcteams\/wp-content\/uploads\/2022\/06\/KSR_KI_Team_2022-300x128.jpg 300w, https:\/\/kreisseniorenrat-boeblingen.de\/pcteams\/wp-content\/uploads\/2022\/06\/KSR_KI_Team_2022-1024x436.jpg 1024w, https:\/\/kreisseniorenrat-boeblingen.de\/pcteams\/wp-content\/uploads\/2022\/06\/KSR_KI_Team_2022-768x327.jpg 768w, https:\/\/kreisseniorenrat-boeblingen.de\/pcteams\/wp-content\/uploads\/2022\/06\/KSR_KI_Team_2022-1280x546.jpg 1280w\" sizes=\"(max-width: 1342px) 100vw, 1342px\" \/><\/td>\n<td style=\"width: 75%; text-align: center;\"><strong>Projekt \u201eKI\u201c<br \/>\n<\/strong><em>Die KSR PC- und Internet-Teams wurden<br \/>\n<\/em><em>von der BAGSO ausgew\u00e4hlt als einer von 16 Projektteilnehmern 2022.<br \/>\n<\/em><em><a href=\"https:\/\/kreisseniorenrat-boeblingen.de\/pcteams\/?p=4980\">Projekt \u201eDigital souver\u00e4n mit KI\u201c<\/a><\/em><\/td>\n<\/tr>\n<tr style=\"border-style: none;\">\n<td style=\"width: 25; text-align: center;\"><img decoding=\"async\" class=\"alignnone size-full wp-image-4565\" src=\"https:\/\/kreisseniorenrat-boeblingen.de\/pcteams\/wp-content\/uploads\/2022\/03\/20220303_PC_und_Internet_Teams.jpg\" alt=\"\" width=\"100%\" srcset=\"https:\/\/kreisseniorenrat-boeblingen.de\/pcteams\/wp-content\/uploads\/2022\/03\/20220303_PC_und_Internet_Teams.jpg 2381w, https:\/\/kreisseniorenrat-boeblingen.de\/pcteams\/wp-content\/uploads\/2022\/03\/20220303_PC_und_Internet_Teams-300x174.jpg 300w, https:\/\/kreisseniorenrat-boeblingen.de\/pcteams\/wp-content\/uploads\/2022\/03\/20220303_PC_und_Internet_Teams-1024x593.jpg 1024w, https:\/\/kreisseniorenrat-boeblingen.de\/pcteams\/wp-content\/uploads\/2022\/03\/20220303_PC_und_Internet_Teams-768x445.jpg 768w, https:\/\/kreisseniorenrat-boeblingen.de\/pcteams\/wp-content\/uploads\/2022\/03\/20220303_PC_und_Internet_Teams-1536x890.jpg 1536w, https:\/\/kreisseniorenrat-boeblingen.de\/pcteams\/wp-content\/uploads\/2022\/03\/20220303_PC_und_Internet_Teams-2048x1186.jpg 2048w, https:\/\/kreisseniorenrat-boeblingen.de\/pcteams\/wp-content\/uploads\/2022\/03\/20220303_PC_und_Internet_Teams-1280x741.jpg 1280w\" sizes=\"(max-width: 2381px) 100vw, 2381px\" \/><\/td>\n<td style=\"width: 75%; text-align: center;\"><strong>Online Stammtische<\/strong><br \/>\n<em>Seit November 2021 treffen sich die Mitglieder der<br \/>\n<\/em><em> KSR PC- und Internet-Teams regelm\u00e4ssig<br \/>\nbei verschiedenen Online Stammtischen.&nbsp;<\/em><br \/>\n<em><a href=\"https:\/\/kreisseniorenrat-boeblingen.de\/pcteams\/?page_id=5424\/#Ref0\">zu den Terminen<\/a><\/em><\/td>\n<\/tr>\n<tr style=\"border-style: none;\">\n<td style=\"width: 25; text-align: center;\"><img decoding=\"async\" class=\"alignnone size-full wp-image-5113\" src=\"https:\/\/kreisseniorenrat-boeblingen.de\/pcteams\/wp-content\/uploads\/2022\/08\/20190429_SZBZ_KRSTeams_c.jpeg\" alt=\"\" width=\"50%\" srcset=\"https:\/\/kreisseniorenrat-boeblingen.de\/pcteams\/wp-content\/uploads\/2022\/08\/20190429_SZBZ_KRSTeams_c.jpeg 1219w, https:\/\/kreisseniorenrat-boeblingen.de\/pcteams\/wp-content\/uploads\/2022\/08\/20190429_SZBZ_KRSTeams_c-292x300.jpeg 292w, https:\/\/kreisseniorenrat-boeblingen.de\/pcteams\/wp-content\/uploads\/2022\/08\/20190429_SZBZ_KRSTeams_c-998x1024.jpeg 998w, https:\/\/kreisseniorenrat-boeblingen.de\/pcteams\/wp-content\/uploads\/2022\/08\/20190429_SZBZ_KRSTeams_c-768x788.jpeg 768w\" sizes=\"(max-width: 1219px) 100vw, 1219px\" \/><\/td>\n<td style=\"width: 75%; text-align: center;\"><strong>PC- und Internethilfe<\/strong><br \/>\n<em>Fast alle Teams bieten in ihren Orten Hilfe f\u00fcr Senioren an.<br \/>\nDieses Angebot wird gerne genutzt, wie der <a href=\"https:\/\/kreisseniorenrat-boeblingen.de\/pcteams\/?p=5160\">folgende Artikel<\/a> in der SZ\/BZ beweisst.&nbsp;<\/em><\/td>\n<\/tr>\n<\/tbody>\n<\/table>\n<p>&nbsp;<\/p>\n","protected":false},"excerpt":{"rendered":"<p>auf dem Web-Portal der PC- und Internet-Teams des Kreisseniorenrat B\u00f6blingen e.V. Bild: Die Mitglieder der PC- und Internet-Teams beim j\u00e4hrlichen Treffen in Aidlingen am 5.3.2026 Ziel dieses Web-Portals ist die Verbesserung der Kommunikation zwischen den verschiedenen Teams der PC-Treffs im Landkreis B\u00f6blingen. Zus\u00e4tzlich sollen die Besucher unserer PC-Treffs besser \u00fcber die Angebote und Veranstaltungen informiert&hellip;<\/p>\n <a href=\"https:\/\/kreisseniorenrat-boeblingen.de\/pcteams\/\" title=\"Willkommen\" class=\"entry-more-link\"><span>Read More<\/span> <span class=\"screen-reader-text\">Willkommen<\/span><\/a>","protected":false},"author":16,"featured_media":0,"parent":0,"menu_order":0,"comment_status":"closed","ping_status":"closed","template":"","meta":{"_acf_changed":false,"ngg_post_thumbnail":0,"Layout":"","footnotes":""},"class_list":["entry","author-dieterb","post-5313","page","type-page","status-publish"],"acf":[],"_links":{"self":[{"href":"https:\/\/kreisseniorenrat-boeblingen.de\/pcteams\/index.php?rest_route=\/wp\/v2\/pages\/5313","targetHints":{"allow":["GET"]}}],"collection":[{"href":"https:\/\/kreisseniorenrat-boeblingen.de\/pcteams\/index.php?rest_route=\/wp\/v2\/pages"}],"about":[{"href":"https:\/\/kreisseniorenrat-boeblingen.de\/pcteams\/index.php?rest_route=\/wp\/v2\/types\/page"}],"author":[{"embeddable":true,"href":"https:\/\/kreisseniorenrat-boeblingen.de\/pcteams\/index.php?rest_route=\/wp\/v2\/users\/16"}],"replies":[{"embeddable":true,"href":"https:\/\/kreisseniorenrat-boeblingen.de\/pcteams\/index.php?rest_route=%2Fwp%2Fv2%2Fcomments&post=5313"}],"version-history":[{"count":11,"href":"https:\/\/kreisseniorenrat-boeblingen.de\/pcteams\/index.php?rest_route=\/wp\/v2\/pages\/5313\/revisions"}],"predecessor-version":[{"id":9330,"href":"https:\/\/kreisseniorenrat-boeblingen.de\/pcteams\/index.php?rest_route=\/wp\/v2\/pages\/5313\/revisions\/9330"}],"wp:attachment":[{"href":"https:\/\/kreisseniorenrat-boeblingen.de\/pcteams\/index.php?rest_route=%2Fwp%2Fv2%2Fmedia&parent=5313"}],"curies":[{"name":"wp","href":"https:\/\/api.w.org\/{rel}","templated":true}]}}