{"id":2479,"date":"2019-03-10T19:51:00","date_gmt":"2019-03-10T17:51:00","guid":{"rendered":"https:\/\/pcteams.kreisseniorenrat-boeblingen.de\/?page_id=2479"},"modified":"2025-03-18T23:39:45","modified_gmt":"2025-03-18T21:39:45","slug":"regeln-fuer-das-pcteamsbb-web-2-2","status":"publish","type":"page","link":"https:\/\/kreisseniorenrat-boeblingen.de\/pcteams\/?page_id=2479","title":{"rendered":"Anleitung: Eingabe der Team Beschreibung in der Tabelle &#8222;PC Teams BB&#8220;"},"content":{"rendered":"<p><strong>Folgende Schritte sind notwendig um eine Team Beschreibung zu erstellen:<\/strong><\/p>\n<ul>\n<li>Webseite: <a href=\"https:\/\/kreisseniorenrat-boeblingen.de\/pcteams\/?page_id=19\">Teams und Treffen des KSR BB<\/a>\u00a0aufrufen<\/li>\n<li><span class=\"\">Das entsprechende Template eures Teams \u00f6ffnen, der Link hei\u00dft typischerweise &#8222;Neues Template xx&#8220;, wobei &#8222;xx&#8220; f\u00fcr jedes Team anders ist.<\/span><\/li>\n<li>B<span class=\"\">eim ge\u00f6ffneten Template\u00a0<\/span><span class=\"\">mit einem Klick auf &#8222;<em>Edit<\/em>&#8220; in den Editmodus gehen<\/span><\/li>\n<\/ul>\n<p style=\"padding-left: 60px;\"><a href=\"https:\/\/kreisseniorenrat-boeblingen.de\/pcteams\/wp-content\/uploads\/2019\/03\/PCTeams_Template_leer.jpg\"><img loading=\"lazy\" decoding=\"async\" class=\"alignnone wp-image-2476\" src=\"https:\/\/kreisseniorenrat-boeblingen.de\/pcteams\/wp-content\/uploads\/2019\/03\/PCTeams_Template_leer-1024x493.jpg\" alt=\"\" width=\"401\" height=\"193\" srcset=\"https:\/\/kreisseniorenrat-boeblingen.de\/pcteams\/wp-content\/uploads\/2019\/03\/PCTeams_Template_leer.jpg 1024w, https:\/\/kreisseniorenrat-boeblingen.de\/pcteams\/wp-content\/uploads\/2019\/03\/PCTeams_Template_leer-300x144.jpg 300w, https:\/\/kreisseniorenrat-boeblingen.de\/pcteams\/wp-content\/uploads\/2019\/03\/PCTeams_Template_leer-768x370.jpg 768w\" sizes=\"auto, (max-width: 401px) 100vw, 401px\" \/><\/a><\/p>\n<ul>\n<li><span class=\"\">Die entsprechenden Daten eingeben<\/span><\/li>\n<\/ul>\n<p style=\"padding-left: 60px;\"><a href=\"https:\/\/kreisseniorenrat-boeblingen.de\/pcteams\/wp-content\/uploads\/2019\/03\/PCTeams_Template_edit.jpg\"><img loading=\"lazy\" decoding=\"async\" class=\"alignnone wp-image-2477\" src=\"https:\/\/kreisseniorenrat-boeblingen.de\/pcteams\/wp-content\/uploads\/2019\/03\/PCTeams_Template_edit-1024x416.jpg\" alt=\"\" width=\"615\" height=\"250\" srcset=\"https:\/\/kreisseniorenrat-boeblingen.de\/pcteams\/wp-content\/uploads\/2019\/03\/PCTeams_Template_edit.jpg 1024w, https:\/\/kreisseniorenrat-boeblingen.de\/pcteams\/wp-content\/uploads\/2019\/03\/PCTeams_Template_edit-300x122.jpg 300w, https:\/\/kreisseniorenrat-boeblingen.de\/pcteams\/wp-content\/uploads\/2019\/03\/PCTeams_Template_edit-768x312.jpg 768w\" sizes=\"auto, (max-width: 615px) 100vw, 615px\" \/><\/a><\/p>\n<ul>\n<li>Eingabe des Logos: im Edit Mode kann das Logo (wie jedes andere Bild auch) mit dem Button &#8218;Dateien hinzuf\u00fcgen&#8216; hochgeladen und eingef\u00fcgt werden, nachdem der Text &#8218;Platz f\u00fcr Logo&#8230;&#8216; entfernt wurde.<\/li>\n<li>N<span class=\"\">ach Abschluss der Eingabe die \u00c4nderungen mit einem Klick auf den Button &#8222;<em>Aktualisieren<\/em>&#8220; speichern und ver\u00f6ffentlichen. Die \u00c4nderungen sollten jetzt f\u00fcr alle sichtbar sein. Eventuell muss der Cache des Browsers noch mit der Taste F5 aktualisiert werden.<\/span><\/li>\n<\/ul>\n<p>Der obige Vorgang kann beliebig oft durchgef\u00fchrt werden, um Korrekturen oder Erweiterungen einzugeben.<\/p>\n","protected":false},"excerpt":{"rendered":"<p>Folgende Schritte sind notwendig um eine Team Beschreibung zu erstellen: Webseite: Teams und Treffen des KSR BB\u00a0aufrufen Das entsprechende Template eures Teams \u00f6ffnen, der Link hei\u00dft typischerweise &#8222;Neues Template xx&#8220;, wobei &#8222;xx&#8220; f\u00fcr jedes Team anders ist. Beim ge\u00f6ffneten Template\u00a0mit einem Klick auf &#8222;Edit&#8220; in den Editmodus gehen Die entsprechenden Daten eingeben Eingabe des Logos:&hellip;<\/p>\n <a href=\"https:\/\/kreisseniorenrat-boeblingen.de\/pcteams\/?page_id=2479\" title=\"Anleitung: Eingabe der Team Beschreibung in der Tabelle &#8222;PC Teams BB&#8220;\" class=\"entry-more-link\"><span>Read More<\/span> <span class=\"screen-reader-text\">Anleitung: Eingabe der Team Beschreibung in der Tabelle &#8222;PC Teams BB&#8220;<\/span><\/a>","protected":false},"author":16,"featured_media":0,"parent":41,"menu_order":0,"comment_status":"closed","ping_status":"closed","template":"","meta":{"_acf_changed":false,"ngg_post_thumbnail":0,"Layout":"","footnotes":""},"class_list":["entry","author-dieterb","post-2479","page","type-page","status-publish"],"acf":[],"_links":{"self":[{"href":"https:\/\/kreisseniorenrat-boeblingen.de\/pcteams\/index.php?rest_route=\/wp\/v2\/pages\/2479","targetHints":{"allow":["GET"]}}],"collection":[{"href":"https:\/\/kreisseniorenrat-boeblingen.de\/pcteams\/index.php?rest_route=\/wp\/v2\/pages"}],"about":[{"href":"https:\/\/kreisseniorenrat-boeblingen.de\/pcteams\/index.php?rest_route=\/wp\/v2\/types\/page"}],"author":[{"embeddable":true,"href":"https:\/\/kreisseniorenrat-boeblingen.de\/pcteams\/index.php?rest_route=\/wp\/v2\/users\/16"}],"replies":[{"embeddable":true,"href":"https:\/\/kreisseniorenrat-boeblingen.de\/pcteams\/index.php?rest_route=%2Fwp%2Fv2%2Fcomments&post=2479"}],"version-history":[{"count":5,"href":"https:\/\/kreisseniorenrat-boeblingen.de\/pcteams\/index.php?rest_route=\/wp\/v2\/pages\/2479\/revisions"}],"predecessor-version":[{"id":7409,"href":"https:\/\/kreisseniorenrat-boeblingen.de\/pcteams\/index.php?rest_route=\/wp\/v2\/pages\/2479\/revisions\/7409"}],"up":[{"embeddable":true,"href":"https:\/\/kreisseniorenrat-boeblingen.de\/pcteams\/index.php?rest_route=\/wp\/v2\/pages\/41"}],"wp:attachment":[{"href":"https:\/\/kreisseniorenrat-boeblingen.de\/pcteams\/index.php?rest_route=%2Fwp%2Fv2%2Fmedia&parent=2479"}],"curies":[{"name":"wp","href":"https:\/\/api.w.org\/{rel}","templated":true}]}}