{"id":59,"date":"2023-04-24T16:00:32","date_gmt":"2023-04-24T14:00:32","guid":{"rendered":"http:\/\/neu.kreisseniorenrat-boeblingen.de\/?page_id=59"},"modified":"2023-06-01T11:51:38","modified_gmt":"2023-06-01T09:51:38","slug":"presse","status":"publish","type":"page","link":"https:\/\/kreisseniorenrat-boeblingen.de\/ksrbb\/aktuelles\/presse\/","title":{"rendered":"Presse"},"content":{"rendered":"\n<div class=\"wp-block-group\"><div class=\"wp-block-group__inner-container is-layout-constrained wp-block-group-is-layout-constrained\"><ul class=\"wp-block-latest-posts__list has-dates wp-block-latest-posts\"><li><a class=\"wp-block-latest-posts__post-title\" href=\"https:\/\/kreisseniorenrat-boeblingen.de\/ksrbb\/wertschaetzende-kommunikation-fuer-menschen-mit-depression-und-demenz-vortrag-16-juli-2024-im-landratsamt-boeblingen\/\">Wertsch\u00e4tzende Kommunikation f\u00fcr Menschen mit Depression und Demenz &#8211; Vortrag 16. Juli 2024 im Landratsamt B\u00f6blingen<\/a><time datetime=\"2024-07-08T12:39:13+02:00\" class=\"wp-block-latest-posts__post-date\">8. Juli 2024<\/time><div class=\"wp-block-latest-posts__post-excerpt\"><\/div><\/li>\n<li><a class=\"wp-block-latest-posts__post-title\" href=\"https:\/\/kreisseniorenrat-boeblingen.de\/ksrbb\/erster-pflege-azubi-kongress-im-landkreis-boeblingen\/\">Erster Pflege-Azubi Kongress im Landkreis B\u00f6blingen<\/a><time datetime=\"2024-03-25T13:23:15+01:00\" class=\"wp-block-latest-posts__post-date\">25. M\u00e4rz 2024<\/time><div class=\"wp-block-latest-posts__post-excerpt\">am Dienstag, 27.02.24 reisten rund 120 Auszubildende von drei verschiedenen Berufsfachschulen f\u00fcr Pflege im Kreis B\u00f6blingen nach Sindelfingen an die Gottlieb-Daimler-Schule. Dort fand f\u00fcr die Auszubildenden, die sich im zweiten Ausbildungsdrittel befinden, der Pflege-Azubi Kongress statt. Der Tag startete mit einem Come together und einem interaktiven Erlebnis mit den Schauspielern des Theatersports T\u00fcbingen die f\u00fcr\u2026\u00a0<a class=\"wp-block-latest-posts__read-more\" href=\"https:\/\/kreisseniorenrat-boeblingen.de\/ksrbb\/erster-pflege-azubi-kongress-im-landkreis-boeblingen\/\" rel=\"noopener noreferrer\"><span class=\"screen-reader-text\">Erster Pflege-Azubi Kongress im Landkreis B\u00f6blingen <\/span>weiterlesen<\/a><\/div><\/li>\n<li><a class=\"wp-block-latest-posts__post-title\" href=\"https:\/\/kreisseniorenrat-boeblingen.de\/ksrbb\/uebergangsbegleitung-bericht-sz-bz-29-11-2023\/\">\u00dcbergangsbegleitung &#8211; Bericht SZ\/BZ &#8211; 29.11.2023<\/a><time datetime=\"2023-12-13T08:22:09+01:00\" class=\"wp-block-latest-posts__post-date\">13. Dezember 2023<\/time><div class=\"wp-block-latest-posts__post-excerpt\">Bericht SZ\/BZ &#8211; 29.11.2023<\/div><\/li>\n<li><a class=\"wp-block-latest-posts__post-title\" href=\"https:\/\/kreisseniorenrat-boeblingen.de\/ksrbb\/den-abfallkalender-gibt-es-ab-2024-nur-noch-digital-es-gibt-auch-weiterhin-analoge-loesungen\/\">Den Abfallkalender gibt es ab 2024 nur noch digital ! &#8211; Es gibt auch weiterhin &#8218;analoge L\u00f6sungen&#8216;<\/a><time datetime=\"2023-11-28T11:22:35+01:00\" class=\"wp-block-latest-posts__post-date\">28. November 2023<\/time><div class=\"wp-block-latest-posts__post-excerpt\">Ab 2024 wird der Abfallkalender des Landkreis B\u00f6blingen nicht mehr per Wurfsendung an alle Haushalte verteilt. Der Abfallkalender kann auf der Internet Seite des Abfallwirtschaftsamts B\u00f6blingen durch Eingabe der Gemeinde, sowie gegebenenfalls Stra\u00dfe, abgerufen und ausgedruckt werden. F\u00fcr Menschen, die sich mit der &#8218;digitalen Welt&#8216; nicht so gut auskennen, braucht es immer noch Alternativ-L\u00f6sungen. Der\u2026\u00a0<a class=\"wp-block-latest-posts__read-more\" href=\"https:\/\/kreisseniorenrat-boeblingen.de\/ksrbb\/den-abfallkalender-gibt-es-ab-2024-nur-noch-digital-es-gibt-auch-weiterhin-analoge-loesungen\/\" rel=\"noopener noreferrer\"><span class=\"screen-reader-text\">Den Abfallkalender gibt es ab 2024 nur noch digital ! &#8211; Es gibt auch weiterhin &#8218;analoge L\u00f6sungen&#8216; <\/span>weiterlesen<\/a><\/div><\/li>\n<li><a class=\"wp-block-latest-posts__post-title\" href=\"https:\/\/kreisseniorenrat-boeblingen.de\/ksrbb\/veranstaltung-zum-thema-enkeltrick-herrenberg-21-11-2023-spitalkirche\/\">Veranstaltung zum Thema \u2013 Enkeltrick \u2013 Herrenberg 21.11.2023 &#8211; Spitalkirche<\/a><time datetime=\"2023-11-10T11:55:58+01:00\" class=\"wp-block-latest-posts__post-date\">10. November 2023<\/time><div class=\"wp-block-latest-posts__post-excerpt\">\u201aBetr\u00fcger ergaunern mehrere 1000 Euro bei Senior*in\u2018.So oder so \u00e4hnlich kann man es fast t\u00e4glich in der Zeitung lesen. Wie konnte das passieren, obwohl doch st\u00e4ndig vor den typischen \u201aEnkeltricks\u2018 gewarnt wird?Die Evangelische Erwachsenenbildung Herrenberg in Kooperation mit dem Kreisseniorenrat B\u00f6blingen und der Theatergruppe der Begegnungsst\u00e4tte \u201aHaus am Ziegelhof Holzgerlingen\u2018 &nbsp;laden am 21.11.2023 zu einer\u2026\u00a0<a class=\"wp-block-latest-posts__read-more\" href=\"https:\/\/kreisseniorenrat-boeblingen.de\/ksrbb\/veranstaltung-zum-thema-enkeltrick-herrenberg-21-11-2023-spitalkirche\/\" rel=\"noopener noreferrer\"><span class=\"screen-reader-text\">Veranstaltung zum Thema \u2013 Enkeltrick \u2013 Herrenberg 21.11.2023 &#8211; Spitalkirche <\/span>weiterlesen<\/a><\/div><\/li>\n<\/ul><\/div><\/div>\n","protected":false},"excerpt":{"rendered":"","protected":false},"author":3,"featured_media":0,"parent":31,"menu_order":0,"comment_status":"closed","ping_status":"closed","template":"","meta":{"_crdt_document":"","ocean_post_layout":"","ocean_both_sidebars_style":"","ocean_both_sidebars_content_width":0,"ocean_both_sidebars_sidebars_width":0,"ocean_sidebar":"0","ocean_second_sidebar":"0","ocean_disable_margins":"enable","ocean_add_body_class":"","ocean_shortcode_before_top_bar":"","ocean_shortcode_after_top_bar":"","ocean_shortcode_before_header":"","ocean_shortcode_after_header":"","ocean_has_shortcode":"","ocean_shortcode_after_title":"","ocean_shortcode_before_footer_widgets":"","ocean_shortcode_after_footer_widgets":"","ocean_shortcode_before_footer_bottom":"","ocean_shortcode_after_footer_bottom":"","ocean_display_top_bar":"default","ocean_display_header":"default","ocean_header_style":"","ocean_center_header_left_menu":"0","ocean_custom_header_template":"0","ocean_custom_logo":0,"ocean_custom_retina_logo":0,"ocean_custom_logo_max_width":0,"ocean_custom_logo_tablet_max_width":0,"ocean_custom_logo_mobile_max_width":0,"ocean_custom_logo_max_height":0,"ocean_custom_logo_tablet_max_height":0,"ocean_custom_logo_mobile_max_height":0,"ocean_header_custom_menu":"0","ocean_menu_typo_font_family":"0","ocean_menu_typo_font_subset":"","ocean_menu_typo_font_size":0,"ocean_menu_typo_font_size_tablet":0,"ocean_menu_typo_font_size_mobile":0,"ocean_menu_typo_font_size_unit":"px","ocean_menu_typo_font_weight":"","ocean_menu_typo_font_weight_tablet":"","ocean_menu_typo_font_weight_mobile":"","ocean_menu_typo_transform":"","ocean_menu_typo_transform_tablet":"","ocean_menu_typo_transform_mobile":"","ocean_menu_typo_line_height":0,"ocean_menu_typo_line_height_tablet":0,"ocean_menu_typo_line_height_mobile":0,"ocean_menu_typo_line_height_unit":"","ocean_menu_typo_spacing":0,"ocean_menu_typo_spacing_tablet":0,"ocean_menu_typo_spacing_mobile":0,"ocean_menu_typo_spacing_unit":"","ocean_menu_link_color":"","ocean_menu_link_color_hover":"","ocean_menu_link_color_active":"","ocean_menu_link_background":"","ocean_menu_link_hover_background":"","ocean_menu_link_active_background":"","ocean_menu_social_links_bg":"","ocean_menu_social_hover_links_bg":"","ocean_menu_social_links_color":"","ocean_menu_social_hover_links_color":"","ocean_disable_title":"default","ocean_disable_heading":"on","ocean_post_title":"","ocean_post_subheading":"","ocean_post_title_style":"","ocean_post_title_background_color":"","ocean_post_title_background":0,"ocean_post_title_bg_image_position":"","ocean_post_title_bg_image_attachment":"","ocean_post_title_bg_image_repeat":"","ocean_post_title_bg_image_size":"","ocean_post_title_height":0,"ocean_post_title_bg_overlay":0.5,"ocean_post_title_bg_overlay_color":"","ocean_disable_breadcrumbs":"default","ocean_breadcrumbs_color":"","ocean_breadcrumbs_separator_color":"","ocean_breadcrumbs_links_color":"","ocean_breadcrumbs_links_hover_color":"","ocean_display_footer_widgets":"default","ocean_display_footer_bottom":"default","ocean_custom_footer_template":"0","footnotes":""},"class_list":["post-59","page","type-page","status-publish","hentry","entry"],"_links":{"self":[{"href":"https:\/\/kreisseniorenrat-boeblingen.de\/ksrbb\/wp-json\/wp\/v2\/pages\/59","targetHints":{"allow":["GET"]}}],"collection":[{"href":"https:\/\/kreisseniorenrat-boeblingen.de\/ksrbb\/wp-json\/wp\/v2\/pages"}],"about":[{"href":"https:\/\/kreisseniorenrat-boeblingen.de\/ksrbb\/wp-json\/wp\/v2\/types\/page"}],"author":[{"embeddable":true,"href":"https:\/\/kreisseniorenrat-boeblingen.de\/ksrbb\/wp-json\/wp\/v2\/users\/3"}],"replies":[{"embeddable":true,"href":"https:\/\/kreisseniorenrat-boeblingen.de\/ksrbb\/wp-json\/wp\/v2\/comments?post=59"}],"version-history":[{"count":3,"href":"https:\/\/kreisseniorenrat-boeblingen.de\/ksrbb\/wp-json\/wp\/v2\/pages\/59\/revisions"}],"predecessor-version":[{"id":342,"href":"https:\/\/kreisseniorenrat-boeblingen.de\/ksrbb\/wp-json\/wp\/v2\/pages\/59\/revisions\/342"}],"up":[{"embeddable":true,"href":"https:\/\/kreisseniorenrat-boeblingen.de\/ksrbb\/wp-json\/wp\/v2\/pages\/31"}],"wp:attachment":[{"href":"https:\/\/kreisseniorenrat-boeblingen.de\/ksrbb\/wp-json\/wp\/v2\/media?parent=59"}],"curies":[{"name":"wp","href":"https:\/\/api.w.org\/{rel}","templated":true}]}}