{"id":57,"date":"2023-04-24T16:00:20","date_gmt":"2023-04-24T14:00:20","guid":{"rendered":"http:\/\/neu.kreisseniorenrat-boeblingen.de\/?page_id=57"},"modified":"2023-06-01T11:51:34","modified_gmt":"2023-06-01T09:51:34","slug":"aktuelle-projekte-berichte","status":"publish","type":"page","link":"https:\/\/kreisseniorenrat-boeblingen.de\/ksrbb\/aktuelles\/aktuelle-projekte-berichte\/","title":{"rendered":"Aktuelle Projekte \/ Berichte"},"content":{"rendered":"\n<div class=\"wp-block-columns is-layout-flex wp-container-core-columns-is-layout-8f761849 wp-block-columns-is-layout-flex\">\n<div class=\"wp-block-column is-layout-flow wp-block-column-is-layout-flow\" style=\"flex-basis:100%\"><ul class=\"wp-block-latest-posts__list has-dates wp-block-latest-posts\"><li><a class=\"wp-block-latest-posts__post-title\" href=\"https:\/\/kreisseniorenrat-boeblingen.de\/ksrbb\/fachstelle-hausbesuch-laedt-ein-zum-vortrag-demenz-so-tickt-das-gehirn-4-mai-2026-um-1730-uhr-im-baerleeck-leonberger-strasse-1\/\">Fachstelle Hausbesuch l\u00e4dt ein zum Vortrag \u201eDemenz: So tickt das Gehirn\u201c  &#8211; 4. Mai 2026 um 17:30 Uhr im B\u00e4rleEck (Leonberger Stra\u00dfe 1)<\/a><time datetime=\"2026-04-19T14:35:18+02:00\" class=\"wp-block-latest-posts__post-date\">19. April 2026<\/time><div class=\"wp-block-latest-posts__post-excerpt\"><\/div><\/li>\n<li><a class=\"wp-block-latest-posts__post-title\" href=\"https:\/\/kreisseniorenrat-boeblingen.de\/ksrbb\/neues-beratungsangebot-wir-helfen-klaeren\/\">Neues Beratungsangebot &#8218;Wir helfen kl\u00e4ren&#8216;<\/a><time datetime=\"2026-04-08T21:18:49+02:00\" class=\"wp-block-latest-posts__post-date\">8. April 2026<\/time><div class=\"wp-block-latest-posts__post-excerpt\">Unangenehmes wird h\u00e4ufig in die Zukunft verschoben: \u201cDas mache ich sp\u00e4ter.\u201d Aber was ist, wenn es dann doch nicht gemacht wird? Dann m\u00fcssen andere die Entscheidung treffen. Und es tritt vielleicht das ein, was ich eigentlich nicht wollte.Gibt es Themen, die Sie gerne mal mit jemand Neutralem vertraulich besprechen m\u00f6chten und der Sie dabei unterst\u00fctzt,\u2026\u00a0<a class=\"wp-block-latest-posts__read-more\" href=\"https:\/\/kreisseniorenrat-boeblingen.de\/ksrbb\/neues-beratungsangebot-wir-helfen-klaeren\/\" rel=\"noopener noreferrer\"><span class=\"screen-reader-text\">Neues Beratungsangebot &#8218;Wir helfen kl\u00e4ren&#8216; <\/span>weiterlesen<\/a><\/div><\/li>\n<li><a class=\"wp-block-latest-posts__post-title\" href=\"https:\/\/kreisseniorenrat-boeblingen.de\/ksrbb\/informationen-zur-veranstaltung-vorsorgende-verfuegungen-in-jettingen-20-3-2026\/\">Informationen zur Veranstaltung &#8218;Vorsorgende Verf\u00fcgungen&#8216; in Jettingen &#8211; 20.3.2026<\/a><time datetime=\"2026-03-20T23:08:00+01:00\" class=\"wp-block-latest-posts__post-date\">20. M\u00e4rz 2026<\/time><div class=\"wp-block-latest-posts__post-excerpt\">Wieder eine sehr informative Veranstaltung in der Willy-Dieterle-Halle in Jettingen ! Herzlichen Dank an den stellvertretenden B\u00fcrgermeister Wolfgang Siebenrock f\u00fcr die Er\u00f6ffnung der Veranstaltung mit einem Gru\u00dfwort, Dr. med Wolfram Panzer, Rolf Schneider f\u00fcr die kompetenten Vortr\u00e4ge zur Patientenverf\u00fcgung und Vorsorgevollmacht, sowie Alfred Schmid f\u00fcr die Moderation der Veranstaltung und allen Kooperationspartnern, die mit ihren\u2026\u00a0<a class=\"wp-block-latest-posts__read-more\" href=\"https:\/\/kreisseniorenrat-boeblingen.de\/ksrbb\/informationen-zur-veranstaltung-vorsorgende-verfuegungen-in-jettingen-20-3-2026\/\" rel=\"noopener noreferrer\"><span class=\"screen-reader-text\">Informationen zur Veranstaltung &#8218;Vorsorgende Verf\u00fcgungen&#8216; in Jettingen &#8211; 20.3.2026 <\/span>weiterlesen<\/a><\/div><\/li>\n<li><a class=\"wp-block-latest-posts__post-title\" href=\"https:\/\/kreisseniorenrat-boeblingen.de\/ksrbb\/der-kreisseniorenrat-boeblingen-e-v-sucht-wieder-kreative-autorinnen-und-autoren-die-sich-am-37-schreibwettbewerb-beteiligen-moechten\/\">Der Kreisseniorenrat B\u00f6blingen e.V. sucht wieder kreative Autorinnen und Autoren die sich am 37. Schreibwettbewerb beteiligen m\u00f6chten.<\/a><time datetime=\"2026-03-10T09:07:52+01:00\" class=\"wp-block-latest-posts__post-date\">10. M\u00e4rz 2026<\/time><div class=\"wp-block-latest-posts__post-excerpt\">Alle Interessierte sind herzlich eingeladen sich mit ihrer Geschichte zum diesj\u00e4hrigenThema \u201cZukunftsvisionen\u201d zu beteiligen. Bitte senden Sie Ihren Beitrag rechtzeitigals Word-Dokument bis zum Einsendeschluss am Freitag, 25. September 2026 anunsere E-Mail-Adresse kreisseniorenrat@lrabb.de. Wir Organisatoren sind schon sehrgespannt auf viele interessante Geschichten und Erz\u00e4hlungen. Unser sechsk\u00f6pfigesneutrales Juryteam bewertet alle Beitr\u00e4ge und ermittelt die Gewinnerinnen der von\u2026\u00a0<a class=\"wp-block-latest-posts__read-more\" href=\"https:\/\/kreisseniorenrat-boeblingen.de\/ksrbb\/der-kreisseniorenrat-boeblingen-e-v-sucht-wieder-kreative-autorinnen-und-autoren-die-sich-am-37-schreibwettbewerb-beteiligen-moechten\/\" rel=\"noopener noreferrer\"><span class=\"screen-reader-text\">Der Kreisseniorenrat B\u00f6blingen e.V. sucht wieder kreative Autorinnen und Autoren die sich am 37. Schreibwettbewerb beteiligen m\u00f6chten. <\/span>weiterlesen<\/a><\/div><\/li>\n<li><a class=\"wp-block-latest-posts__post-title\" href=\"https:\/\/kreisseniorenrat-boeblingen.de\/ksrbb\/veranstaltung-zu-vorsorgenden-verfuegungen-am-20-3-206-in-jettingen\/\">Veranstaltung zu &#8218;Vorsorgenden Verf\u00fcgungen&#8216; am 20.3.2026 in Jettingen<\/a><time datetime=\"2026-02-03T16:09:24+01:00\" class=\"wp-block-latest-posts__post-date\">3. Februar 2026<\/time><div class=\"wp-block-latest-posts__post-excerpt\"><\/div><\/li>\n<\/ul><\/div>\n<\/div>\n","protected":false},"excerpt":{"rendered":"","protected":false},"author":3,"featured_media":0,"parent":31,"menu_order":0,"comment_status":"closed","ping_status":"closed","template":"","meta":{"_crdt_document":"","ocean_post_layout":"","ocean_both_sidebars_style":"","ocean_both_sidebars_content_width":0,"ocean_both_sidebars_sidebars_width":0,"ocean_sidebar":"0","ocean_second_sidebar":"0","ocean_disable_margins":"enable","ocean_add_body_class":"","ocean_shortcode_before_top_bar":"","ocean_shortcode_after_top_bar":"","ocean_shortcode_before_header":"","ocean_shortcode_after_header":"","ocean_has_shortcode":"","ocean_shortcode_after_title":"","ocean_shortcode_before_footer_widgets":"","ocean_shortcode_after_footer_widgets":"","ocean_shortcode_before_footer_bottom":"","ocean_shortcode_after_footer_bottom":"","ocean_display_top_bar":"default","ocean_display_header":"default","ocean_header_style":"","ocean_center_header_left_menu":"0","ocean_custom_header_template":"0","ocean_custom_logo":0,"ocean_custom_retina_logo":0,"ocean_custom_logo_max_width":0,"ocean_custom_logo_tablet_max_width":0,"ocean_custom_logo_mobile_max_width":0,"ocean_custom_logo_max_height":0,"ocean_custom_logo_tablet_max_height":0,"ocean_custom_logo_mobile_max_height":0,"ocean_header_custom_menu":"0","ocean_menu_typo_font_family":"0","ocean_menu_typo_font_subset":"","ocean_menu_typo_font_size":0,"ocean_menu_typo_font_size_tablet":0,"ocean_menu_typo_font_size_mobile":0,"ocean_menu_typo_font_size_unit":"px","ocean_menu_typo_font_weight":"","ocean_menu_typo_font_weight_tablet":"","ocean_menu_typo_font_weight_mobile":"","ocean_menu_typo_transform":"","ocean_menu_typo_transform_tablet":"","ocean_menu_typo_transform_mobile":"","ocean_menu_typo_line_height":0,"ocean_menu_typo_line_height_tablet":0,"ocean_menu_typo_line_height_mobile":0,"ocean_menu_typo_line_height_unit":"","ocean_menu_typo_spacing":0,"ocean_menu_typo_spacing_tablet":0,"ocean_menu_typo_spacing_mobile":0,"ocean_menu_typo_spacing_unit":"","ocean_menu_link_color":"","ocean_menu_link_color_hover":"","ocean_menu_link_color_active":"","ocean_menu_link_background":"","ocean_menu_link_hover_background":"","ocean_menu_link_active_background":"","ocean_menu_social_links_bg":"","ocean_menu_social_hover_links_bg":"","ocean_menu_social_links_color":"","ocean_menu_social_hover_links_color":"","ocean_disable_title":"default","ocean_disable_heading":"on","ocean_post_title":"","ocean_post_subheading":"","ocean_post_title_style":"","ocean_post_title_background_color":"","ocean_post_title_background":0,"ocean_post_title_bg_image_position":"","ocean_post_title_bg_image_attachment":"","ocean_post_title_bg_image_repeat":"","ocean_post_title_bg_image_size":"","ocean_post_title_height":0,"ocean_post_title_bg_overlay":0.5,"ocean_post_title_bg_overlay_color":"","ocean_disable_breadcrumbs":"default","ocean_breadcrumbs_color":"","ocean_breadcrumbs_separator_color":"","ocean_breadcrumbs_links_color":"","ocean_breadcrumbs_links_hover_color":"","ocean_display_footer_widgets":"default","ocean_display_footer_bottom":"default","ocean_custom_footer_template":"0","footnotes":""},"class_list":["post-57","page","type-page","status-publish","hentry","entry"],"_links":{"self":[{"href":"https:\/\/kreisseniorenrat-boeblingen.de\/ksrbb\/wp-json\/wp\/v2\/pages\/57","targetHints":{"allow":["GET"]}}],"collection":[{"href":"https:\/\/kreisseniorenrat-boeblingen.de\/ksrbb\/wp-json\/wp\/v2\/pages"}],"about":[{"href":"https:\/\/kreisseniorenrat-boeblingen.de\/ksrbb\/wp-json\/wp\/v2\/types\/page"}],"author":[{"embeddable":true,"href":"https:\/\/kreisseniorenrat-boeblingen.de\/ksrbb\/wp-json\/wp\/v2\/users\/3"}],"replies":[{"embeddable":true,"href":"https:\/\/kreisseniorenrat-boeblingen.de\/ksrbb\/wp-json\/wp\/v2\/comments?post=57"}],"version-history":[{"count":3,"href":"https:\/\/kreisseniorenrat-boeblingen.de\/ksrbb\/wp-json\/wp\/v2\/pages\/57\/revisions"}],"predecessor-version":[{"id":1708,"href":"https:\/\/kreisseniorenrat-boeblingen.de\/ksrbb\/wp-json\/wp\/v2\/pages\/57\/revisions\/1708"}],"up":[{"embeddable":true,"href":"https:\/\/kreisseniorenrat-boeblingen.de\/ksrbb\/wp-json\/wp\/v2\/pages\/31"}],"wp:attachment":[{"href":"https:\/\/kreisseniorenrat-boeblingen.de\/ksrbb\/wp-json\/wp\/v2\/media?parent=57"}],"curies":[{"name":"wp","href":"https:\/\/api.w.org\/{rel}","templated":true}]}}