{"id":51,"date":"2023-04-24T15:59:16","date_gmt":"2023-04-24T13:59:16","guid":{"rendered":"http:\/\/neu.kreisseniorenrat-boeblingen.de\/?page_id=51"},"modified":"2024-02-08T09:15:52","modified_gmt":"2024-02-08T08:15:52","slug":"artikelserie-vorsorge-pflege-leben-im-alter","status":"publish","type":"page","link":"https:\/\/kreisseniorenrat-boeblingen.de\/ksrbb\/informationen\/artikelserie-vorsorge-pflege-leben-im-alter\/","title":{"rendered":"Artikelserie Vorsorge, Pflege, Leben im Alter"},"content":{"rendered":"\n<p class=\"wp-block-paragraph\"><\/p>\n\n\n\n<p class=\"wp-block-paragraph\">Die Zahl der pflegebed\u00fcrftigen Menschen im Kreis B\u00f6blingen hat sich innerhalb von nur 20 Jahren verdreifacht und wird weiterwachsen. Im Jahr 2001 waren 1,3 Prozent der Bev\u00f6lkerung pflegebed\u00fcrftig, f\u00fcr 2030 wird diese Pflegequote mit 4,6 Prozent vorausgesch\u00e4tzt. Kreisweit sind es derzeit mehr als 15.000 Betroffene. Drei von vier Pflegebed\u00fcrftigen werden ambulant versorgt, im eigenen Haushalt mit Hilfe von Ehepartnern, Familienangeh\u00f6rigen und ambulanten Diensten. Ein Viertel in station\u00e4ren Einrichtungen, insb. im Pflegeheim. Die Stabilisierung der ambulanten Versorgung ist elementar: weil es dem Wunsch der Betroffenen entspricht, weil in Zeiten der Fachkr\u00e4ftenot deutlich weniger Fachkr\u00e4fte im Vergleich zur station\u00e4ren Pflege ben\u00f6tigt werden und weil es die kosteng\u00fcnstigste Versorgungsform darstellt. Eine besondere Herausforderung ist das tendenziell schwindende famili\u00e4re Hilfspotenzial. <br>Der Kreisseniorenrat wird in einer einj\u00e4hrigen Artikelserie hilfreiche Informationen rund um die Vorsorge, Pflege und das Leben im Alter geben\u201c,&nbsp; Ein Redaktionsteams unter Beteiligung der Pflegest\u00fctzpunkte sowie IAV-Stellen wird alle zwei Wochen ein Thema aufbereiten, das in den Amts- und Nachrichtenbl\u00e4tter ver\u00f6ffentlicht wird.<br>Landrat Roland Bernhard stellt einen Zielaspekt dieser Informationsreihe heraus: \u201eF\u00fcr Familien und Angeh\u00f6rige ist es klug, sich fr\u00fchzeitig mit pr\u00e4ventiven Ma\u00dfnahmen zu befassen. Damit k\u00f6nnen sie den Wunsch nach h\u00e4uslicher Versorgung wirksamer umsetzen und \u00dcberforderungen reduzieren, die sich bei pl\u00f6tzlichem Pflegebedarf immer wieder abspielen.\u201c<\/p>\n\n\n\n<p class=\"wp-block-paragraph\">Hier finden Sie alle Artikel die in der Artikelserie &#8222;Vorsorge, Pflege, Leben im Alter&#8216; erschienen sind. <br>Eine Zusammenfassung aller in 2023 erschienen Artikel gibt es<a href=\"https:\/\/kreisseniorenrat-boeblingen.de\/ksrbb\/wp-content\/uploads\/2024\/02\/Artikelserie-Zusammenfassung20240201.pdf\"> hier :<\/a><br>Ein Update mit den f\u00fcr 2024 neuen gesetzlichen \u00c4nderungen erfolgt in K\u00fcrze.<\/p>\n\n\n<ul class=\"wp-block-latest-posts__list has-dates wp-block-latest-posts\"><li><a class=\"wp-block-latest-posts__post-title\" href=\"https:\/\/kreisseniorenrat-boeblingen.de\/ksrbb\/hilfe-zur-pflege-kann-finanzielle-entlastung-bringen-teil-2\/\">Hilfe zur Pflege kann finanzielle Entlastung bringen \u2013 Teil 2\u00a0<\/a><time datetime=\"2026-01-29T12:25:37+01:00\" class=\"wp-block-latest-posts__post-date\">29. Januar 2026<\/time><div class=\"wp-block-latest-posts__post-excerpt\">Pflegebed\u00fcrftige ab Pflegegrad 2 k\u00f6nnen finanzielle Hilfe zur Pflege vom Landratsamt erhalten, wenn sie ihre\u2026\u00a0<a class=\"wp-block-latest-posts__read-more\" href=\"https:\/\/kreisseniorenrat-boeblingen.de\/ksrbb\/hilfe-zur-pflege-kann-finanzielle-entlastung-bringen-teil-2\/\" rel=\"noopener noreferrer\"><span class=\"screen-reader-text\">Hilfe zur Pflege kann finanzielle Entlastung bringen \u2013 Teil 2\u00a0 <\/span>weiterlesen<\/a><\/div><\/li>\n<li><a class=\"wp-block-latest-posts__post-title\" href=\"https:\/\/kreisseniorenrat-boeblingen.de\/ksrbb\/hilfe-zur-pflege-kann-finanzielle-entlastung-bringen-teil-1\/\">Hilfe zur Pflege kann finanzielle Entlastung bringen \u2013 Teil 1<\/a><time datetime=\"2026-01-09T14:46:57+01:00\" class=\"wp-block-latest-posts__post-date\">9. Januar 2026<\/time><div class=\"wp-block-latest-posts__post-excerpt\">Die Pflegebed\u00fcrftige ab Pflegegrad 2 k\u00f6nnen finanzielle Hilfe zur Pflege vom Landratsamt erhalten, wenn sie\u2026\u00a0<a class=\"wp-block-latest-posts__read-more\" href=\"https:\/\/kreisseniorenrat-boeblingen.de\/ksrbb\/hilfe-zur-pflege-kann-finanzielle-entlastung-bringen-teil-1\/\" rel=\"noopener noreferrer\"><span class=\"screen-reader-text\">Hilfe zur Pflege kann finanzielle Entlastung bringen \u2013 Teil 1 <\/span>weiterlesen<\/a><\/div><\/li>\n<li><a class=\"wp-block-latest-posts__post-title\" href=\"https:\/\/kreisseniorenrat-boeblingen.de\/ksrbb\/pflegeversicherung-verhinderungs-und-kurzzeitpflege-werden-zu-einem-gemeinsamen-jahresbetrag\/\">Pflegeversicherung &#8211; Verhinderungs- und Kurzzeitpflege werden zu einem gemeinsamen Jahresbetrag<\/a><time datetime=\"2025-08-09T14:51:31+02:00\" class=\"wp-block-latest-posts__post-date\">9. August 2025<\/time><div class=\"wp-block-latest-posts__post-excerpt\">Die Leistungen der Verhinderungs- und Kurzzeitpflege werden ab 01.07.2025 zu einem gemeinsamen Jahresbetrag zusammengefasst. Das\u2026\u00a0<a class=\"wp-block-latest-posts__read-more\" href=\"https:\/\/kreisseniorenrat-boeblingen.de\/ksrbb\/pflegeversicherung-verhinderungs-und-kurzzeitpflege-werden-zu-einem-gemeinsamen-jahresbetrag\/\" rel=\"noopener noreferrer\"><span class=\"screen-reader-text\">Pflegeversicherung &#8211; Verhinderungs- und Kurzzeitpflege werden zu einem gemeinsamen Jahresbetrag <\/span>weiterlesen<\/a><\/div><\/li>\n<li><a class=\"wp-block-latest-posts__post-title\" href=\"https:\/\/kreisseniorenrat-boeblingen.de\/ksrbb\/pflegeversicherung-entlastungsbetrag-jetzt-auch-fuer-ehrenamtliche-einzelhelfende-einsetzbar\/\">Pflegeversicherung -Entlastungsbetrag jetzt auch f\u00fcr ehrenamtliche Einzelhelfende einsetzbar<\/a><time datetime=\"2025-02-19T12:25:51+01:00\" class=\"wp-block-latest-posts__post-date\">19. Februar 2025<\/time><div class=\"wp-block-latest-posts__post-excerpt\">Menschen mit Pflegebedarf, die in ihrem eigenen Zuhause leben uns versorgt werden bekommen dabei h\u00e4ufig\u2026\u00a0<a class=\"wp-block-latest-posts__read-more\" href=\"https:\/\/kreisseniorenrat-boeblingen.de\/ksrbb\/pflegeversicherung-entlastungsbetrag-jetzt-auch-fuer-ehrenamtliche-einzelhelfende-einsetzbar\/\" rel=\"noopener noreferrer\"><span class=\"screen-reader-text\">Pflegeversicherung -Entlastungsbetrag jetzt auch f\u00fcr ehrenamtliche Einzelhelfende einsetzbar <\/span>weiterlesen<\/a><\/div><\/li>\n<li><a class=\"wp-block-latest-posts__post-title\" href=\"https:\/\/kreisseniorenrat-boeblingen.de\/ksrbb\/wohnungsanpassungsberatung-des-drk-kreisverbands-boeblingen\/\">Die &#8218;eigenen 4-W\u00e4nde&#8216; fit machen f\u00fcr Einschr\u00e4nkungen im Alter<\/a><time datetime=\"2025-01-23T11:49:01+01:00\" class=\"wp-block-latest-posts__post-date\">23. Januar 2025<\/time><div class=\"wp-block-latest-posts__post-excerpt\">Sich mit dem Thema &#8218;Wohnen im Alter&#8216; rechtzeitig zu besch\u00e4ftigen ist sehr wichtig, um m\u00f6glichst\u2026\u00a0<a class=\"wp-block-latest-posts__read-more\" href=\"https:\/\/kreisseniorenrat-boeblingen.de\/ksrbb\/wohnungsanpassungsberatung-des-drk-kreisverbands-boeblingen\/\" rel=\"noopener noreferrer\"><span class=\"screen-reader-text\">Die &#8218;eigenen 4-W\u00e4nde&#8216; fit machen f\u00fcr Einschr\u00e4nkungen im Alter <\/span>weiterlesen<\/a><\/div><\/li>\n<li><a class=\"wp-block-latest-posts__post-title\" href=\"https:\/\/kreisseniorenrat-boeblingen.de\/ksrbb\/neue-broschuere-des-kreisseniorenrats-vorsorgeregelung-fuer-digitale-angelegenheiten\/\">Neue Brosch\u00fcre des Kreisseniorenrats &#8211; Vorsorgeregelung f\u00fcr \u201adigitale Angelegenheiten &#8211;<\/a><time datetime=\"2024-12-13T12:28:14+01:00\" class=\"wp-block-latest-posts__post-date\">13. Dezember 2024<\/time><div class=\"wp-block-latest-posts__post-excerpt\">Vorsorge zu treffen \u2013 eine bevollm\u00e4chtigte Person zu benennen &#8211; f\u00fcr den Fall einer Gesch\u00e4ftsunf\u00e4higkeit\u2026\u00a0<a class=\"wp-block-latest-posts__read-more\" href=\"https:\/\/kreisseniorenrat-boeblingen.de\/ksrbb\/neue-broschuere-des-kreisseniorenrats-vorsorgeregelung-fuer-digitale-angelegenheiten\/\" rel=\"noopener noreferrer\"><span class=\"screen-reader-text\">Neue Brosch\u00fcre des Kreisseniorenrats &#8211; Vorsorgeregelung f\u00fcr \u201adigitale Angelegenheiten &#8211; <\/span>weiterlesen<\/a><\/div><\/li>\n<li><a class=\"wp-block-latest-posts__post-title\" href=\"https:\/\/kreisseniorenrat-boeblingen.de\/ksrbb\/demenz-praevention\/\">Demenz &#8211; Pr\u00e4vention<\/a><time datetime=\"2024-09-02T18:09:58+02:00\" class=\"wp-block-latest-posts__post-date\">2. September 2024<\/time><div class=\"wp-block-latest-posts__post-excerpt\">Eine Demenz wird nicht ausschlie\u00dflich durch das Alter verursacht, sie entwickelt sich in der Regel\u2026\u00a0<a class=\"wp-block-latest-posts__read-more\" href=\"https:\/\/kreisseniorenrat-boeblingen.de\/ksrbb\/demenz-praevention\/\" rel=\"noopener noreferrer\"><span class=\"screen-reader-text\">Demenz &#8211; Pr\u00e4vention <\/span>weiterlesen<\/a><\/div><\/li>\n<li><a class=\"wp-block-latest-posts__post-title\" href=\"https:\/\/kreisseniorenrat-boeblingen.de\/ksrbb\/formulare-fuer-vorsorgevollmacht-und-patientenverfuegung-jetzt-als-editierbare-pdf-datei-verfuegbar\/\">Formulare f\u00fcr Vorsorgevollmacht und Patientenverf\u00fcgung jetzt als editierbare pdf-Datei verf\u00fcgbar<\/a><time datetime=\"2024-07-03T13:28:56+02:00\" class=\"wp-block-latest-posts__post-date\">3. Juli 2024<\/time><div class=\"wp-block-latest-posts__post-excerpt\">Ab sofort sind die beiden Formulare f\u00fcr die Vorsorgevollmacht und die Patientenverf\u00fcgung auch als editierbare\u2026\u00a0<a class=\"wp-block-latest-posts__read-more\" href=\"https:\/\/kreisseniorenrat-boeblingen.de\/ksrbb\/formulare-fuer-vorsorgevollmacht-und-patientenverfuegung-jetzt-als-editierbare-pdf-datei-verfuegbar\/\" rel=\"noopener noreferrer\"><span class=\"screen-reader-text\">Formulare f\u00fcr Vorsorgevollmacht und Patientenverf\u00fcgung jetzt als editierbare pdf-Datei verf\u00fcgbar <\/span>weiterlesen<\/a><\/div><\/li>\n<li><a class=\"wp-block-latest-posts__post-title\" href=\"https:\/\/kreisseniorenrat-boeblingen.de\/ksrbb\/aeltere-menschen-die-aktiv-am-sozialen-leben-bzw-am-leben-in-der-gemeinschaft-teilnehmen-und-sich-austauschen-koennen-leben-gesuender\/\">\u00c4ltere Menschen, die aktiv am sozialen Leben bzw. am Leben in der Gemeinschaft teilnehmen und sich austauschen k\u00f6nnen, leben ges\u00fcnder<\/a><time datetime=\"2024-05-13T11:26:15+02:00\" class=\"wp-block-latest-posts__post-date\">13. Mai 2024<\/time><div class=\"wp-block-latest-posts__post-excerpt\">Soziale Teilhabe beeinflusst die Gesundheit im Alter ma\u00dfgeblich. Soziale Interaktionen wirken sich nicht nur positiv\u2026\u00a0<a class=\"wp-block-latest-posts__read-more\" href=\"https:\/\/kreisseniorenrat-boeblingen.de\/ksrbb\/aeltere-menschen-die-aktiv-am-sozialen-leben-bzw-am-leben-in-der-gemeinschaft-teilnehmen-und-sich-austauschen-koennen-leben-gesuender\/\" rel=\"noopener noreferrer\"><span class=\"screen-reader-text\">\u00c4ltere Menschen, die aktiv am sozialen Leben bzw. am Leben in der Gemeinschaft teilnehmen und sich austauschen k\u00f6nnen, leben ges\u00fcnder <\/span>weiterlesen<\/a><\/div><\/li>\n<li><a class=\"wp-block-latest-posts__post-title\" href=\"https:\/\/kreisseniorenrat-boeblingen.de\/ksrbb\/interessanter-podcast-swr1-leute-testament-vollmacht-patientenverfuegung\/\">Interessanter Podcast  &#8211; SWR1-Leute &#8218;Testament, Vollmacht, Patientenverf\u00fcgung&#8216;<\/a><time datetime=\"2024-05-12T17:16:34+02:00\" class=\"wp-block-latest-posts__post-date\">12. Mai 2024<\/time><div class=\"wp-block-latest-posts__post-excerpt\">Hervorragender Podcast mit der Generationenberaterin Susanne Becker in SWR1 &#8211; Leute vom 8.5.2024 zum Thema\u2026\u00a0<a class=\"wp-block-latest-posts__read-more\" href=\"https:\/\/kreisseniorenrat-boeblingen.de\/ksrbb\/interessanter-podcast-swr1-leute-testament-vollmacht-patientenverfuegung\/\" rel=\"noopener noreferrer\"><span class=\"screen-reader-text\">Interessanter Podcast  &#8211; SWR1-Leute &#8218;Testament, Vollmacht, Patientenverf\u00fcgung&#8216; <\/span>weiterlesen<\/a><\/div><\/li>\n<li><a class=\"wp-block-latest-posts__post-title\" href=\"https:\/\/kreisseniorenrat-boeblingen.de\/ksrbb\/leistungen-der-gesetztlichen-pflegeversicherung\/\">Leistungen der gesetztlichen Pflegeversicherung<\/a><time datetime=\"2024-01-12T16:21:32+01:00\" class=\"wp-block-latest-posts__post-date\">12. Januar 2024<\/time><div class=\"wp-block-latest-posts__post-excerpt\">Die Leistungsbetr\u00e4ge der gesetzlichen Pflegeversicherung wurden zum 1.1.2024 angepasst.Hier eine \u00dcbersicht. Stand 1.1.2024 &#8211; Leistungs\u00fcbersicht\u2026\u00a0<a class=\"wp-block-latest-posts__read-more\" href=\"https:\/\/kreisseniorenrat-boeblingen.de\/ksrbb\/leistungen-der-gesetztlichen-pflegeversicherung\/\" rel=\"noopener noreferrer\"><span class=\"screen-reader-text\">Leistungen der gesetztlichen Pflegeversicherung <\/span>weiterlesen<\/a><\/div><\/li>\n<li><a class=\"wp-block-latest-posts__post-title\" href=\"https:\/\/kreisseniorenrat-boeblingen.de\/ksrbb\/vorsorge-pflege-leben-im-alter-alle-in-2023-veroeffentlichten-artikel-auf-einen-blick\/\">Vorsorge, Pflege, Leben im Alter &#8211; Alle in 2023 ver\u00f6ffentlichten Artikel auf einen Blick<\/a><time datetime=\"2024-01-08T13:49:44+01:00\" class=\"wp-block-latest-posts__post-date\">8. Januar 2024<\/time><div class=\"wp-block-latest-posts__post-excerpt\">Hier finden Sie eine Zusammenstellung aller im Jahr 2023 ver\u00f6ffentlichten Artikel. Eine Anpassung der f\u00fcr\u2026\u00a0<a class=\"wp-block-latest-posts__read-more\" href=\"https:\/\/kreisseniorenrat-boeblingen.de\/ksrbb\/vorsorge-pflege-leben-im-alter-alle-in-2023-veroeffentlichten-artikel-auf-einen-blick\/\" rel=\"noopener noreferrer\"><span class=\"screen-reader-text\">Vorsorge, Pflege, Leben im Alter &#8211; Alle in 2023 ver\u00f6ffentlichten Artikel auf einen Blick <\/span>weiterlesen<\/a><\/div><\/li>\n<li><a class=\"wp-block-latest-posts__post-title\" href=\"https:\/\/kreisseniorenrat-boeblingen.de\/ksrbb\/dankeschoen-fuer-die-mitmenschlichkeit-pflegender-angehoeriger\/\">Dankesch\u00f6n f\u00fcr die Mitmenschlichkeit pflegender Angeh\u00f6riger<\/a><time datetime=\"2023-12-06T09:59:43+01:00\" class=\"wp-block-latest-posts__post-date\">6. Dezember 2023<\/time><div class=\"wp-block-latest-posts__post-excerpt\">Ohne die Pflege durch Angeh\u00f6rige w\u00fcrde die Versorgung Pflegebed\u00fcrftiger zusammenbrechen. Die Pflegestatistik 2021 zeigt im\u2026\u00a0<a class=\"wp-block-latest-posts__read-more\" href=\"https:\/\/kreisseniorenrat-boeblingen.de\/ksrbb\/dankeschoen-fuer-die-mitmenschlichkeit-pflegender-angehoeriger\/\" rel=\"noopener noreferrer\"><span class=\"screen-reader-text\">Dankesch\u00f6n f\u00fcr die Mitmenschlichkeit pflegender Angeh\u00f6riger <\/span>weiterlesen<\/a><\/div><\/li>\n<li><a class=\"wp-block-latest-posts__post-title\" href=\"https:\/\/kreisseniorenrat-boeblingen.de\/ksrbb\/hilfe-zur-pflege-kann-finanzielle-entlastung-bringen\/\">Hilfe zur Pflege kann finanzielle Entlastung bringen<\/a><time datetime=\"2023-11-28T11:37:33+01:00\" class=\"wp-block-latest-posts__post-date\">28. November 2023<\/time><div class=\"wp-block-latest-posts__post-excerpt\">Pflegebed\u00fcrftige ab Pflegegrad 2 k\u00f6nnen finanzielle Hilfe zur Pflege vom Landratsamt B\u00f6blingen, Amt f\u00fcr Soziales\u2026\u00a0<a class=\"wp-block-latest-posts__read-more\" href=\"https:\/\/kreisseniorenrat-boeblingen.de\/ksrbb\/hilfe-zur-pflege-kann-finanzielle-entlastung-bringen\/\" rel=\"noopener noreferrer\"><span class=\"screen-reader-text\">Hilfe zur Pflege kann finanzielle Entlastung bringen <\/span>weiterlesen<\/a><\/div><\/li>\n<li><a class=\"wp-block-latest-posts__post-title\" href=\"https:\/\/kreisseniorenrat-boeblingen.de\/ksrbb\/in-den-eigenen-vier-waenden-bleiben-die-wohnung-anpassen-mit-finanzieller-hilfe\/\">In den eigenen vier W\u00e4nden bleiben\u00a0&#8211; Die Wohnung anpassen mit finanzieller Hilfe<\/a><time datetime=\"2023-11-10T11:58:39+01:00\" class=\"wp-block-latest-posts__post-date\">10. November 2023<\/time><div class=\"wp-block-latest-posts__post-excerpt\">So lange wie m\u00f6glich zu Hause wohnen bleiben! Das ist f\u00fcr die zunehmende Zahl von\u2026\u00a0<a class=\"wp-block-latest-posts__read-more\" href=\"https:\/\/kreisseniorenrat-boeblingen.de\/ksrbb\/in-den-eigenen-vier-waenden-bleiben-die-wohnung-anpassen-mit-finanzieller-hilfe\/\" rel=\"noopener noreferrer\"><span class=\"screen-reader-text\">In den eigenen vier W\u00e4nden bleiben\u00a0&#8211; Die Wohnung anpassen mit finanzieller Hilfe <\/span>weiterlesen<\/a><\/div><\/li>\n<\/ul>","protected":false},"excerpt":{"rendered":"<p>Die Zahl der pflegebed\u00fcrftigen Menschen im Kreis B\u00f6blingen hat sich innerhalb von nur 20 Jahren verdreifacht und wird weiterwachsen. Im Jahr 2001 waren 1,3 Prozent der Bev\u00f6lkerung pflegebed\u00fcrftig, f\u00fcr 2030 wird diese Pflegequote mit 4,6 Prozent vorausgesch\u00e4tzt. Kreisweit sind es derzeit mehr als 15.000 Betroffene. Drei von vier Pflegebed\u00fcrftigen werden ambulant versorgt, im eigenen Haushalt [&hellip;]<\/p>\n","protected":false},"author":3,"featured_media":0,"parent":29,"menu_order":0,"comment_status":"closed","ping_status":"closed","template":"","meta":{"_crdt_document":"","ocean_post_layout":"","ocean_both_sidebars_style":"","ocean_both_sidebars_content_width":0,"ocean_both_sidebars_sidebars_width":0,"ocean_sidebar":"0","ocean_second_sidebar":"0","ocean_disable_margins":"enable","ocean_add_body_class":"","ocean_shortcode_before_top_bar":"","ocean_shortcode_after_top_bar":"","ocean_shortcode_before_header":"","ocean_shortcode_after_header":"","ocean_has_shortcode":"","ocean_shortcode_after_title":"","ocean_shortcode_before_footer_widgets":"","ocean_shortcode_after_footer_widgets":"","ocean_shortcode_before_footer_bottom":"","ocean_shortcode_after_footer_bottom":"","ocean_display_top_bar":"default","ocean_display_header":"default","ocean_header_style":"","ocean_center_header_left_menu":"0","ocean_custom_header_template":"0","ocean_custom_logo":0,"ocean_custom_retina_logo":0,"ocean_custom_logo_max_width":0,"ocean_custom_logo_tablet_max_width":0,"ocean_custom_logo_mobile_max_width":0,"ocean_custom_logo_max_height":0,"ocean_custom_logo_tablet_max_height":0,"ocean_custom_logo_mobile_max_height":0,"ocean_header_custom_menu":"0","ocean_menu_typo_font_family":"0","ocean_menu_typo_font_subset":"","ocean_menu_typo_font_size":0,"ocean_menu_typo_font_size_tablet":0,"ocean_menu_typo_font_size_mobile":0,"ocean_menu_typo_font_size_unit":"px","ocean_menu_typo_font_weight":"","ocean_menu_typo_font_weight_tablet":"","ocean_menu_typo_font_weight_mobile":"","ocean_menu_typo_transform":"","ocean_menu_typo_transform_tablet":"","ocean_menu_typo_transform_mobile":"","ocean_menu_typo_line_height":0,"ocean_menu_typo_line_height_tablet":0,"ocean_menu_typo_line_height_mobile":0,"ocean_menu_typo_line_height_unit":"","ocean_menu_typo_spacing":0,"ocean_menu_typo_spacing_tablet":0,"ocean_menu_typo_spacing_mobile":0,"ocean_menu_typo_spacing_unit":"","ocean_menu_link_color":"","ocean_menu_link_color_hover":"","ocean_menu_link_color_active":"","ocean_menu_link_background":"","ocean_menu_link_hover_background":"","ocean_menu_link_active_background":"","ocean_menu_social_links_bg":"","ocean_menu_social_hover_links_bg":"","ocean_menu_social_links_color":"","ocean_menu_social_hover_links_color":"","ocean_disable_title":"default","ocean_disable_heading":"on","ocean_post_title":"","ocean_post_subheading":"","ocean_post_title_style":"","ocean_post_title_background_color":"","ocean_post_title_background":0,"ocean_post_title_bg_image_position":"","ocean_post_title_bg_image_attachment":"","ocean_post_title_bg_image_repeat":"","ocean_post_title_bg_image_size":"","ocean_post_title_height":0,"ocean_post_title_bg_overlay":0.5,"ocean_post_title_bg_overlay_color":"","ocean_disable_breadcrumbs":"default","ocean_breadcrumbs_color":"","ocean_breadcrumbs_separator_color":"","ocean_breadcrumbs_links_color":"","ocean_breadcrumbs_links_hover_color":"","ocean_display_footer_widgets":"default","ocean_display_footer_bottom":"default","ocean_custom_footer_template":"0","footnotes":""},"class_list":["post-51","page","type-page","status-publish","hentry","entry"],"_links":{"self":[{"href":"https:\/\/kreisseniorenrat-boeblingen.de\/ksrbb\/wp-json\/wp\/v2\/pages\/51","targetHints":{"allow":["GET"]}}],"collection":[{"href":"https:\/\/kreisseniorenrat-boeblingen.de\/ksrbb\/wp-json\/wp\/v2\/pages"}],"about":[{"href":"https:\/\/kreisseniorenrat-boeblingen.de\/ksrbb\/wp-json\/wp\/v2\/types\/page"}],"author":[{"embeddable":true,"href":"https:\/\/kreisseniorenrat-boeblingen.de\/ksrbb\/wp-json\/wp\/v2\/users\/3"}],"replies":[{"embeddable":true,"href":"https:\/\/kreisseniorenrat-boeblingen.de\/ksrbb\/wp-json\/wp\/v2\/comments?post=51"}],"version-history":[{"count":20,"href":"https:\/\/kreisseniorenrat-boeblingen.de\/ksrbb\/wp-json\/wp\/v2\/pages\/51\/revisions"}],"predecessor-version":[{"id":2769,"href":"https:\/\/kreisseniorenrat-boeblingen.de\/ksrbb\/wp-json\/wp\/v2\/pages\/51\/revisions\/2769"}],"up":[{"embeddable":true,"href":"https:\/\/kreisseniorenrat-boeblingen.de\/ksrbb\/wp-json\/wp\/v2\/pages\/29"}],"wp:attachment":[{"href":"https:\/\/kreisseniorenrat-boeblingen.de\/ksrbb\/wp-json\/wp\/v2\/media?parent=51"}],"curies":[{"name":"wp","href":"https:\/\/api.w.org\/{rel}","templated":true}]}}