{"id":41,"date":"2023-04-24T15:58:11","date_gmt":"2023-04-24T13:58:11","guid":{"rendered":"http:\/\/neu.kreisseniorenrat-boeblingen.de\/?page_id=41"},"modified":"2023-06-01T11:55:49","modified_gmt":"2023-06-01T09:55:49","slug":"unsere-gremien","status":"publish","type":"page","link":"https:\/\/kreisseniorenrat-boeblingen.de\/ksrbb\/wer-wir-sind\/unsere-gremien\/","title":{"rendered":"Unsere Aktivit\u00e4ten"},"content":{"rendered":"\n<h3 class=\"wp-block-heading\">Schwerpunkte<\/h3>\n\n\n\n<p class=\"wp-block-paragraph\">Die Aktivit\u00e4ten des Kreisseniorenrats B\u00f6blingen sind Ausdruck der in der Satzung formulierten Zielsetzungen des Vereins. Dabei werden folgende 10 Schwerpunkt-Themen bearbeitet:<\/p>\n\n\n\n<ul class=\"wp-block-list\">\n<li><strong>Gemeindevertretungen:<\/strong>&nbsp;Unterst\u00fctzung der Kommunen, Vernetzung, Erfahrungsaustausch, Musterprojekte im Kreis auf KSR Homepage.<\/li>\n\n\n\n<li><strong>\u00d6ffentlichkeit:<\/strong>&nbsp;Ver\u00e4nderungen und Chancen des demografischen Wandels aufzeigen, Altersbild in der \u00d6ffentlichkeit verbessern.<\/li>\n\n\n\n<li><strong>Veranstaltungen:<\/strong>&nbsp;Altersrelevante Themen wie Gesundheit, Bewegung, Ern\u00e4hrung, Soziale Teilhabe, Vorsorge, Gerontologische Fachtage.<\/li>\n\n\n\n<li><strong>Coaching \u2013 Fit f\u00fcr Bewerbungen:<\/strong>&nbsp;Unterst\u00fctzung generations\u00fcbergreifender Projekte, z. B. Durchf\u00fchrung von Bewerbungstraining f\u00fcr Sch\u00fcler.<\/li>\n\n\n\n<li><strong>Migration:<\/strong>&nbsp;Aufeinander zugehen, Erfahrungen austauschen, Zusammenarbeit mit anderen Landkreisen, Pilotprojekte.<\/li>\n\n\n\n<li><strong>Pflege:<\/strong>&nbsp;Verbesserung der Bedingungen und des Ansehens des Pflegeberufs, Unterst\u00fctzung der Heimbeir\u00e4te im Landkreis.<\/li>\n\n\n\n<li><strong>Wohnen:<\/strong>&nbsp;Ziel ist, m\u00f6glichst lange in gewohnter H\u00e4uslichkeit selbstbestimmt zu wohnen, Zertifizierung von seniorenfreundlichen Handwerksbetrieben, F\u00f6rderung altersgerechter Unterst\u00fctzungs-Systeme (AAL).<\/li>\n\n\n\n<li><strong>Schritte gegen Vereinsamung:<\/strong>&nbsp;Ausbau vorhandener und Aufbau neuer Besuchsdienste, Sensitivierung der B\u00fcrger, Musterprojekte.<\/li>\n\n\n\n<li><strong>Vorsorgende Verf\u00fcgungen:<\/strong>&nbsp;B\u00f6blinger Patientenverf\u00fcgung und Vorsorgevollmacht, Vortr\u00e4ge und Beratung, Muster-Formulare zum Ausf\u00fcllen, Brosch\u00fcre des KSR : Vorsorge f\u00fcr alle F\u00e4lle.<\/li>\n\n\n\n<li><strong>PC-Internet:<\/strong>&nbsp;Ausbau von PC-Internet-Teams in Kommunen, Workshops, Erfahrungsaustausch.<\/li>\n\n\n\n<li><strong>Mobilit\u00e4t:<\/strong>&nbsp;Mobilit\u00e4t auch im Alter zu bewahren, ist dem Kreisseniorenrat B\u00f6blingen ein gro\u00dfes Anliegen.<\/li>\n<\/ul>\n\n\n\n<p class=\"wp-block-paragraph\">Diese Schwerpunkt-Themen werden durch folgende Projekte behandelt:<\/p>\n\n\n\n<ol class=\"wp-block-list\">\n<li>Herausgabe einer Brosch\u00fcre&nbsp;<a href=\"https:\/\/kreisseniorenrat-boeblingen.de\/ksrbb\/index.php?ID=3\">\u201eVorsorge f\u00fcr alle F\u00e4lle\u201c<\/a><\/li>\n\n\n\n<li>Vortr\u00e4ge und Beratung zu&nbsp;<a href=\"https:\/\/kreisseniorenrat-boeblingen.de\/ksrbb\/index.php?ID=3\">\u201eVorsorgenden Verf\u00fcgungen\u201c<\/a>&nbsp;\u2013 Patientenverf\u00fcgung, Vorsorgevollmacht und Betreuungsverf\u00fcgung<\/li>\n\n\n\n<li>Fachtage zum Thema&nbsp;<a href=\"https:\/\/kreisseniorenrat-boeblingen.de\/ksrbb\/index.php?ID=7\">\u201eGerontologie\u201c<\/a><\/li>\n\n\n\n<li>Programm gegen&nbsp;<a href=\"https:\/\/kreisseniorenrat-boeblingen.de\/ksrbb\/index.php?ID=8\">Einsamkeit<\/a><\/li>\n\n\n\n<li><a href=\"https:\/\/kreisseniorenrat-boeblingen.de\/ksrbb\/index.php?ID=9\">Patientenbegleitung<\/a>\u00a0im Krankenhaus<\/li>\n\n\n\n<li><a href=\"https:\/\/kreisseniorenrat-boeblingen.de\/ksrbb\/index.php?ID=9\">\u00dcbergangsbegleitung<\/a>\u00a0vom Krankenhaus in die H\u00e4uslichkeit<\/li>\n\n\n\n<li>Unterst\u00fctzung der&nbsp;<a href=\"https:\/\/kreisseniorenrat-boeblingen.de\/ksrbb\/index.php?ID=12\">Heimbeir\u00e4te&nbsp;und&nbsp;Heimf\u00fcrsprecher<\/a><\/li>\n\n\n\n<li>Das\u00a0<a href=\"https:\/\/kreisseniorenrat-boeblingen.de\/ksrbb\/index.php?ID=10\">Krisentelefon<\/a>\u00a0f\u00fcr den Landkreis B\u00f6blingen<\/li>\n\n\n\n<li>Der j\u00e4hrliche&nbsp;<a href=\"https:\/\/kreisseniorenrat-boeblingen.de\/ksrbb\/index.php?ID=11\">Schreibwettbewerb<\/a><\/li>\n\n\n\n<li><a href=\"https:\/\/kreisseniorenrat-boeblingen.de\/ksrbb\/index.php?ID=29\">Seniorenfreundliche Handwerksbetriebe<\/a><\/li>\n\n\n\n<li><a href=\"https:\/\/kreisseniorenrat-boeblingen.de\/ksrbb\/index.php?ID=31\">PC &amp; Internet, Medien <\/a> Unterst\u00fctzung\u00a0im Kreis B\u00f6blingen<\/li>\n\n\n\n<li><a href=\"https:\/\/kreisseniorenrat-boeblingen.de\/ksrbb\/index.php?ID=32\">Coaching \u2013 Fit f\u00fcr Bewerbungen<\/a><\/li>\n\n\n\n<li><a href=\"https:\/\/kreisseniorenrat-boeblingen.de\/ksrbb\/index.php?ID=14\">Mobilit\u00e4t<\/a>\u00a0im Alter bewahren<\/li>\n\n\n\n<li><a href=\"https:\/\/kreisseniorenrat-boeblingen.de\/ksrbb\/index.php?ID=14\">Vernetzung<\/a> der in der Seniorenarbeit aktiven Akteure<\/li>\n<\/ol>\n\n\n\n<p class=\"wp-block-paragraph\">Copyright \u00a9 2023 Kreisseniorenrat B\u00f6blingen<\/p>\n","protected":false},"excerpt":{"rendered":"<p>Schwerpunkte Die Aktivit\u00e4ten des Kreisseniorenrats B\u00f6blingen sind Ausdruck der in der Satzung formulierten Zielsetzungen des Vereins. Dabei werden folgende 10 Schwerpunkt-Themen bearbeitet: Diese Schwerpunkt-Themen werden durch folgende Projekte behandelt: Copyright \u00a9 2023 Kreisseniorenrat B\u00f6blingen<\/p>\n","protected":false},"author":3,"featured_media":0,"parent":196,"menu_order":0,"comment_status":"closed","ping_status":"closed","template":"","meta":{"_crdt_document":"","ocean_post_layout":"","ocean_both_sidebars_style":"","ocean_both_sidebars_content_width":0,"ocean_both_sidebars_sidebars_width":0,"ocean_sidebar":"0","ocean_second_sidebar":"0","ocean_disable_margins":"enable","ocean_add_body_class":"","ocean_shortcode_before_top_bar":"","ocean_shortcode_after_top_bar":"","ocean_shortcode_before_header":"","ocean_shortcode_after_header":"","ocean_has_shortcode":"","ocean_shortcode_after_title":"","ocean_shortcode_before_footer_widgets":"","ocean_shortcode_after_footer_widgets":"","ocean_shortcode_before_footer_bottom":"","ocean_shortcode_after_footer_bottom":"","ocean_display_top_bar":"default","ocean_display_header":"default","ocean_header_style":"","ocean_center_header_left_menu":"0","ocean_custom_header_template":"0","ocean_custom_logo":0,"ocean_custom_retina_logo":0,"ocean_custom_logo_max_width":0,"ocean_custom_logo_tablet_max_width":0,"ocean_custom_logo_mobile_max_width":0,"ocean_custom_logo_max_height":0,"ocean_custom_logo_tablet_max_height":0,"ocean_custom_logo_mobile_max_height":0,"ocean_header_custom_menu":"0","ocean_menu_typo_font_family":"0","ocean_menu_typo_font_subset":"","ocean_menu_typo_font_size":0,"ocean_menu_typo_font_size_tablet":0,"ocean_menu_typo_font_size_mobile":0,"ocean_menu_typo_font_size_unit":"px","ocean_menu_typo_font_weight":"","ocean_menu_typo_font_weight_tablet":"","ocean_menu_typo_font_weight_mobile":"","ocean_menu_typo_transform":"","ocean_menu_typo_transform_tablet":"","ocean_menu_typo_transform_mobile":"","ocean_menu_typo_line_height":0,"ocean_menu_typo_line_height_tablet":0,"ocean_menu_typo_line_height_mobile":0,"ocean_menu_typo_line_height_unit":"","ocean_menu_typo_spacing":0,"ocean_menu_typo_spacing_tablet":0,"ocean_menu_typo_spacing_mobile":0,"ocean_menu_typo_spacing_unit":"","ocean_menu_link_color":"","ocean_menu_link_color_hover":"","ocean_menu_link_color_active":"","ocean_menu_link_background":"","ocean_menu_link_hover_background":"","ocean_menu_link_active_background":"","ocean_menu_social_links_bg":"","ocean_menu_social_hover_links_bg":"","ocean_menu_social_links_color":"","ocean_menu_social_hover_links_color":"","ocean_disable_title":"default","ocean_disable_heading":"on","ocean_post_title":"","ocean_post_subheading":"","ocean_post_title_style":"","ocean_post_title_background_color":"","ocean_post_title_background":0,"ocean_post_title_bg_image_position":"","ocean_post_title_bg_image_attachment":"","ocean_post_title_bg_image_repeat":"","ocean_post_title_bg_image_size":"","ocean_post_title_height":0,"ocean_post_title_bg_overlay":0.5,"ocean_post_title_bg_overlay_color":"","ocean_disable_breadcrumbs":"default","ocean_breadcrumbs_color":"","ocean_breadcrumbs_separator_color":"","ocean_breadcrumbs_links_color":"","ocean_breadcrumbs_links_hover_color":"","ocean_display_footer_widgets":"default","ocean_display_footer_bottom":"default","ocean_custom_footer_template":"0","footnotes":""},"class_list":["post-41","page","type-page","status-publish","hentry","entry"],"_links":{"self":[{"href":"https:\/\/kreisseniorenrat-boeblingen.de\/ksrbb\/wp-json\/wp\/v2\/pages\/41","targetHints":{"allow":["GET"]}}],"collection":[{"href":"https:\/\/kreisseniorenrat-boeblingen.de\/ksrbb\/wp-json\/wp\/v2\/pages"}],"about":[{"href":"https:\/\/kreisseniorenrat-boeblingen.de\/ksrbb\/wp-json\/wp\/v2\/types\/page"}],"author":[{"embeddable":true,"href":"https:\/\/kreisseniorenrat-boeblingen.de\/ksrbb\/wp-json\/wp\/v2\/users\/3"}],"replies":[{"embeddable":true,"href":"https:\/\/kreisseniorenrat-boeblingen.de\/ksrbb\/wp-json\/wp\/v2\/comments?post=41"}],"version-history":[{"count":3,"href":"https:\/\/kreisseniorenrat-boeblingen.de\/ksrbb\/wp-json\/wp\/v2\/pages\/41\/revisions"}],"predecessor-version":[{"id":881,"href":"https:\/\/kreisseniorenrat-boeblingen.de\/ksrbb\/wp-json\/wp\/v2\/pages\/41\/revisions\/881"}],"up":[{"embeddable":true,"href":"https:\/\/kreisseniorenrat-boeblingen.de\/ksrbb\/wp-json\/wp\/v2\/pages\/196"}],"wp:attachment":[{"href":"https:\/\/kreisseniorenrat-boeblingen.de\/ksrbb\/wp-json\/wp\/v2\/media?parent=41"}],"curies":[{"name":"wp","href":"https:\/\/api.w.org\/{rel}","templated":true}]}}