{"id":39,"date":"2023-04-24T15:57:59","date_gmt":"2023-04-24T13:57:59","guid":{"rendered":"http:\/\/neu.kreisseniorenrat-boeblingen.de\/?page_id=39"},"modified":"2026-01-29T12:33:56","modified_gmt":"2026-01-29T11:33:56","slug":"unsere-organisation","status":"publish","type":"page","link":"https:\/\/kreisseniorenrat-boeblingen.de\/ksrbb\/wer-wir-sind\/unsere-organisation\/","title":{"rendered":"Unsere Organisation"},"content":{"rendered":"\t\t<div data-elementor-type=\"wp-page\" data-elementor-id=\"39\" class=\"elementor elementor-39\">\n\t\t\t\t\t\t<section class=\"elementor-section elementor-top-section elementor-element elementor-element-3f58af93 elementor-section-boxed elementor-section-height-default elementor-section-height-default\" data-id=\"3f58af93\" data-element_type=\"section\" data-e-type=\"section\">\n\t\t\t\t\t\t<div class=\"elementor-container elementor-column-gap-default\">\n\t\t\t\t\t<div class=\"elementor-column elementor-col-100 elementor-top-column elementor-element elementor-element-db41ab0\" data-id=\"db41ab0\" data-element_type=\"column\" data-e-type=\"column\">\n\t\t\t<div class=\"elementor-widget-wrap elementor-element-populated\">\n\t\t\t\t\t\t<div class=\"elementor-element elementor-element-6470537c elementor-widget elementor-widget-text-editor\" data-id=\"6470537c\" data-element_type=\"widget\" data-e-type=\"widget\" data-widget_type=\"text-editor.default\">\n\t\t\t\t<div class=\"elementor-widget-container\">\n\t\t\t\t\t\t\t\t\t<h1 class=\"wp-block-heading\">Unsere Organisation<\/h1>\n<p><!-- \/wp:heading --><!-- wp:paragraph --><\/p>\n<p>Die Organe des Kreisseniorenrats e. V. sind<\/p>\n<p><!-- \/wp:paragraph --><!-- wp:list --><\/p>\n<ul>\n<li style=\"list-style-type: none;\">\n<ul><!-- wp:list-item --><\/ul>\n<\/li>\n<\/ul>\n<ul>\n<li style=\"list-style-type: none;\">\n<ul>\n<li>die Mitgliederversammlung<\/li>\n<\/ul>\n<\/li>\n<\/ul>\n<p><!-- \/wp:list-item --><!-- wp:list-item --><\/p>\n<ul>\n<li style=\"list-style-type: none;\">\n<ul>\n<li>der Vorstand<\/li>\n<\/ul>\n<\/li>\n<\/ul>\n<p><!-- \/wp:list-item --><!-- wp:list-item --><\/p>\n<ul>\n<li style=\"list-style-type: none;\">\n<ul>\n<li>der Beirat<\/li>\n<\/ul>\n<\/li>\n<\/ul>\n<p><!-- \/wp:list-item --><\/p>\n<p><!-- \/wp:list --><!-- wp:paragraph --><\/p>\n<p>Eine umfassende Beschreibung der Organe\u00a0 und ihrer Funktionen finden sich in der\u00a0<a href=\"https:\/\/kreisseniorenrat-boeblingen.de\/ksrbb\/wp-content\/uploads\/2023\/04\/2008-Satzung.pdf\">Satzung<\/a>\u00a0des Vereins. Die Gesch\u00e4ftsstelle des Kreisseniorenrats befindet sich im Landratsamt B\u00f6blingen, siehe das <a href=\"https:\/\/kreisseniorenrat-boeblingen.de\/ksrbb\/impressum\/\">Impressum<\/a>.<\/p>\n<p><!-- \/wp:paragraph --><!-- wp:paragraph --><\/p>\n<p>Gabriele W\u00f6rner<br \/>Vorsitzende<br \/>Sindelfingen<br \/>Tel.: 07031 \/ 7346280<br \/>E-Mail:\u00a0<a href=\"mailto:vorstand@kreisseniorenrat-boeblingen.de\">vorstand@kreisseniorenrat-boeblingen.de<\/a><\/p>\n<p><!-- \/wp:paragraph --><!-- wp:paragraph --><\/p>\n<p>Alfred Schmid<br \/>1. Stellvertreter<br \/>Weil im Sch\u00f6nbuch<br \/>Tel : 07157 \/ 64556<br \/>E-Mail:\u00a0 <a href=\"mailto:alfred-schmid@web.de\">schmid-alfred@web.de<\/a><\/p>\n<p>Dr. Wolfram Panzer\u00a0<br \/>2. Stellvertreter<br \/>Sindelfingen<br \/>E-Mail :\u00a0<a style=\"font-family: Arial, sans-serif; font-size: 16px; font-style: normal; font-variant-ligatures: normal; font-variant-caps: normal; font-weight: 400; background-color: #ffffff;\" href=\"mailto:wolfram.panzer@gmx.de\">wolfram.panzer@gmx.de<\/a><\/p>\n<p>\u00a0<\/p>\n<p><!-- \/wp:paragraph --><!-- wp:paragraph --><\/p>\n<p>Hans-Werner Nosb\u00fcsch<br \/>Schriftf\u00fchrer<br \/>Leonberg<br \/>E-Mail: <a href=\"mailto:nosbueschhw@t-online.de\">nosbueschhw@t-online.de<\/a><\/p>\n<p><!-- \/wp:paragraph --><!-- wp:paragraph --><\/p>\n<p>Dusan Minic<br \/>Vertreter des Landrats<br \/>Sozialdezernent, B\u00f6blingen<br \/>Tel.: 07031 \/ 663-1640<br \/>E-Mail:\u00a0<a href=\"mailto:d.minic@lrabb.de\">d.minic@lrabb.de<\/a><\/p>\n<p><!-- \/wp:paragraph --><!-- wp:paragraph --><\/p>\n<p>Hans-J\u00fcrgen H\u00e4drich<br \/>Schatzmeister\/Rechner<br \/>Renningen-Malmsheim<br \/>Tel.: 07159 \/ 5142<br \/>E-Mail:\u00a0<a href=\"mailto:hbch@gmx.de\">hbch@gmx.de<\/a><\/p>\n<p><!-- \/wp:paragraph --><!-- wp:paragraph --><\/p>\n<p>Vorstand des Kreisseniorenrats \u2013 von links<br \/>Hans-J\u00fcrgen H\u00e4drich, Gabriele W\u00f6rner, Hans-Werner Nosb\u00fcsch, Alfred Schmid<\/p>\n<p><!-- \/wp:paragraph --><!-- wp:image {\"id\":252,\"linkDestination\":\"custom\"} --><\/p>\n<figure class=\"wp-block-image\"><a href=\"https:\/\/kreisseniorenrat-boeblingen.de\/ksrbb\/wp-content\/uploads\/2023\/04\/IMG_3257-scaled.jpeg\"><img fetchpriority=\"high\" decoding=\"async\" class=\"alignnone wp-image-252 size-medium\" src=\"https:\/\/kreisseniorenrat-boeblingen.de\/ksrbb\/wp-content\/uploads\/2023\/04\/IMG_3257-300x169.jpeg\" alt=\"\" width=\"300\" height=\"169\" srcset=\"https:\/\/kreisseniorenrat-boeblingen.de\/ksrbb\/wp-content\/uploads\/2023\/04\/IMG_3257-300x169.jpeg 300w, https:\/\/kreisseniorenrat-boeblingen.de\/ksrbb\/wp-content\/uploads\/2023\/04\/IMG_3257-1024x576.jpeg 1024w, https:\/\/kreisseniorenrat-boeblingen.de\/ksrbb\/wp-content\/uploads\/2023\/04\/IMG_3257-768x432.jpeg 768w, https:\/\/kreisseniorenrat-boeblingen.de\/ksrbb\/wp-content\/uploads\/2023\/04\/IMG_3257-1536x864.jpeg 1536w, https:\/\/kreisseniorenrat-boeblingen.de\/ksrbb\/wp-content\/uploads\/2023\/04\/IMG_3257-2048x1152.jpeg 2048w, https:\/\/kreisseniorenrat-boeblingen.de\/ksrbb\/wp-content\/uploads\/2023\/04\/IMG_3257-800x450.jpeg 800w\" sizes=\"(max-width: 300px) 100vw, 300px\" \/><\/a><\/figure>\n<p><!-- \/wp:image --><!-- wp:paragraph --><\/p>\n<p><!-- \/wp:paragraph --><!-- wp:paragraph --><\/p>\n<p><!-- \/wp:paragraph --><!-- wp:paragraph --><\/p>\n<p>Ehrenvorsitzender Manfred Koebler <br \/>Tel : 07031 \/ 813417<br \/>Email : manfred.koebler@googlemail.com<\/p>\n<p><!-- \/wp:paragraph --><!-- wp:image {\"id\":1132,\"sizeSlug\":\"full\",\"linkDestination\":\"media\"} --><\/p>\n<figure class=\"wp-block-image size-full\"><a href=\"https:\/\/kreisseniorenrat-boeblingen.de\/ksrbb\/wp-content\/uploads\/2023\/05\/image.png\"><img decoding=\"async\" class=\"alignnone wp-image-1132 size-full\" src=\"https:\/\/kreisseniorenrat-boeblingen.de\/ksrbb\/wp-content\/uploads\/2023\/05\/image.png\" alt=\"\" width=\"150\" height=\"150\" \/><\/a><\/figure>\n<p><!-- \/wp:image --><!-- wp:paragraph --><\/p>\n<p><!-- \/wp:paragraph --><\/p>\t\t\t\t\t\t\t\t<\/div>\n\t\t\t\t<\/div>\n\t\t\t\t\t<\/div>\n\t\t<\/div>\n\t\t\t\t\t<\/div>\n\t\t<\/section>\n\t\t\t\t<\/div>\n\t\t","protected":false},"excerpt":{"rendered":"<p>Unsere Organisation Die Organe des Kreisseniorenrats e. V. sind die Mitgliederversammlung der Vorstand der Beirat Eine umfassende Beschreibung der Organe\u00a0 und ihrer Funktionen finden sich in der\u00a0Satzung\u00a0des Vereins. Die Gesch\u00e4ftsstelle des Kreisseniorenrats befindet sich im Landratsamt B\u00f6blingen, siehe das Impressum. Gabriele W\u00f6rnerVorsitzendeSindelfingenTel.: 07031 \/ 7346280E-Mail:\u00a0vorstand@kreisseniorenrat-boeblingen.de Alfred Schmid1. StellvertreterWeil im Sch\u00f6nbuchTel : 07157 \/ 64556E-Mail:\u00a0 schmid-alfred@web.de [&hellip;]<\/p>\n","protected":false},"author":3,"featured_media":0,"parent":196,"menu_order":0,"comment_status":"closed","ping_status":"closed","template":"","meta":{"_crdt_document":"","ocean_post_layout":"","ocean_both_sidebars_style":"","ocean_both_sidebars_content_width":0,"ocean_both_sidebars_sidebars_width":0,"ocean_sidebar":"0","ocean_second_sidebar":"0","ocean_disable_margins":"enable","ocean_add_body_class":"","ocean_shortcode_before_top_bar":"","ocean_shortcode_after_top_bar":"","ocean_shortcode_before_header":"","ocean_shortcode_after_header":"","ocean_has_shortcode":"","ocean_shortcode_after_title":"","ocean_shortcode_before_footer_widgets":"","ocean_shortcode_after_footer_widgets":"","ocean_shortcode_before_footer_bottom":"","ocean_shortcode_after_footer_bottom":"","ocean_display_top_bar":"default","ocean_display_header":"default","ocean_header_style":"","ocean_center_header_left_menu":"0","ocean_custom_header_template":"0","ocean_custom_logo":0,"ocean_custom_retina_logo":0,"ocean_custom_logo_max_width":0,"ocean_custom_logo_tablet_max_width":0,"ocean_custom_logo_mobile_max_width":0,"ocean_custom_logo_max_height":0,"ocean_custom_logo_tablet_max_height":0,"ocean_custom_logo_mobile_max_height":0,"ocean_header_custom_menu":"0","ocean_menu_typo_font_family":"0","ocean_menu_typo_font_subset":"","ocean_menu_typo_font_size":0,"ocean_menu_typo_font_size_tablet":0,"ocean_menu_typo_font_size_mobile":0,"ocean_menu_typo_font_size_unit":"px","ocean_menu_typo_font_weight":"","ocean_menu_typo_font_weight_tablet":"","ocean_menu_typo_font_weight_mobile":"","ocean_menu_typo_transform":"","ocean_menu_typo_transform_tablet":"","ocean_menu_typo_transform_mobile":"","ocean_menu_typo_line_height":0,"ocean_menu_typo_line_height_tablet":0,"ocean_menu_typo_line_height_mobile":0,"ocean_menu_typo_line_height_unit":"","ocean_menu_typo_spacing":0,"ocean_menu_typo_spacing_tablet":0,"ocean_menu_typo_spacing_mobile":0,"ocean_menu_typo_spacing_unit":"","ocean_menu_link_color":"","ocean_menu_link_color_hover":"","ocean_menu_link_color_active":"","ocean_menu_link_background":"","ocean_menu_link_hover_background":"","ocean_menu_link_active_background":"","ocean_menu_social_links_bg":"","ocean_menu_social_hover_links_bg":"","ocean_menu_social_links_color":"","ocean_menu_social_hover_links_color":"","ocean_disable_title":"default","ocean_disable_heading":"on","ocean_post_title":"","ocean_post_subheading":"","ocean_post_title_style":"","ocean_post_title_background_color":"","ocean_post_title_background":0,"ocean_post_title_bg_image_position":"","ocean_post_title_bg_image_attachment":"","ocean_post_title_bg_image_repeat":"","ocean_post_title_bg_image_size":"","ocean_post_title_height":0,"ocean_post_title_bg_overlay":0.5,"ocean_post_title_bg_overlay_color":"","ocean_disable_breadcrumbs":"default","ocean_breadcrumbs_color":"","ocean_breadcrumbs_separator_color":"","ocean_breadcrumbs_links_color":"","ocean_breadcrumbs_links_hover_color":"","ocean_display_footer_widgets":"default","ocean_display_footer_bottom":"default","ocean_custom_footer_template":"0","footnotes":""},"class_list":["post-39","page","type-page","status-publish","hentry","entry"],"_links":{"self":[{"href":"https:\/\/kreisseniorenrat-boeblingen.de\/ksrbb\/wp-json\/wp\/v2\/pages\/39","targetHints":{"allow":["GET"]}}],"collection":[{"href":"https:\/\/kreisseniorenrat-boeblingen.de\/ksrbb\/wp-json\/wp\/v2\/pages"}],"about":[{"href":"https:\/\/kreisseniorenrat-boeblingen.de\/ksrbb\/wp-json\/wp\/v2\/types\/page"}],"author":[{"embeddable":true,"href":"https:\/\/kreisseniorenrat-boeblingen.de\/ksrbb\/wp-json\/wp\/v2\/users\/3"}],"replies":[{"embeddable":true,"href":"https:\/\/kreisseniorenrat-boeblingen.de\/ksrbb\/wp-json\/wp\/v2\/comments?post=39"}],"version-history":[{"count":10,"href":"https:\/\/kreisseniorenrat-boeblingen.de\/ksrbb\/wp-json\/wp\/v2\/pages\/39\/revisions"}],"predecessor-version":[{"id":3730,"href":"https:\/\/kreisseniorenrat-boeblingen.de\/ksrbb\/wp-json\/wp\/v2\/pages\/39\/revisions\/3730"}],"up":[{"embeddable":true,"href":"https:\/\/kreisseniorenrat-boeblingen.de\/ksrbb\/wp-json\/wp\/v2\/pages\/196"}],"wp:attachment":[{"href":"https:\/\/kreisseniorenrat-boeblingen.de\/ksrbb\/wp-json\/wp\/v2\/media?parent=39"}],"curies":[{"name":"wp","href":"https:\/\/api.w.org\/{rel}","templated":true}]}}