{"id":37,"date":"2023-04-24T15:57:46","date_gmt":"2023-04-24T13:57:46","guid":{"rendered":"http:\/\/neu.kreisseniorenrat-boeblingen.de\/?page_id=37"},"modified":"2023-06-01T11:55:59","modified_gmt":"2023-06-01T09:55:59","slug":"ziele-und-aufgaben","status":"publish","type":"page","link":"https:\/\/kreisseniorenrat-boeblingen.de\/ksrbb\/wer-wir-sind\/ziele-und-aufgaben\/","title":{"rendered":"Ziele und Aufgaben"},"content":{"rendered":"<h1>Ziele und Aufgaben des Kreisseniorenrates<\/h1>\n<p>Zweck des Vereins ist die F\u00f6rderung der Altenhilfe, auch im Sinne eines Generationen \u00fcbergreifenden Engagements. Er initiiert, begleitet und unterst\u00fctzt Projekte des b\u00fcrgerschaftlichen Engagements im Rahmen des Wissens, der Berufserfahrung und der k\u00f6rperlichen sowie geistigen Leistungsf\u00e4higkeit der Beteiligten. Er achtet auf Ehrenamtlichkeit der Leistungserbringung und deren W\u00fcrdigung.<\/p>\n<p>In Weiterbildungsveranstaltungen, durch Beratungsaktivit\u00e4ten und Aktivierungsprogramme soll \u00fcber Rechte und Pflichten der \u00e4lteren B\u00fcrger informiert werden.<\/p>\n<p>Gleichzeitig ist der Verein Basis f\u00fcr den Erfahrungsaustausch und die Meinungsbildung in sozialen, wirtschaftlichen, kulturellen und politischen Fragen im Interesse \u00e4lterer Menschen.<\/p>\n<p>Der Verein bem\u00fcht sich um Aufbau und Pflege eines partnerschaftlichen Verh\u00e4ltnisses zu allen staatlichen, kommunalen und kirchlichen Stellen sowie den Einrichtungen und Diensten der Freien Wohlfahrtsverb\u00e4nde und anderer Organisationen, die Dienste und Hilfen f\u00fcr \u00e4ltere Menschen anbieten.<\/p>\n<p>Im Rahmen seiner \u00d6ffentlichkeitsarbeit informiert der Verein \u00fcber Angelegenheiten \u00e4lterer Menschen, zu ihrer Unterst\u00fctzung, Hilfe, aber auch zur F\u00f6rderung der Eigeninitiative.<\/p>\n<p>Der Verein unterh\u00e4lt selbst keine Einrichtungen der Altenarbeit. Die Basisarbeit f\u00fcr und mit Senioren wird in den aktiven Gruppen der Arbeitsgemeinschaft geleistet. Siehe dazu die \u00f6rtlichen Seniorenvertretungen.<\/p>\n<p>Der Verein ist parteipolitisch und weltanschaulich neutral.<\/p>\n","protected":false},"excerpt":{"rendered":"<p>Ziele und Aufgaben des Kreisseniorenrates Zweck des Vereins ist die F\u00f6rderung der Altenhilfe, auch im Sinne eines Generationen \u00fcbergreifenden Engagements. Er initiiert, begleitet und unterst\u00fctzt Projekte des b\u00fcrgerschaftlichen Engagements im Rahmen des Wissens, der Berufserfahrung und der k\u00f6rperlichen sowie geistigen Leistungsf\u00e4higkeit der Beteiligten. Er achtet auf Ehrenamtlichkeit der Leistungserbringung und deren W\u00fcrdigung. In Weiterbildungsveranstaltungen, durch [&hellip;]<\/p>\n","protected":false},"author":3,"featured_media":0,"parent":196,"menu_order":0,"comment_status":"closed","ping_status":"closed","template":"","meta":{"_crdt_document":"","ocean_post_layout":"","ocean_both_sidebars_style":"","ocean_both_sidebars_content_width":0,"ocean_both_sidebars_sidebars_width":0,"ocean_sidebar":"0","ocean_second_sidebar":"0","ocean_disable_margins":"enable","ocean_add_body_class":"","ocean_shortcode_before_top_bar":"","ocean_shortcode_after_top_bar":"","ocean_shortcode_before_header":"","ocean_shortcode_after_header":"","ocean_has_shortcode":"","ocean_shortcode_after_title":"","ocean_shortcode_before_footer_widgets":"","ocean_shortcode_after_footer_widgets":"","ocean_shortcode_before_footer_bottom":"","ocean_shortcode_after_footer_bottom":"","ocean_display_top_bar":"default","ocean_display_header":"default","ocean_header_style":"","ocean_center_header_left_menu":"0","ocean_custom_header_template":"0","ocean_custom_logo":0,"ocean_custom_retina_logo":0,"ocean_custom_logo_max_width":0,"ocean_custom_logo_tablet_max_width":0,"ocean_custom_logo_mobile_max_width":0,"ocean_custom_logo_max_height":0,"ocean_custom_logo_tablet_max_height":0,"ocean_custom_logo_mobile_max_height":0,"ocean_header_custom_menu":"0","ocean_menu_typo_font_family":"0","ocean_menu_typo_font_subset":"","ocean_menu_typo_font_size":0,"ocean_menu_typo_font_size_tablet":0,"ocean_menu_typo_font_size_mobile":0,"ocean_menu_typo_font_size_unit":"px","ocean_menu_typo_font_weight":"","ocean_menu_typo_font_weight_tablet":"","ocean_menu_typo_font_weight_mobile":"","ocean_menu_typo_transform":"","ocean_menu_typo_transform_tablet":"","ocean_menu_typo_transform_mobile":"","ocean_menu_typo_line_height":0,"ocean_menu_typo_line_height_tablet":0,"ocean_menu_typo_line_height_mobile":0,"ocean_menu_typo_line_height_unit":"","ocean_menu_typo_spacing":0,"ocean_menu_typo_spacing_tablet":0,"ocean_menu_typo_spacing_mobile":0,"ocean_menu_typo_spacing_unit":"","ocean_menu_link_color":"","ocean_menu_link_color_hover":"","ocean_menu_link_color_active":"","ocean_menu_link_background":"","ocean_menu_link_hover_background":"","ocean_menu_link_active_background":"","ocean_menu_social_links_bg":"","ocean_menu_social_hover_links_bg":"","ocean_menu_social_links_color":"","ocean_menu_social_hover_links_color":"","ocean_disable_title":"default","ocean_disable_heading":"on","ocean_post_title":"","ocean_post_subheading":"","ocean_post_title_style":"","ocean_post_title_background_color":"","ocean_post_title_background":0,"ocean_post_title_bg_image_position":"","ocean_post_title_bg_image_attachment":"","ocean_post_title_bg_image_repeat":"","ocean_post_title_bg_image_size":"","ocean_post_title_height":0,"ocean_post_title_bg_overlay":0.5,"ocean_post_title_bg_overlay_color":"","ocean_disable_breadcrumbs":"default","ocean_breadcrumbs_color":"","ocean_breadcrumbs_separator_color":"","ocean_breadcrumbs_links_color":"","ocean_breadcrumbs_links_hover_color":"","ocean_display_footer_widgets":"default","ocean_display_footer_bottom":"default","ocean_custom_footer_template":"0","footnotes":""},"class_list":["post-37","page","type-page","status-publish","hentry","entry"],"_links":{"self":[{"href":"https:\/\/kreisseniorenrat-boeblingen.de\/ksrbb\/wp-json\/wp\/v2\/pages\/37","targetHints":{"allow":["GET"]}}],"collection":[{"href":"https:\/\/kreisseniorenrat-boeblingen.de\/ksrbb\/wp-json\/wp\/v2\/pages"}],"about":[{"href":"https:\/\/kreisseniorenrat-boeblingen.de\/ksrbb\/wp-json\/wp\/v2\/types\/page"}],"author":[{"embeddable":true,"href":"https:\/\/kreisseniorenrat-boeblingen.de\/ksrbb\/wp-json\/wp\/v2\/users\/3"}],"replies":[{"embeddable":true,"href":"https:\/\/kreisseniorenrat-boeblingen.de\/ksrbb\/wp-json\/wp\/v2\/comments?post=37"}],"version-history":[{"count":2,"href":"https:\/\/kreisseniorenrat-boeblingen.de\/ksrbb\/wp-json\/wp\/v2\/pages\/37\/revisions"}],"predecessor-version":[{"id":255,"href":"https:\/\/kreisseniorenrat-boeblingen.de\/ksrbb\/wp-json\/wp\/v2\/pages\/37\/revisions\/255"}],"up":[{"embeddable":true,"href":"https:\/\/kreisseniorenrat-boeblingen.de\/ksrbb\/wp-json\/wp\/v2\/pages\/196"}],"wp:attachment":[{"href":"https:\/\/kreisseniorenrat-boeblingen.de\/ksrbb\/wp-json\/wp\/v2\/media?parent=37"}],"curies":[{"name":"wp","href":"https:\/\/api.w.org\/{rel}","templated":true}]}}