{"id":165,"date":"2023-04-24T16:56:15","date_gmt":"2023-04-24T14:56:15","guid":{"rendered":"http:\/\/neu.kreisseniorenrat-boeblingen.de\/?page_id=165"},"modified":"2023-11-17T19:54:23","modified_gmt":"2023-11-17T18:54:23","slug":"fachtage","status":"publish","type":"page","link":"https:\/\/kreisseniorenrat-boeblingen.de\/ksrbb\/informationen\/wissenswertes\/fachtage\/","title":{"rendered":"Fachtage"},"content":{"rendered":"\t\t<div data-elementor-type=\"wp-page\" data-elementor-id=\"165\" class=\"elementor elementor-165\">\n\t\t\t\t\t\t<section class=\"elementor-section elementor-top-section elementor-element elementor-element-57d13cbc elementor-section-boxed elementor-section-height-default elementor-section-height-default\" data-id=\"57d13cbc\" data-element_type=\"section\" data-e-type=\"section\">\n\t\t\t\t\t\t<div class=\"elementor-container elementor-column-gap-default\">\n\t\t\t\t\t<div class=\"elementor-column elementor-col-100 elementor-top-column elementor-element elementor-element-46d89dd7\" data-id=\"46d89dd7\" data-element_type=\"column\" data-e-type=\"column\">\n\t\t\t<div class=\"elementor-widget-wrap elementor-element-populated\">\n\t\t\t\t\t\t<div class=\"elementor-element elementor-element-7da535f elementor-widget elementor-widget-heading\" data-id=\"7da535f\" data-element_type=\"widget\" data-e-type=\"widget\" data-widget_type=\"heading.default\">\n\t\t\t\t<div class=\"elementor-widget-container\">\n\t\t\t\t\t<h2 class=\"elementor-heading-title elementor-size-default\">Fachtage zum Thema \u201eGerontologie\"<\/h2>\t\t\t\t<\/div>\n\t\t\t\t<\/div>\n\t\t\t\t<div class=\"elementor-element elementor-element-a1906ad elementor-widget elementor-widget-text-editor\" data-id=\"a1906ad\" data-element_type=\"widget\" data-e-type=\"widget\" data-widget_type=\"text-editor.default\">\n\t\t\t\t<div class=\"elementor-widget-container\">\n\t\t\t\t\t\t\t\t\tSeit \u00fcber 14 Jahren bietet der Kreisseniorenrat einen Fachtag f\u00fcr Personen an, die in der Pflege t\u00e4tig sind. Wir haben es uns zur Aufgabe gemacht, aktuelle Themen aus der Gerontologie aufzugreifen und sie weiterzuvermitteln. Die Fortbildungen sind so gestaltet, dass am Vormittag ein wissenschaftliches &#8211; meist medizinisches &#8211; Thema von kompetenter Seite vorgestellt wird. Am Nachmittag wird \u00fcber die dazu geh\u00f6renden Angebote im Landkreis berichtet. Dazu laden wir die Projektverantwortlichen ein, die dann ihre Arbeit vorstellen\n<ul>\n \t<li>Dem Sterben Leben geben \u2013 Hospizarbeit im Landkreis B\u00f6blingen\u00a0\u2013 <a style=\"font-size: 16px;\" href=\"https:\/\/kreisseniorenrat-boeblingen.de\/ksrbb\/wp-content\/uploads\/2023\/05\/2016-02-25_Affemann.pdf\" data-type=\"URL\" data-id=\"https:\/\/kreisseniorenrat-boeblingen.de\/ksrbb\/wp-content\/uploads\/2023\/05\/2016-02-25_Affemann.pdf\">Natascha Affemann<\/a><\/li>\n \t<li>Die 8 Ambulanten Hospizdienste des Landkreises stellen sich vor\u00a0\u2013\u00a0Leitung\u00a0<a style=\"font-size: 16px;\" href=\"https:\/\/kreisseniorenrat-boeblingen.de\/ksrbb\/wp-content\/uploads\/2023\/05\/2016-02-25_Vorstellung.pdf\">Kerstin Reese<\/a><\/li>\n \t<li>Das Station\u00e4re Hospiz in Leonberg \u2013 Ein Haus aus Licht und Farben\u00a0\u2013\u00a0<a style=\"font-size: 16px;\" href=\"https:\/\/kreisseniorenrat-boeblingen.de\/ksrbb\/wp-content\/uploads\/2023\/05\/2016-02-25_Hospiz.pdf\">Gabriele Reichle<\/a><\/li>\n \t<li>\u00c4rzte und Pflegedienstleitung stellen die neue Palliativstation in Herrenberg vor\u00a0\u2013\u00a0\u00a0<a style=\"font-size: 16px;\" href=\"https:\/\/kreisseniorenrat-boeblingen.de\/ksrbb\/wp-content\/uploads\/2023\/05\/2016-02-25_PalliativStation.pdf\">Dr. Alexis Wolf<\/a><\/li>\n \t<li>Bedeutung und Angebote der SAPV \u2013 Spezialisierte Ambulante Palliativ-Versorgung\u00a0\u2013\u00a0<a style=\"font-size: 16px;\" href=\"https:\/\/kreisseniorenrat-boeblingen.de\/ksrbb\/wp-content\/uploads\/2023\/05\/2016-02-25_SAPV.pdf\">Claudia Gussmann<\/a><\/li>\n<\/ul>\nDie Teilnehmer \u2013 darunter auch 17 Sch\u00fclerinnen der 2. Klasse der AWO Altenpflegefachschule in Sindelfingen lauschten den hervorragenden Vortr\u00e4gen und gewannen neue Erkenntnisse \u00fcber Dienste und Angebote zu diesem Thema im Kreis B\u00f6blingen. Im Landkreis sind wir dazu sehr gut ausgestattet. Und es ist wichtig, das zu wissen \u2013 denn wie schnell kann man in einer Situation sein, wo man einem Angeh\u00f6rigen oder Bekannten einen guten Rat geben kann.\t\t\t\t\t\t\t\t<\/div>\n\t\t\t\t<\/div>\n\t\t\t\t<div class=\"elementor-element elementor-element-8136786 elementor-widget-divider--view-line elementor-widget elementor-widget-divider\" data-id=\"8136786\" data-element_type=\"widget\" data-e-type=\"widget\" data-widget_type=\"divider.default\">\n\t\t\t\t<div class=\"elementor-widget-container\">\n\t\t\t\t\t\t\t<div class=\"elementor-divider\">\n\t\t\t<span class=\"elementor-divider-separator\">\n\t\t\t\t\t\t<\/span>\n\t\t<\/div>\n\t\t\t\t\t\t<\/div>\n\t\t\t\t<\/div>\n\t\t\t\t<div class=\"elementor-element elementor-element-ea5dc00 elementor-widget elementor-widget-heading\" data-id=\"ea5dc00\" data-element_type=\"widget\" data-e-type=\"widget\" data-widget_type=\"heading.default\">\n\t\t\t\t<div class=\"elementor-widget-container\">\n\t\t\t\t\t<h2 class=\"elementor-heading-title elementor-size-default\">Fachtag 5. Feb. 2015: \u201eSelbstbewusst leben ohne sich einsam zu f\u00fchlen\u201c<\/h2>\t\t\t\t<\/div>\n\t\t\t\t<\/div>\n\t\t\t\t<div class=\"elementor-element elementor-element-48c54d6 elementor-widget elementor-widget-text-editor\" data-id=\"48c54d6\" data-element_type=\"widget\" data-e-type=\"widget\" data-widget_type=\"text-editor.default\">\n\t\t\t\t<div class=\"elementor-widget-container\">\n\t\t\t\t\t\t\t\t\tAm Donnerstag, 5. Feb. 2015 fand im Seniorenheim \u201eHaus am Maienplatz\u201c in B\u00f6blingen, ein weiterer \u201eFachtag Gerontologie\u201c mit dem Thema \u201eSelbstbestimmt leben ohne sich einsam zu f\u00fchlen\u201c statt. Hauptreferent war Prof. Rolf D. Hirsch, Universit\u00e4t Bonn, Facharzt f\u00fcr Geriatrie, Psychoanalyse und Psychotherapeutische Medizin. Er berichtete aus seiner Praxis \u00fcber Ursachen und Wirkung von Einsamkeit und wie man damit umgehen kann. Die Veranstaltung war ein gro\u00dfer Erfolg: 130 Teilnehmer lauschten den Vortr\u00e4gen, die sehr authentisch, aus dem Leben gesprochen und mit viel Erfahrung vorgetragen wurden.\n\nHier k\u00f6nnen Sie einen\u00a0Bericht\u00a0\u00fcber die Tagung finden \u2013 und die Vortr\u00e4ge: der\u00a0Vortrag von Prof. Hirsch\u00a0und die Berichte von A. Schmid \u00fcber\u00a0Altersarmut, von\u00a0M. Koebler, von A. Bertsch und R. Steinborn aus\u00a0M\u00f6tzingen, von K. Gehring aus\u00a0Leonberg.\t\t\t\t\t\t\t\t<\/div>\n\t\t\t\t<\/div>\n\t\t\t\t<div class=\"elementor-element elementor-element-bbed85f elementor-widget-divider--view-line elementor-widget elementor-widget-divider\" data-id=\"bbed85f\" data-element_type=\"widget\" data-e-type=\"widget\" data-widget_type=\"divider.default\">\n\t\t\t\t<div class=\"elementor-widget-container\">\n\t\t\t\t\t\t\t<div class=\"elementor-divider\">\n\t\t\t<span class=\"elementor-divider-separator\">\n\t\t\t\t\t\t<\/span>\n\t\t<\/div>\n\t\t\t\t\t\t<\/div>\n\t\t\t\t<\/div>\n\t\t\t\t<div class=\"elementor-element elementor-element-53c5f01 elementor-widget elementor-widget-heading\" data-id=\"53c5f01\" data-element_type=\"widget\" data-e-type=\"widget\" data-widget_type=\"heading.default\">\n\t\t\t\t<div class=\"elementor-widget-container\">\n\t\t\t\t\t<h2 class=\"elementor-heading-title elementor-size-default\">Fachtag 14. Nov. 2013: \u00c4ngste vor der Altersvergesslichkeit<\/h2>\t\t\t\t<\/div>\n\t\t\t\t<\/div>\n\t\t\t\t<div class=\"elementor-element elementor-element-592360b elementor-widget elementor-widget-text-editor\" data-id=\"592360b\" data-element_type=\"widget\" data-e-type=\"widget\" data-widget_type=\"text-editor.default\">\n\t\t\t\t<div class=\"elementor-widget-container\">\n\t\t\t\t\t\t\t\t\t<strong>Im Jahr der Demenzkampagne des Landkreises B\u00f6blingen lud der Kreisseniorenrat B\u00f6blingen zum Fachtag \u00fcber das Thema \u201e\u00c4ngste vor der Altersvergesslichkeit\u201c ein.<\/strong><\/p>\n<p>Am Vormittag sprach\u00a0Prof. Gerhard Eschweiler\u00a0vom Geriatrischen Zentrum des Universitit\u00e4tsklinikums in T\u00fcbingen \u00fcber\u00a0\u201eBerechtigte und \u00fcbertriebene \u00c4ngste vor der Altersvergesslichkeit und der Demenzerkrankungen\u201c.<\/p>\n<p>Prof. G. Eschweiler hat uns in seiner bekannten anschaulichen Art neue wissenschaftliche Erkenntnisse dargestellt, Vorgehensweisen zur Bestimmung der Demenzerkrankung erkl\u00e4rt, die Grundtypen der Demenz beschrieben, Symptome der Depression im Unterschied zur Demenz verdeutlicht und Risikofaktoren f\u00fcr vorzeitige Alterung genannt. Schlie\u00dflich gab er noch Ratschl\u00e4ge f\u00fcr nachhaltige Hilfe vor Demenz, Depression und \u00c4ngsten. Sein Vortrag ist hier zu finden \u2013&gt;\u00a0<a href=\"https:\/\/kreisseniorenrat-boeblingen.de\/ksrbb\/wp-content\/uploads\/2023\/05\/2013-11-14_Eschweiler.pdf\">hier<\/a><\/p>\n\n<p>Den Nachmittag gestaltete Frau\u00a0Brigitta Schr\u00f6der. In ihrem Vortrag\u00a0\u201eLernen von und mit Menschen mit Demenz\u201c\u00a0betonte sie ihr Anliegen einer wertsch\u00e4tzenden Begleitung von demenzkranken Menschen. Brigitta Schr\u00f6der motivierte alle, die mit Menschen mit Demenz in Ber\u00fchrung kommen, sich diesen Menschen lernend und wertsch\u00e4tzend mit Phantasie und Kreativit\u00e4t zuzuwenden. In ihrem lebendigen Vortrag gelang es ihr, hart betroffene Begleitpersonen zu ermutigen um in belastenden Situationen Lichtblicke und neue Einsichten zu entdecken.<\/p>\t\t\t\t\t\t\t\t<\/div>\n\t\t\t\t<\/div>\n\t\t\t\t<div class=\"elementor-element elementor-element-fed6048 elementor-widget elementor-widget-heading\" data-id=\"fed6048\" data-element_type=\"widget\" data-e-type=\"widget\" data-widget_type=\"heading.default\">\n\t\t\t\t<div class=\"elementor-widget-container\">\n\t\t\t\t\t<h2 class=\"elementor-heading-title elementor-size-default\">Fachtag 22. M\u00e4rz 2012: Technische Hilfen im Alltag<\/h2>\t\t\t\t<\/div>\n\t\t\t\t<\/div>\n\t\t\t\t<div class=\"elementor-element elementor-element-50dbf489 elementor-widget elementor-widget-text-editor\" data-id=\"50dbf489\" data-element_type=\"widget\" data-e-type=\"widget\" data-widget_type=\"text-editor.default\">\n\t\t\t\t<div class=\"elementor-widget-container\">\n\t\t\t\t\t\t\t\t\t<p>Der KSR veranstaltete am 22. M\u00e4rz 2012 einen Fachtag im Haus am Maienplatz unter dem Thema \u201eWie k\u00f6nnen technische Hilfen den Alltag und das Wohnen im Alter unterst\u00fctzen?\u201c. Das Thema lockte nahezu 100 Teilnehmer aus zahlreichen Gemeinden des Landkreises nach B\u00f6blingen. Eine Zusammenfassung und die Agenda finden Sie -&gt;\u00a0<a href=\"https:\/\/kreisseniorenrat-boeblingen.de\/ksrbb\/wp-content\/uploads\/2023\/11\/2012-03-22-Fachtag.pdf\">hier <\/a><\/p><p>Hier finden Sie auch die Folien der Vortr\u00e4ge des Fraunhofer Instituts\u00a0<a href=\"https:\/\/kreisseniorenrat-boeblingen.de\/ksrbb\/wp-content\/uploads\/2023\/05\/2012-03-22-Ausblick.pdf\">Ausblick &#8211; Trends in der Pflege<\/a>\u00a0und <a href=\"https:\/\/kreisseniorenrat-boeblingen.de\/ksrbb\/wp-content\/uploads\/2023\/05\/2012-03-22-Technologien.pdf\">Fernblick Pflege-Technologien der Zukunft<\/a>.\u00a0Ebenso die Folien des\u00a0<a href=\"https:\/\/kreisseniorenrat-boeblingen.de\/ksrbb\/wp-content\/uploads\/2023\/05\/2012-03-22-Vortrag.pdf\">Vortrags \u00fcber den Modellversuch in Grafenau<\/a>.<\/p>\t\t\t\t\t\t\t\t<\/div>\n\t\t\t\t<\/div>\n\t\t\t\t\t<\/div>\n\t\t<\/div>\n\t\t\t\t\t<\/div>\n\t\t<\/section>\n\t\t\t\t<\/div>\n\t\t","protected":false},"excerpt":{"rendered":"<p>Fachtage zum Thema \u201eGerontologie&#8220; Seit \u00fcber 14 Jahren bietet der Kreisseniorenrat einen Fachtag f\u00fcr Personen an, die in der Pflege t\u00e4tig sind. Wir haben es uns zur Aufgabe gemacht, aktuelle Themen aus der Gerontologie aufzugreifen und sie weiterzuvermitteln. Die Fortbildungen sind so gestaltet, dass am Vormittag ein wissenschaftliches &#8211; meist medizinisches &#8211; Thema von kompetenter [&hellip;]<\/p>\n","protected":false},"author":3,"featured_media":0,"parent":159,"menu_order":0,"comment_status":"closed","ping_status":"closed","template":"","meta":{"_crdt_document":"","ocean_post_layout":"","ocean_both_sidebars_style":"","ocean_both_sidebars_content_width":0,"ocean_both_sidebars_sidebars_width":0,"ocean_sidebar":"0","ocean_second_sidebar":"0","ocean_disable_margins":"enable","ocean_add_body_class":"","ocean_shortcode_before_top_bar":"","ocean_shortcode_after_top_bar":"","ocean_shortcode_before_header":"","ocean_shortcode_after_header":"","ocean_has_shortcode":"","ocean_shortcode_after_title":"","ocean_shortcode_before_footer_widgets":"","ocean_shortcode_after_footer_widgets":"","ocean_shortcode_before_footer_bottom":"","ocean_shortcode_after_footer_bottom":"","ocean_display_top_bar":"default","ocean_display_header":"default","ocean_header_style":"","ocean_center_header_left_menu":"0","ocean_custom_header_template":"0","ocean_custom_logo":0,"ocean_custom_retina_logo":0,"ocean_custom_logo_max_width":0,"ocean_custom_logo_tablet_max_width":0,"ocean_custom_logo_mobile_max_width":0,"ocean_custom_logo_max_height":0,"ocean_custom_logo_tablet_max_height":0,"ocean_custom_logo_mobile_max_height":0,"ocean_header_custom_menu":"0","ocean_menu_typo_font_family":"0","ocean_menu_typo_font_subset":"","ocean_menu_typo_font_size":0,"ocean_menu_typo_font_size_tablet":0,"ocean_menu_typo_font_size_mobile":0,"ocean_menu_typo_font_size_unit":"px","ocean_menu_typo_font_weight":"","ocean_menu_typo_font_weight_tablet":"","ocean_menu_typo_font_weight_mobile":"","ocean_menu_typo_transform":"","ocean_menu_typo_transform_tablet":"","ocean_menu_typo_transform_mobile":"","ocean_menu_typo_line_height":0,"ocean_menu_typo_line_height_tablet":0,"ocean_menu_typo_line_height_mobile":0,"ocean_menu_typo_line_height_unit":"","ocean_menu_typo_spacing":0,"ocean_menu_typo_spacing_tablet":0,"ocean_menu_typo_spacing_mobile":0,"ocean_menu_typo_spacing_unit":"","ocean_menu_link_color":"","ocean_menu_link_color_hover":"","ocean_menu_link_color_active":"","ocean_menu_link_background":"","ocean_menu_link_hover_background":"","ocean_menu_link_active_background":"","ocean_menu_social_links_bg":"","ocean_menu_social_hover_links_bg":"","ocean_menu_social_links_color":"","ocean_menu_social_hover_links_color":"","ocean_disable_title":"default","ocean_disable_heading":"on","ocean_post_title":"","ocean_post_subheading":"","ocean_post_title_style":"","ocean_post_title_background_color":"","ocean_post_title_background":0,"ocean_post_title_bg_image_position":"","ocean_post_title_bg_image_attachment":"","ocean_post_title_bg_image_repeat":"","ocean_post_title_bg_image_size":"","ocean_post_title_height":0,"ocean_post_title_bg_overlay":0.5,"ocean_post_title_bg_overlay_color":"","ocean_disable_breadcrumbs":"default","ocean_breadcrumbs_color":"","ocean_breadcrumbs_separator_color":"","ocean_breadcrumbs_links_color":"","ocean_breadcrumbs_links_hover_color":"","ocean_display_footer_widgets":"default","ocean_display_footer_bottom":"default","ocean_custom_footer_template":"0","footnotes":""},"class_list":["post-165","page","type-page","status-publish","hentry","entry"],"_links":{"self":[{"href":"https:\/\/kreisseniorenrat-boeblingen.de\/ksrbb\/wp-json\/wp\/v2\/pages\/165","targetHints":{"allow":["GET"]}}],"collection":[{"href":"https:\/\/kreisseniorenrat-boeblingen.de\/ksrbb\/wp-json\/wp\/v2\/pages"}],"about":[{"href":"https:\/\/kreisseniorenrat-boeblingen.de\/ksrbb\/wp-json\/wp\/v2\/types\/page"}],"author":[{"embeddable":true,"href":"https:\/\/kreisseniorenrat-boeblingen.de\/ksrbb\/wp-json\/wp\/v2\/users\/3"}],"replies":[{"embeddable":true,"href":"https:\/\/kreisseniorenrat-boeblingen.de\/ksrbb\/wp-json\/wp\/v2\/comments?post=165"}],"version-history":[{"count":65,"href":"https:\/\/kreisseniorenrat-boeblingen.de\/ksrbb\/wp-json\/wp\/v2\/pages\/165\/revisions"}],"predecessor-version":[{"id":2660,"href":"https:\/\/kreisseniorenrat-boeblingen.de\/ksrbb\/wp-json\/wp\/v2\/pages\/165\/revisions\/2660"}],"up":[{"embeddable":true,"href":"https:\/\/kreisseniorenrat-boeblingen.de\/ksrbb\/wp-json\/wp\/v2\/pages\/159"}],"wp:attachment":[{"href":"https:\/\/kreisseniorenrat-boeblingen.de\/ksrbb\/wp-json\/wp\/v2\/media?parent=165"}],"curies":[{"name":"wp","href":"https:\/\/api.w.org\/{rel}","templated":true}]}}