{"id":163,"date":"2023-04-24T16:56:03","date_gmt":"2023-04-24T14:56:03","guid":{"rendered":"http:\/\/neu.kreisseniorenrat-boeblingen.de\/?page_id=163"},"modified":"2023-06-27T10:58:23","modified_gmt":"2023-06-27T08:58:23","slug":"einsamkeit","status":"publish","type":"page","link":"https:\/\/kreisseniorenrat-boeblingen.de\/ksrbb\/informationen\/wissenswertes\/einsamkeit\/","title":{"rendered":"Einsamkeit"},"content":{"rendered":"\t\t<div data-elementor-type=\"wp-page\" data-elementor-id=\"163\" class=\"elementor elementor-163\">\n\t\t\t\t\t\t<section class=\"elementor-section elementor-top-section elementor-element elementor-element-61cd7f9a elementor-section-boxed elementor-section-height-default elementor-section-height-default\" data-id=\"61cd7f9a\" data-element_type=\"section\" data-e-type=\"section\">\n\t\t\t\t\t\t<div class=\"elementor-container elementor-column-gap-default\">\n\t\t\t\t\t<div class=\"elementor-column elementor-col-100 elementor-top-column elementor-element elementor-element-66f456bb\" data-id=\"66f456bb\" data-element_type=\"column\" data-e-type=\"column\">\n\t\t\t<div class=\"elementor-widget-wrap elementor-element-populated\">\n\t\t\t\t\t\t<div class=\"elementor-element elementor-element-19fe554f elementor-widget elementor-widget-text-editor\" data-id=\"19fe554f\" data-element_type=\"widget\" data-e-type=\"widget\" data-widget_type=\"text-editor.default\">\n\t\t\t\t<div class=\"elementor-widget-container\">\n\t\t\t\t\t\t\t\t\t\n<h2 class=\"wp-block-heading\">Wie k\u00f6nnen wir einsame Menschen einbeziehen?<\/h2>\n\n<p class=\"has-black-color has-text-color wp-block-paragraph\">&#8230; diese Frage stellte sich der Kreisseniorenrat B\u00f6blingen anl\u00e4sslich der Gesundheitskonferenz des Kreises und aufgrund verschiedener Beobachtungen, z. B. dass zu unserer Seniorentreffs zunehmend fr\u00fchere Teilnehmer nicht mehr kommen. Studien zufolge f\u00fchlen sich mind. 15 % der Menschen einsam, mit steigender Tendenz. Zudem ist Einsamkeit ein gesundheitlicher Risikofaktor und oft auch Grund f\u00fcr Suizid.<\/p>\n\n<p class=\"has-black-color has-text-color wp-block-paragraph\">In Beratungen unter Beteiligung der Kommunen wurden 4 Schritte festgelegt:<\/p>\n\n<ol class=\"wp-block-list\">\n<li>Beschreibung von bereits bestehenden und nachahmenswerten Projekten<\/li>\n\n<li>Verst\u00e4rkung vorhandener und Aufbau neuer Besuchsdienste in allen 26 Kommunen<\/li>\n\n<li>Einbeziehung von sog. \u201eSensitiven Mittlern\u201c, die mit einsamen Menschen Kontakt haben, u.a. Entlass-Schwestern in den Kliniken, Soziale Dienste mit Hausbesuchen, \u00c4rzte, iav-Stellen, usw<\/li>\n\n<li>Aufbau einer Struktur f\u00fcr Aufnahme und Organisation von Besuchsw\u00fcnschen.<\/li>\n<\/ol>\n\n<figure class=\"wp-block-image size-full\"><a href=\"https:\/\/kreisseniorenrat-boeblingen.de\/ksrbb\/wp-content\/uploads\/2023\/06\/3104b9c168.png\"><img decoding=\"async\" class=\"alignnone wp-image-1725 size-full\" src=\"https:\/\/kreisseniorenrat-boeblingen.de\/ksrbb\/wp-content\/uploads\/2023\/06\/3104b9c168.png\" alt=\"\" width=\"180\" height=\"135\" \/><\/a><\/figure>\n\n<p class=\"has-black-color has-text-color wp-block-paragraph\">Bei Punkt 2. haben sich zwei Modelle als erfolgreich herausgestellt:<\/p>\n\n<p class=\"has-black-color has-text-color wp-block-paragraph\"><strong>Modell Sch\u00f6naich:<\/strong>\u00a0Der B\u00fcrgermeister dieser 9000 Einwohner z\u00e4hlenden Gemeinde lud seine B\u00fcrger zu einer Veranstaltung ein mit dem Thema: \u201eEhrenamtliche Dienste von B\u00fcrger f\u00fcr B\u00fcrger in Sch\u00f6naich\u201c. \u00dcber 100 Interessierte kamen, h\u00f6rten einen Vortrag \u00fcber das Ehrenamt und lauschten Interviews mit Ehrenamtlichen aus verschiedenen Organisationen. In aufgelockerter Stimmung wurden hier Erfahrungen im praktischen Umgang mit einsamen Menschen lebensnah berichtet. Bei einem Imbiss gab es noch weitere Informationen an den Tischen der Organisationen. 14 neue Ehrenamtliche konnten so gewonnen werden f\u00fcr Besuchsdienste, Betreuung Demenzkranker und Unterst\u00fctzung von Familien.<\/p>\n\n<p class=\"has-black-color has-text-color wp-block-paragraph\"><strong>Modell Oberes G\u00e4u:<\/strong>\u00a0F\u00fcr die 4 Gemeinden im Oberen G\u00e4u organisierte die Altenhilfefachberatung Fachseminare \u00fcber \u201eEinf\u00fchlsame Kommunikation\u201c, \u201eDemenz \u2013 mit verwirrtem Verhalten umgehen\u201c, \u201eDepression\u201c und \u201e\u00c4ltere Menschen besuchen\u201c. Von den durchschnittlich 30 Teilnehmern konnten 12 Ehrenamtliche f\u00fcr einen neuen Besuchsdienst im Oberen G\u00e4u gewonnen werden.<\/p>\n\n<p class=\"has-black-color has-text-color wp-block-paragraph\">Beide Modelle kommen in weiteren Kommunen des Kreises zum Einsatz. Auch bei den anderen 3 Punkten wurden gute Fortschritte erzielt. Ein Fachtag am 5. Feb. 2015 mit \u00fcber 120 Teilnehmern mit dem Thema \u201eSelbstbewusst leben ohne sich einsam zu f\u00fchlen\u201c unterst\u00fctzt das Projekt. Weitere Informationen stehen auf unserer Homepage, u. a. 21 Musterprojekte.<\/p>\n\n<p class=\"has-black-color has-text-color wp-block-paragraph\">Mit diesem vereinbarten Vorgehen versuchen wir, das Thema \u201eEinsamkeit\u201c bewusst zu machen und einige M\u00f6glichkeiten gegen Einsamkeit in die Wege zu leiten.<\/p>\n\n<p class=\"has-black-color has-text-color wp-block-paragraph\">\u00a0<\/p>\n\t\t\t\t\t\t\t\t<\/div>\n\t\t\t\t<\/div>\n\t\t\t\t\t<\/div>\n\t\t<\/div>\n\t\t\t\t\t<\/div>\n\t\t<\/section>\n\t\t\t\t<\/div>\n\t\t","protected":false},"excerpt":{"rendered":"<p>Wie k\u00f6nnen wir einsame Menschen einbeziehen? &#8230; diese Frage stellte sich der Kreisseniorenrat B\u00f6blingen anl\u00e4sslich der Gesundheitskonferenz des Kreises und aufgrund verschiedener Beobachtungen, z. B. dass zu unserer Seniorentreffs zunehmend fr\u00fchere Teilnehmer nicht mehr kommen. Studien zufolge f\u00fchlen sich mind. 15 % der Menschen einsam, mit steigender Tendenz. Zudem ist Einsamkeit ein gesundheitlicher Risikofaktor und [&hellip;]<\/p>\n","protected":false},"author":3,"featured_media":0,"parent":159,"menu_order":0,"comment_status":"closed","ping_status":"closed","template":"","meta":{"_crdt_document":"","ocean_post_layout":"","ocean_both_sidebars_style":"","ocean_both_sidebars_content_width":0,"ocean_both_sidebars_sidebars_width":0,"ocean_sidebar":"0","ocean_second_sidebar":"0","ocean_disable_margins":"enable","ocean_add_body_class":"","ocean_shortcode_before_top_bar":"","ocean_shortcode_after_top_bar":"","ocean_shortcode_before_header":"","ocean_shortcode_after_header":"","ocean_has_shortcode":"","ocean_shortcode_after_title":"","ocean_shortcode_before_footer_widgets":"","ocean_shortcode_after_footer_widgets":"","ocean_shortcode_before_footer_bottom":"","ocean_shortcode_after_footer_bottom":"","ocean_display_top_bar":"default","ocean_display_header":"default","ocean_header_style":"","ocean_center_header_left_menu":"0","ocean_custom_header_template":"0","ocean_custom_logo":0,"ocean_custom_retina_logo":0,"ocean_custom_logo_max_width":0,"ocean_custom_logo_tablet_max_width":0,"ocean_custom_logo_mobile_max_width":0,"ocean_custom_logo_max_height":0,"ocean_custom_logo_tablet_max_height":0,"ocean_custom_logo_mobile_max_height":0,"ocean_header_custom_menu":"0","ocean_menu_typo_font_family":"0","ocean_menu_typo_font_subset":"","ocean_menu_typo_font_size":0,"ocean_menu_typo_font_size_tablet":0,"ocean_menu_typo_font_size_mobile":0,"ocean_menu_typo_font_size_unit":"px","ocean_menu_typo_font_weight":"","ocean_menu_typo_font_weight_tablet":"","ocean_menu_typo_font_weight_mobile":"","ocean_menu_typo_transform":"","ocean_menu_typo_transform_tablet":"","ocean_menu_typo_transform_mobile":"","ocean_menu_typo_line_height":0,"ocean_menu_typo_line_height_tablet":0,"ocean_menu_typo_line_height_mobile":0,"ocean_menu_typo_line_height_unit":"","ocean_menu_typo_spacing":0,"ocean_menu_typo_spacing_tablet":0,"ocean_menu_typo_spacing_mobile":0,"ocean_menu_typo_spacing_unit":"","ocean_menu_link_color":"","ocean_menu_link_color_hover":"","ocean_menu_link_color_active":"","ocean_menu_link_background":"","ocean_menu_link_hover_background":"","ocean_menu_link_active_background":"","ocean_menu_social_links_bg":"","ocean_menu_social_hover_links_bg":"","ocean_menu_social_links_color":"","ocean_menu_social_hover_links_color":"","ocean_disable_title":"default","ocean_disable_heading":"default","ocean_post_title":"","ocean_post_subheading":"","ocean_post_title_style":"","ocean_post_title_background_color":"","ocean_post_title_background":0,"ocean_post_title_bg_image_position":"","ocean_post_title_bg_image_attachment":"","ocean_post_title_bg_image_repeat":"","ocean_post_title_bg_image_size":"","ocean_post_title_height":0,"ocean_post_title_bg_overlay":0.5,"ocean_post_title_bg_overlay_color":"","ocean_disable_breadcrumbs":"default","ocean_breadcrumbs_color":"","ocean_breadcrumbs_separator_color":"","ocean_breadcrumbs_links_color":"","ocean_breadcrumbs_links_hover_color":"","ocean_display_footer_widgets":"default","ocean_display_footer_bottom":"default","ocean_custom_footer_template":"0","footnotes":""},"class_list":["post-163","page","type-page","status-publish","hentry","entry"],"_links":{"self":[{"href":"https:\/\/kreisseniorenrat-boeblingen.de\/ksrbb\/wp-json\/wp\/v2\/pages\/163","targetHints":{"allow":["GET"]}}],"collection":[{"href":"https:\/\/kreisseniorenrat-boeblingen.de\/ksrbb\/wp-json\/wp\/v2\/pages"}],"about":[{"href":"https:\/\/kreisseniorenrat-boeblingen.de\/ksrbb\/wp-json\/wp\/v2\/types\/page"}],"author":[{"embeddable":true,"href":"https:\/\/kreisseniorenrat-boeblingen.de\/ksrbb\/wp-json\/wp\/v2\/users\/3"}],"replies":[{"embeddable":true,"href":"https:\/\/kreisseniorenrat-boeblingen.de\/ksrbb\/wp-json\/wp\/v2\/comments?post=163"}],"version-history":[{"count":9,"href":"https:\/\/kreisseniorenrat-boeblingen.de\/ksrbb\/wp-json\/wp\/v2\/pages\/163\/revisions"}],"predecessor-version":[{"id":1928,"href":"https:\/\/kreisseniorenrat-boeblingen.de\/ksrbb\/wp-json\/wp\/v2\/pages\/163\/revisions\/1928"}],"up":[{"embeddable":true,"href":"https:\/\/kreisseniorenrat-boeblingen.de\/ksrbb\/wp-json\/wp\/v2\/pages\/159"}],"wp:attachment":[{"href":"https:\/\/kreisseniorenrat-boeblingen.de\/ksrbb\/wp-json\/wp\/v2\/media?parent=163"}],"curies":[{"name":"wp","href":"https:\/\/api.w.org\/{rel}","templated":true}]}}