{"id":157,"date":"2023-04-24T16:55:15","date_gmt":"2023-04-24T14:55:15","guid":{"rendered":"http:\/\/neu.kreisseniorenrat-boeblingen.de\/?page_id=157"},"modified":"2023-11-17T19:32:03","modified_gmt":"2023-11-17T18:32:03","slug":"kfz-60","status":"publish","type":"page","link":"https:\/\/kreisseniorenrat-boeblingen.de\/ksrbb\/projekte\/sicherheit\/kfz-60\/","title":{"rendered":"KFZ 60+"},"content":{"rendered":"\n<h2 class=\"wp-block-heading\">\u201eKfZ \u2013 60 \u2013 Plus\u201c eine Auffrischung Ihrer Kenntnisse im Stra\u00dfenverkehr<\/h2>\n\n\n\n<h4 class=\"wp-block-heading\">&#8211; Ein  Angebot des Kreisseniorenrats &#8211;<\/h4>\n\n\n\n<p class=\"wp-block-paragraph\">In bisher 20&nbsp;Veranstaltungen zu diesem Thema erlebten wir stets volles Haus und \u00e4u\u00dferst zufriedene Teilnehmer mit Aussagen wie: \u201eIch habe viel gelernt, meine F\u00fchrerscheinpr\u00fcfung ist 45 Jahre her, damals gab es noch keinen Kreisverkehr und kein Einf\u00e4deln\u201c oder \u201emir ist so richtig klar geworden wie wichtig der Schulterblick ist\u201c oder \u201ewenn ihr einen Kurs mit weiteren Themen macht bin ich wieder dabei\u201c.<\/p>\n\n\n\n<p class=\"wp-block-paragraph\">F\u00fcr die \u00e4ltere Generation liegt die F\u00fchrerschein-Pr\u00fcfung weit zur\u00fcck. Vieles im Stra\u00dfenverkehr hat sich mittlerweile ge\u00e4ndert: Neue Verkehrsregelungen, bessere Autos, moderne Sicherheitstechniken, anderes Fahrverhalten der Verkehrsteilnehmer usw. Vielleicht haben auch wir uns etwas ver\u00e4ndert? Mobilit\u00e4t jedoch ist uns ein wichtiges Gut und bedeutet Lebensqualit\u00e4t. Diese Mobilit\u00e4t auch im Alter zu bewahren ist dem Kreisseniorenrat B\u00f6blingen ein gro\u00dfes Anliegen.<\/p>\n\n\n\n<figure class=\"wp-block-image size-large\"><a href=\"https:\/\/kreisseniorenrat-boeblingen.de\/ksrbb\/wp-content\/uploads\/2023\/06\/2019-07-12-Leonberg-2.jpg\"><img decoding=\"async\" src=\"https:\/\/kreisseniorenrat-boeblingen.de\/ksrbb\/wp-content\/uploads\/2023\/06\/2019-07-12-Leonberg-2-1024x464.jpg\" alt=\"\"\/><\/a><\/figure>\n\n\n\n<p class=\"wp-block-paragraph\">In diesem Vortrag von ca. 2 Stunden (mit Pause) werden von den Fahrschulexperten mit vielen Videos u.a. folgende Themen besprochen:<\/p>\n\n\n\n<ul class=\"wp-block-list\">\n<li>Was sind die neuen Verkehrsregelungen im Stra\u00dfenverkehr?<\/li>\n\n\n\n<li>Wie fahre ich sicher u.a. der Schulterblick, optimales Bremsen usw.<\/li>\n\n\n\n<li>Wie reagiert man in Stresssituationen z.B. wenn man bedr\u00e4ngt wird?<\/li>\n\n\n\n<li>Wie verhalte ich mich wenn sich ein Polizeifahrzeug mit Martinshorn von hinten n\u00e4hert?<\/li>\n\n\n\n<li>Wie f\u00e4dele ich mich ein beim \u00dcbergang von 2 Spuren auf eine Spur?<\/li>\n\n\n\n<li>Welches sind die moderne Techniken f\u00fcrs Autofahren u.a. Einparkhilfen, Assistenzsysteme?<\/li>\n\n\n\n<li>Wie verhalte ich mich bei Dunkelheit?<\/li>\n\n\n\n<li>Wie nutze ich einen Navigator?<\/li>\n\n\n\n<li>Welche Assistenzsysteme gibt es und was n\u00fctzen diese?<\/li>\n<\/ul>\n\n\n\n<figure class=\"wp-block-image size-large\"><a href=\"https:\/\/kreisseniorenrat-boeblingen.de\/ksrbb\/wp-content\/uploads\/2023\/06\/d6213d6c01.jpg\"><img decoding=\"async\" src=\"https:\/\/kreisseniorenrat-boeblingen.de\/ksrbb\/wp-content\/uploads\/2023\/06\/d6213d6c01.jpg\" alt=\"\"\/><\/a><\/figure>\n\n\n\n<p class=\"wp-block-paragraph\">Stadtspezielle Stra\u00dfensituationen und Besonderheiten im Stra\u00dfenverkehr in der jeweiligen Stadt und deren Umfeld werden dargestellt und erl\u00e4utert. Alle Fragen werden gerne beantwortet. Die Teilnehmer erhalten Tipps und Hinweise. Im Vorraum werden E-Bikes vorgestellt und erl\u00e4utert. Meist sind auch Optiker und Akustiker im Foyer dabei, erkl\u00e4ren ihre Ger\u00e4te und bieten Tests an.<\/p>\n\n\n\n<figure class=\"wp-block-image size-large\"><a href=\"https:\/\/kreisseniorenrat-boeblingen.de\/ksrbb\/wp-content\/uploads\/2023\/06\/2019-07-12-Leonberg-1.jpg\"><img decoding=\"async\" src=\"https:\/\/kreisseniorenrat-boeblingen.de\/ksrbb\/wp-content\/uploads\/2023\/06\/2019-07-12-Leonberg-1-1024x267.jpg\" alt=\"\"\/><\/a><\/figure>\n\n\n\n<p class=\"wp-block-paragraph\">Hier ein paar<strong> interessante Aussagen<\/strong> aus den Veranstaltungen : <\/p>\n\n\n\n<ul class=\"wp-block-list\">\n<li><strong>Fahrt\u00fcchtigkeit im Alter:<\/strong>&nbsp;Es gibt bisher keine gesetzliche Vorschrift, wonach man ab einem gewissen Alter seine Fahrt\u00fcchtigkeit durch eine Fahreignungspr\u00fcfung bzw. durch ein \u00e4rztliches Attest nachweisen muss. Die Versicherungen empfehlen jedoch eine qualifizierte Testfahrt ab 75 Jahren.<\/li>\n\n\n\n<li><strong>\u00c4ltere Papier-F\u00fchrerscheine<\/strong>&nbsp;(\u201eLappen\u201c) m\u00fcssen bis 2033 umgetauscht werden in die neuen EU-F\u00fchrerscheine mit neuem Foto. Der Umtausch k\u00f6nnte entsprechend der Geburtsjahrg\u00e4nge in mehreren Stufen erfolgen um eine \u00dcberlastung der Beh\u00f6rden im Jahr 2033 zu verhindern. Die Fahrerlaubnis in den verschiedenen Klassen bleibt dabei voll erhalten.<\/li>\n\n\n\n<li><strong>Rei\u00dfverschluss:<\/strong>&nbsp;Wenn auf einer zweispurigen Fahrbahn eine Spur endet, z.B. durch eine Baustelle, m\u00fcssen die Fahrzeuge der endenden Spur ganz nach vorne bis ans Ende der Spur fahren. Danach wird das Rei\u00dfverschlussverfahren angewendet. Es gilt kein \u201erechts vor links\u201c, jeder hat R\u00fccksicht auf den anderen zu nehmen.<\/li>\n\n\n\n<li><strong>Einf\u00e4deln auf der Autobahn:<\/strong>&nbsp;Hier hat der einfahrende Fahrer auf den flie\u00dfenden Verkehr zu achten und muss sich einf\u00e4deln ohne den Verkehr zu st\u00f6ren; es gibt kein \u201erechts vor links\u201c.<\/li>\n\n\n\n<li><strong>Kreisverkehr:<\/strong>&nbsp;Beim Ausfahren unbedingt rechts blinken. Und bei der Ausfahrt auf \u00fcberquerende Fu\u00dfg\u00e4nger und Radfahrer achten; diese haben Vorrang auch wenn kein Zebrastreifen vorhanden ist.<\/li>\n\n\n\n<li><strong>Radfahrer:<\/strong>&nbsp;Diese m\u00fcssen am Zebrastreifen absteigen um \u2013 wie ein Fu\u00dfg\u00e4nger \u2013 Vorrang zu haben. Dennoch Vorsicht: Ber\u00fchrt der Radfahren mit dem Fu\u00df den Zebrastreifen ist er bereits Fu\u00dfg\u00e4nger und das Gegenteil ist schwierig nachzuweisen. Also lieber anhalten und den Radfahrer die Stra\u00dfe \u00fcberqueren lassen.<\/li>\n\n\n\n<li><strong>Goldene Regel:<\/strong>&nbsp;Nicht auf ein vermeintliches Recht beharren, lieber defensiv fahren und mal nachgeben, denn die dabei evtl. geopferten Sekunden spielen am Abend am Fernseher keine Rolle mehr..<\/li>\n<\/ul>\n\n\n\n<p class=\"wp-block-paragraph\"><\/p>\n\n\n\n<p class=\"wp-block-paragraph\">Die letzten Veranstaltungen &#8222;Kfz-60-Plus&#8220; waren in<\/p>\n\n\n\n<ul class=\"wp-block-list\">\n<li>Ditzingen-Hirschlanden am 26.3. 2019<\/li>\n\n\n\n<li>Leonberg, Haus der Begegnung am 7.6. 2019<\/li>\n\n\n\n<li>Sindelfingen am 12.7. 2019<\/li>\n\n\n\n<li>Magstadt am 27.9. 2019<\/li>\n\n\n\n<li>Weil der Stadt, 31.5.2017<\/li>\n<\/ul>\n\n\n\n<p class=\"wp-block-paragraph\">Im Moment sind keine Veranstaltungen geplant.<\/p>\n\n\n\n<hr class=\"wp-block-separator has-alpha-channel-opacity\"\/>\n\n\n\n<p class=\"wp-block-paragraph\">\u201e<\/p>\n","protected":false},"excerpt":{"rendered":"<p>\u201eKfZ \u2013 60 \u2013 Plus\u201c eine Auffrischung Ihrer Kenntnisse im Stra\u00dfenverkehr &#8211; Ein Angebot des Kreisseniorenrats &#8211; In bisher 20&nbsp;Veranstaltungen zu diesem Thema erlebten wir stets volles Haus und \u00e4u\u00dferst zufriedene Teilnehmer mit Aussagen wie: \u201eIch habe viel gelernt, meine F\u00fchrerscheinpr\u00fcfung ist 45 Jahre her, damals gab es noch keinen Kreisverkehr und kein Einf\u00e4deln\u201c oder [&hellip;]<\/p>\n","protected":false},"author":3,"featured_media":0,"parent":153,"menu_order":0,"comment_status":"closed","ping_status":"closed","template":"","meta":{"_crdt_document":"","ocean_post_layout":"","ocean_both_sidebars_style":"","ocean_both_sidebars_content_width":0,"ocean_both_sidebars_sidebars_width":0,"ocean_sidebar":"0","ocean_second_sidebar":"0","ocean_disable_margins":"enable","ocean_add_body_class":"","ocean_shortcode_before_top_bar":"","ocean_shortcode_after_top_bar":"","ocean_shortcode_before_header":"","ocean_shortcode_after_header":"","ocean_has_shortcode":"","ocean_shortcode_after_title":"","ocean_shortcode_before_footer_widgets":"","ocean_shortcode_after_footer_widgets":"","ocean_shortcode_before_footer_bottom":"","ocean_shortcode_after_footer_bottom":"","ocean_display_top_bar":"default","ocean_display_header":"default","ocean_header_style":"","ocean_center_header_left_menu":"0","ocean_custom_header_template":"0","ocean_custom_logo":0,"ocean_custom_retina_logo":0,"ocean_custom_logo_max_width":0,"ocean_custom_logo_tablet_max_width":0,"ocean_custom_logo_mobile_max_width":0,"ocean_custom_logo_max_height":0,"ocean_custom_logo_tablet_max_height":0,"ocean_custom_logo_mobile_max_height":0,"ocean_header_custom_menu":"0","ocean_menu_typo_font_family":"0","ocean_menu_typo_font_subset":"","ocean_menu_typo_font_size":0,"ocean_menu_typo_font_size_tablet":0,"ocean_menu_typo_font_size_mobile":0,"ocean_menu_typo_font_size_unit":"px","ocean_menu_typo_font_weight":"","ocean_menu_typo_font_weight_tablet":"","ocean_menu_typo_font_weight_mobile":"","ocean_menu_typo_transform":"","ocean_menu_typo_transform_tablet":"","ocean_menu_typo_transform_mobile":"","ocean_menu_typo_line_height":0,"ocean_menu_typo_line_height_tablet":0,"ocean_menu_typo_line_height_mobile":0,"ocean_menu_typo_line_height_unit":"","ocean_menu_typo_spacing":0,"ocean_menu_typo_spacing_tablet":0,"ocean_menu_typo_spacing_mobile":0,"ocean_menu_typo_spacing_unit":"","ocean_menu_link_color":"","ocean_menu_link_color_hover":"","ocean_menu_link_color_active":"","ocean_menu_link_background":"","ocean_menu_link_hover_background":"","ocean_menu_link_active_background":"","ocean_menu_social_links_bg":"","ocean_menu_social_hover_links_bg":"","ocean_menu_social_links_color":"","ocean_menu_social_hover_links_color":"","ocean_disable_title":"default","ocean_disable_heading":"on","ocean_post_title":"","ocean_post_subheading":"","ocean_post_title_style":"","ocean_post_title_background_color":"","ocean_post_title_background":0,"ocean_post_title_bg_image_position":"","ocean_post_title_bg_image_attachment":"","ocean_post_title_bg_image_repeat":"","ocean_post_title_bg_image_size":"","ocean_post_title_height":0,"ocean_post_title_bg_overlay":0.5,"ocean_post_title_bg_overlay_color":"","ocean_disable_breadcrumbs":"default","ocean_breadcrumbs_color":"","ocean_breadcrumbs_separator_color":"","ocean_breadcrumbs_links_color":"","ocean_breadcrumbs_links_hover_color":"","ocean_display_footer_widgets":"default","ocean_display_footer_bottom":"default","ocean_custom_footer_template":"0","footnotes":""},"class_list":["post-157","page","type-page","status-publish","hentry","entry"],"_links":{"self":[{"href":"https:\/\/kreisseniorenrat-boeblingen.de\/ksrbb\/wp-json\/wp\/v2\/pages\/157","targetHints":{"allow":["GET"]}}],"collection":[{"href":"https:\/\/kreisseniorenrat-boeblingen.de\/ksrbb\/wp-json\/wp\/v2\/pages"}],"about":[{"href":"https:\/\/kreisseniorenrat-boeblingen.de\/ksrbb\/wp-json\/wp\/v2\/types\/page"}],"author":[{"embeddable":true,"href":"https:\/\/kreisseniorenrat-boeblingen.de\/ksrbb\/wp-json\/wp\/v2\/users\/3"}],"replies":[{"embeddable":true,"href":"https:\/\/kreisseniorenrat-boeblingen.de\/ksrbb\/wp-json\/wp\/v2\/comments?post=157"}],"version-history":[{"count":13,"href":"https:\/\/kreisseniorenrat-boeblingen.de\/ksrbb\/wp-json\/wp\/v2\/pages\/157\/revisions"}],"predecessor-version":[{"id":2652,"href":"https:\/\/kreisseniorenrat-boeblingen.de\/ksrbb\/wp-json\/wp\/v2\/pages\/157\/revisions\/2652"}],"up":[{"embeddable":true,"href":"https:\/\/kreisseniorenrat-boeblingen.de\/ksrbb\/wp-json\/wp\/v2\/pages\/153"}],"wp:attachment":[{"href":"https:\/\/kreisseniorenrat-boeblingen.de\/ksrbb\/wp-json\/wp\/v2\/media?parent=157"}],"curies":[{"name":"wp","href":"https:\/\/api.w.org\/{rel}","templated":true}]}}