{"id":151,"date":"2023-04-24T16:54:30","date_gmt":"2023-04-24T14:54:30","guid":{"rendered":"http:\/\/neu.kreisseniorenrat-boeblingen.de\/?page_id=151"},"modified":"2023-06-01T11:54:08","modified_gmt":"2023-06-01T09:54:08","slug":"schreibwettbewerb","status":"publish","type":"page","link":"https:\/\/kreisseniorenrat-boeblingen.de\/ksrbb\/projekte\/schreibwettbewerb\/","title":{"rendered":"Schreibwettbewerb"},"content":{"rendered":"\n<h2 class=\"wp-block-heading\"><strong>Die Historie des KSR Schreibwettbewerb<\/strong><\/h2>\n\n\n\n<p class=\"wp-block-paragraph\">Seit 1990 f\u00fchrt der Kreisseniorenrat B\u00f6blingen j\u00e4hrlich einen Schreibwettbewerb durch \u2013 urspr\u00fcnglich als Mittel zur Kontaktpflege zu den \u00e4lteren Mitb\u00fcrgern gedacht. Dieser Wettbewerb hat sich zu einer Tradition entwickelt, die sich immer gr\u00f6\u00dferer Beliebtheit erfreut. Zahlreiche Hobby-Autor*innen berichten seither in oft bewegenden Geschichten \u00fcber ihr Leben, ihre Erfahrungen und geben teils tiefen Einblick in ihr Gef\u00fchlsleben.<\/p>\n\n\n\n<p class=\"wp-block-paragraph\">Die j\u00e4hrliche Preisverleihung ist ein wundersch\u00f6nes Miteinander, ein stimmungsvoller H\u00f6hepunkt mit Vortr\u00e4gen, Lesungen und der Auszeichnung der Teilnehmer*innen. Am Ende jeder Preisverleihung wird als Ausblick auf das n\u00e4chste Jahr ein neues , auch einmal aktuelles Thema besprochen.<\/p>\n\n\n\n<p class=\"wp-block-paragraph\">Treue Sponsoren, die Stifter der Geldpreise \u00fcber alle Jahre, sind die Kreissparkasse, \u00a0alle 4 regionalen Tageszeitungen\u00a0KRZ BB, SZBZ, G\u00e4ubote\u00a0und Leonberger-KRZ, sowie der Kreisseniorenrat B\u00f6blingen. Die Schirmherrschaft hat dankenswerterweise Landrat Roland Bernhard \u00fcbernommen.\u00a0\u00a0 \u00a0 \u00a0 \u00a0 \u00a0 \u00a0 \u00a0 \u00a0 \u00a0 \u00a0 \u00a0 \u00a0 \u00a0 \u00a0 \u00a0 \u00a0 \u00a0 \u00a0 \u00a0 \u00a0 \u00a0 \u00a0 \u00a0 \u00a0 \u00a0 \u00a0 \u00a0 \u00a0 Mitglieder*innen der Jury des Schreibwettbewerbes sind unsere fachkundigen Chef-Redakteure\u00a0der drei Tageszeitungen SZBZ, Kreiszeitung und G\u00e4ubote, sowie zwei Mitglieder*innen des Kreisseniorenrates. \u00a0<\/p>\n\n\n\n<p class=\"wp-block-paragraph\"><\/p>\n\n\n\n<h2 class=\"wp-block-heading\">Die letzten Schreibwettbewerbe:<\/h2>\n\n\n<ul class=\"wp-block-latest-posts__list has-dates wp-block-latest-posts\"><li><a class=\"wp-block-latest-posts__post-title\" href=\"https:\/\/kreisseniorenrat-boeblingen.de\/ksrbb\/der-kreisseniorenrat-boeblingen-e-v-sucht-wieder-kreative-autorinnen-und-autoren-die-sich-am-37-schreibwettbewerb-beteiligen-moechten\/\">Der Kreisseniorenrat B\u00f6blingen e.V. sucht wieder kreative Autorinnen und Autoren die sich am 37. Schreibwettbewerb beteiligen m\u00f6chten.<\/a><time datetime=\"2026-03-10T09:07:52+01:00\" class=\"wp-block-latest-posts__post-date\">10. M\u00e4rz 2026<\/time><div class=\"wp-block-latest-posts__post-excerpt\">Alle Interessierte sind herzlich eingeladen sich mit ihrer Geschichte zum diesj\u00e4hrigenThema \u201cZukunftsvisionen\u201d zu beteiligen. Bitte senden Sie Ihren Beitrag rechtzeitigals Word-Dokument bis zum Einsendeschluss am Freitag, 25. September 2026 anunsere E-Mail-Adresse kreisseniorenrat@lrabb.de. Wir Organisatoren sind schon sehrgespannt auf viele interessante Geschichten und Erz\u00e4hlungen. Unser sechsk\u00f6pfigesneutrales Juryteam bewertet alle Beitr\u00e4ge und ermittelt die Gewinnerinnen der von\u2026\u00a0<a class=\"wp-block-latest-posts__read-more\" href=\"https:\/\/kreisseniorenrat-boeblingen.de\/ksrbb\/der-kreisseniorenrat-boeblingen-e-v-sucht-wieder-kreative-autorinnen-und-autoren-die-sich-am-37-schreibwettbewerb-beteiligen-moechten\/\" rel=\"noopener noreferrer\"><span class=\"screen-reader-text\">Der Kreisseniorenrat B\u00f6blingen e.V. sucht wieder kreative Autorinnen und Autoren die sich am 37. Schreibwettbewerb beteiligen m\u00f6chten. <\/span>weiterlesen<\/a><\/div><\/li>\n<li><a class=\"wp-block-latest-posts__post-title\" href=\"https:\/\/kreisseniorenrat-boeblingen.de\/ksrbb\/das-leseheft-fuer-2025-ist-verfuegbar\/\">36. Schreibwettbewerbs des Kreisseniorenrat B\u00f6blingen<\/a><time datetime=\"2025-11-11T14:16:34+01:00\" class=\"wp-block-latest-posts__post-date\">11. November 2025<\/time><div class=\"wp-block-latest-posts__post-excerpt\">Der 36. Schreibwettbewerb des Kreisseniorenrats B\u00f6blingen mit dem Thema \u201cHerzensw\u00fcnsche\u201d, ist mit 70 Teilnehmer*innen und 75 Beitr\u00e4gen erfolgreich abgeschlossen worden. Von einer sechsk\u00f6pfigen Jury wurden 22 Beitr\u00e4ge ausgezeichnet und deren Autor*innen geehrt. Die Altersspanne reicht von 10 bis 98 Jahren, mit 18 Teilnehmer*innen zwischen 80 und 89 Jahren und neun \u00e4lter als 90 Jahre, die\u2026\u00a0<a class=\"wp-block-latest-posts__read-more\" href=\"https:\/\/kreisseniorenrat-boeblingen.de\/ksrbb\/das-leseheft-fuer-2025-ist-verfuegbar\/\" rel=\"noopener noreferrer\"><span class=\"screen-reader-text\">36. Schreibwettbewerbs des Kreisseniorenrat B\u00f6blingen <\/span>weiterlesen<\/a><\/div><\/li>\n<li><a class=\"wp-block-latest-posts__post-title\" href=\"https:\/\/kreisseniorenrat-boeblingen.de\/ksrbb\/einladung-zum-schreibwettbewerb-herzenswuensche\/\">Einladung zum Schreibwettbewerb &#8211; &#8218;Herzensw\u00fcnsche&#8216;<\/a><time datetime=\"2025-03-03T15:39:15+01:00\" class=\"wp-block-latest-posts__post-date\">3. M\u00e4rz 2025<\/time><div class=\"wp-block-latest-posts__post-excerpt\"><\/div><\/li>\n<li><a class=\"wp-block-latest-posts__post-title\" href=\"https:\/\/kreisseniorenrat-boeblingen.de\/ksrbb\/35-schreibwettbewerb-einen-versuch-wars-wert\/\">35. Schreibwettbewerb &#8211; Einen Versuch war&#8217;s wert &#8230;&#8230;Leseheft jetzt auch &#8218;online verf\u00fcgbar&#8216;<\/a><time datetime=\"2024-12-05T20:58:07+01:00\" class=\"wp-block-latest-posts__post-date\">5. Dezember 2024<\/time><div class=\"wp-block-latest-posts__post-excerpt\">Die Organisatoren des 35. Schreibwettbewerb mit dem Thema &#8222;Einen Versuch war\u2019s wert\u201d haben sich wieder sehr \u00fcber das rege Interesse gefreut.&nbsp; Es haben&nbsp;letztlich 55 Autor*innen im Alter von 31 bis 97 Jahren 65 interessante Beitr\u00e4ge eingesendet und damit ihre Chance auf einen Preis angemeldet. Mit unseren treuen Sponsoren, der Kreissparkasse, der Kreiszeitung B\u00f6blingen, der Sindelfinger\/B\u00f6blingen\u2026\u00a0<a class=\"wp-block-latest-posts__read-more\" href=\"https:\/\/kreisseniorenrat-boeblingen.de\/ksrbb\/35-schreibwettbewerb-einen-versuch-wars-wert\/\" rel=\"noopener noreferrer\"><span class=\"screen-reader-text\">35. Schreibwettbewerb &#8211; Einen Versuch war&#8217;s wert &#8230;&#8230;Leseheft jetzt auch &#8218;online verf\u00fcgbar&#8216; <\/span>weiterlesen<\/a><\/div><\/li>\n<li><a class=\"wp-block-latest-posts__post-title\" href=\"https:\/\/kreisseniorenrat-boeblingen.de\/ksrbb\/einladung-zum-35-schreibwettbewerb-des-kreisseniorenrat-boeblingen\/\">Einladung zum 35. Schreibwettbewerb des Kreisseniorenrat B\u00f6blingen<\/a><time datetime=\"2024-01-20T10:55:53+01:00\" class=\"wp-block-latest-posts__post-date\">20. Januar 2024<\/time><div class=\"wp-block-latest-posts__post-excerpt\">Der Kreisseniorenrat B\u00f6blingen w\u00fcrde sich sehr freuen, wenn 2024 wieder viele Hobby-Autorinnen und -Autoren das neue Thema \u201cEinen Versuch war\u2019s wert\u201d aufgreifen. Das diesj\u00e4hrige Thema l\u00e4sst wieder viel Spielraum f\u00fcr interessante Geschichten und Erlebnisse aus naher oder ferner Vergangenheit zu. War es ein erfolgreicher Versuch mit einer neuen oder schwierigen Aufgabe oder ein Erlebnis mit\u2026\u00a0<a class=\"wp-block-latest-posts__read-more\" href=\"https:\/\/kreisseniorenrat-boeblingen.de\/ksrbb\/einladung-zum-35-schreibwettbewerb-des-kreisseniorenrat-boeblingen\/\" rel=\"noopener noreferrer\"><span class=\"screen-reader-text\">Einladung zum 35. Schreibwettbewerb des Kreisseniorenrat B\u00f6blingen <\/span>weiterlesen<\/a><\/div><\/li>\n<li><a class=\"wp-block-latest-posts__post-title\" href=\"https:\/\/kreisseniorenrat-boeblingen.de\/ksrbb\/presseartikel-schreibwettbewerb-2023\/\">Presseartikel &#8211; Schreibwettbewerb 2023<\/a><time datetime=\"2023-07-31T10:46:34+02:00\" class=\"wp-block-latest-posts__post-date\">31. Juli 2023<\/time><div class=\"wp-block-latest-posts__post-excerpt\">Artikel SZBZ- 25.7.2023<\/div><\/li>\n<li><a class=\"wp-block-latest-posts__post-title\" href=\"https:\/\/kreisseniorenrat-boeblingen.de\/ksrbb\/34-schreibwettbewerb-50-jahre-landkreis-boeblingen-mein-erlebnis\/\">34. Schreibwettbewerb &#8211; &#8222;50 Jahre Landkreis B\u00f6blingen &#8211; Mein Erlebnis&#8220;<\/a><time datetime=\"2023-07-31T10:43:39+02:00\" class=\"wp-block-latest-posts__post-date\">31. Juli 2023<\/time><div class=\"wp-block-latest-posts__post-excerpt\">Am 21. Juli 2023 konnten die diesj\u00e4hrigen Preistr\u00e4ger*innen des 34. Schreibwettbewerbs im Sitzungssaal des Landratsamtes B\u00f6blingen geehrt werden. Mit dem Thema \u201c50 Jahre Landkreis B\u00f6blingen &#8211; Mein Erlebnis\u201d war erstmals als ein aktuelles, lokales Ereignis f\u00fcr die Autor*innen vorgegeben. Es konnte trefflich von ihnen umgesetzt werden. Die qualitativ beeindruckenden Einsendungen enthielten ebenso fiktive Texte wie\u2026\u00a0<a class=\"wp-block-latest-posts__read-more\" href=\"https:\/\/kreisseniorenrat-boeblingen.de\/ksrbb\/34-schreibwettbewerb-50-jahre-landkreis-boeblingen-mein-erlebnis\/\" rel=\"noopener noreferrer\"><span class=\"screen-reader-text\">34. Schreibwettbewerb &#8211; &#8222;50 Jahre Landkreis B\u00f6blingen &#8211; Mein Erlebnis&#8220; <\/span>weiterlesen<\/a><\/div><\/li>\n<li><a class=\"wp-block-latest-posts__post-title\" href=\"https:\/\/kreisseniorenrat-boeblingen.de\/ksrbb\/33-schreibwettbewerb-was-freiheit-fuer-mich-bedeutet\/\">33. Schreibwettbewerb \u201eWas Freiheit f\u00fcr mich bedeutet\u201c<\/a><time datetime=\"2022-07-22T09:23:52+02:00\" class=\"wp-block-latest-posts__post-date\">22. Juli 2022<\/time><div class=\"wp-block-latest-posts__post-excerpt\">Der&nbsp;33. Schreibwettbewerb hatte 2022 das Thema \u201eWas Freiheit f\u00fcr mich bedeutet\u201c.&nbsp;&nbsp;50 Teilnehmer*innen im Alter von 10 bis 100 (!) Jahren haben sich wieder beteiligt. Der \u00fcberwiegende Teil der Einsendungen&nbsp;kam aus dem Landkreis B\u00f6blingen, aber auch mehrere Autor*innen aus dem Norden, Osten und Westen des Bundesgebietes&nbsp;wurden vom aktuellen Thema angelockt. Erfreulich war auch, dass Einsendungen von\u2026\u00a0<a class=\"wp-block-latest-posts__read-more\" href=\"https:\/\/kreisseniorenrat-boeblingen.de\/ksrbb\/33-schreibwettbewerb-was-freiheit-fuer-mich-bedeutet\/\" rel=\"noopener noreferrer\"><span class=\"screen-reader-text\">33. Schreibwettbewerb \u201eWas Freiheit f\u00fcr mich bedeutet\u201c <\/span>weiterlesen<\/a><\/div><\/li>\n<li><a class=\"wp-block-latest-posts__post-title\" href=\"https:\/\/kreisseniorenrat-boeblingen.de\/ksrbb\/32-schreibwettbewerb-krise-ueberstanden\/\">32. Schreibwettbewerb: &#8222;Krise \u00fcberstanden!?&#8220;<\/a><time datetime=\"2021-05-02T09:17:00+02:00\" class=\"wp-block-latest-posts__post-date\">2. Mai 2021<\/time><div class=\"wp-block-latest-posts__post-excerpt\">Der\u00a032. Schreibwettbewerb\u00a0im Jahr 2021\u00a0hatte das Thema \u201eKrise &#8211; \u00fcberstanden!?&#8220;. 41 Autor*innen im Alter von 11 bis 99 Jahren reichten 57 bewegende Geschichten zu diesem Thema ein. 20 Preise wurden vergeben. In einer sch\u00f6nen Feier, Corona-bedingt leider nur im Kreis der Preistr\u00e4ger*innen, wurden die Preise am 23. Juli 2021 durch die Sponsoren \u00fcberreicht. Einen Abschluss-Bericht zum\u2026\u00a0<a class=\"wp-block-latest-posts__read-more\" href=\"https:\/\/kreisseniorenrat-boeblingen.de\/ksrbb\/32-schreibwettbewerb-krise-ueberstanden\/\" rel=\"noopener noreferrer\"><span class=\"screen-reader-text\">32. Schreibwettbewerb: &#8222;Krise \u00fcberstanden!?&#8220; <\/span>weiterlesen<\/a><\/div><\/li>\n<li><a class=\"wp-block-latest-posts__post-title\" href=\"https:\/\/kreisseniorenrat-boeblingen.de\/ksrbb\/31-schreibwettbewerb-mutgeschichten\/\">31. Schreibwettbewerb &#8222;Mutgeschichten&#8220;<\/a><time datetime=\"2020-07-24T09:22:00+02:00\" class=\"wp-block-latest-posts__post-date\">24. Juli 2020<\/time><div class=\"wp-block-latest-posts__post-excerpt\">Der&nbsp;31. Schreibwettbewerb im Jahr&nbsp;2020&nbsp;hatte das Thema &#8222;Mutgeschichten&#8220;. 73 Autorinnen und Autoren im Alter von 8 bis 94 Jahren reichten 79 interessante Geschichten zu diesem Thema ein. Zahlreiche Preise wurden vergeben. In einer sch\u00f6nen Feier, zu der Corona-bedingt leider nur die Preistr\u00e4ger*innen eingeladen werden konnten, wurden die Preise in feierlichem Rahmen am 24. Juli 2020 \u00fcberreicht.\u2026\u00a0<a class=\"wp-block-latest-posts__read-more\" href=\"https:\/\/kreisseniorenrat-boeblingen.de\/ksrbb\/31-schreibwettbewerb-mutgeschichten\/\" rel=\"noopener noreferrer\"><span class=\"screen-reader-text\">31. Schreibwettbewerb &#8222;Mutgeschichten&#8220; <\/span>weiterlesen<\/a><\/div><\/li>\n<\/ul>","protected":false},"excerpt":{"rendered":"<p>Die Historie des KSR Schreibwettbewerb Seit 1990 f\u00fchrt der Kreisseniorenrat B\u00f6blingen j\u00e4hrlich einen Schreibwettbewerb durch \u2013 urspr\u00fcnglich als Mittel zur Kontaktpflege zu den \u00e4lteren Mitb\u00fcrgern gedacht. Dieser Wettbewerb hat sich zu einer Tradition entwickelt, die sich immer gr\u00f6\u00dferer Beliebtheit erfreut. Zahlreiche Hobby-Autor*innen berichten seither in oft bewegenden Geschichten \u00fcber ihr Leben, ihre Erfahrungen und geben [&hellip;]<\/p>\n","protected":false},"author":3,"featured_media":0,"parent":103,"menu_order":0,"comment_status":"closed","ping_status":"closed","template":"","meta":{"_crdt_document":"","ocean_post_layout":"","ocean_both_sidebars_style":"","ocean_both_sidebars_content_width":0,"ocean_both_sidebars_sidebars_width":0,"ocean_sidebar":"0","ocean_second_sidebar":"0","ocean_disable_margins":"enable","ocean_add_body_class":"","ocean_shortcode_before_top_bar":"","ocean_shortcode_after_top_bar":"","ocean_shortcode_before_header":"","ocean_shortcode_after_header":"","ocean_has_shortcode":"","ocean_shortcode_after_title":"","ocean_shortcode_before_footer_widgets":"","ocean_shortcode_after_footer_widgets":"","ocean_shortcode_before_footer_bottom":"","ocean_shortcode_after_footer_bottom":"","ocean_display_top_bar":"default","ocean_display_header":"default","ocean_header_style":"","ocean_center_header_left_menu":"0","ocean_custom_header_template":"0","ocean_custom_logo":0,"ocean_custom_retina_logo":0,"ocean_custom_logo_max_width":0,"ocean_custom_logo_tablet_max_width":0,"ocean_custom_logo_mobile_max_width":0,"ocean_custom_logo_max_height":0,"ocean_custom_logo_tablet_max_height":0,"ocean_custom_logo_mobile_max_height":0,"ocean_header_custom_menu":"0","ocean_menu_typo_font_family":"0","ocean_menu_typo_font_subset":"","ocean_menu_typo_font_size":0,"ocean_menu_typo_font_size_tablet":0,"ocean_menu_typo_font_size_mobile":0,"ocean_menu_typo_font_size_unit":"px","ocean_menu_typo_font_weight":"","ocean_menu_typo_font_weight_tablet":"","ocean_menu_typo_font_weight_mobile":"","ocean_menu_typo_transform":"","ocean_menu_typo_transform_tablet":"","ocean_menu_typo_transform_mobile":"","ocean_menu_typo_line_height":0,"ocean_menu_typo_line_height_tablet":0,"ocean_menu_typo_line_height_mobile":0,"ocean_menu_typo_line_height_unit":"","ocean_menu_typo_spacing":0,"ocean_menu_typo_spacing_tablet":0,"ocean_menu_typo_spacing_mobile":0,"ocean_menu_typo_spacing_unit":"","ocean_menu_link_color":"","ocean_menu_link_color_hover":"","ocean_menu_link_color_active":"","ocean_menu_link_background":"","ocean_menu_link_hover_background":"","ocean_menu_link_active_background":"","ocean_menu_social_links_bg":"","ocean_menu_social_hover_links_bg":"","ocean_menu_social_links_color":"","ocean_menu_social_hover_links_color":"","ocean_disable_title":"default","ocean_disable_heading":"on","ocean_post_title":"","ocean_post_subheading":"","ocean_post_title_style":"","ocean_post_title_background_color":"","ocean_post_title_background":0,"ocean_post_title_bg_image_position":"","ocean_post_title_bg_image_attachment":"","ocean_post_title_bg_image_repeat":"","ocean_post_title_bg_image_size":"","ocean_post_title_height":0,"ocean_post_title_bg_overlay":0.5,"ocean_post_title_bg_overlay_color":"","ocean_disable_breadcrumbs":"default","ocean_breadcrumbs_color":"","ocean_breadcrumbs_separator_color":"","ocean_breadcrumbs_links_color":"","ocean_breadcrumbs_links_hover_color":"","ocean_display_footer_widgets":"default","ocean_display_footer_bottom":"default","ocean_custom_footer_template":"0","footnotes":""},"class_list":["post-151","page","type-page","status-publish","hentry","entry"],"_links":{"self":[{"href":"https:\/\/kreisseniorenrat-boeblingen.de\/ksrbb\/wp-json\/wp\/v2\/pages\/151","targetHints":{"allow":["GET"]}}],"collection":[{"href":"https:\/\/kreisseniorenrat-boeblingen.de\/ksrbb\/wp-json\/wp\/v2\/pages"}],"about":[{"href":"https:\/\/kreisseniorenrat-boeblingen.de\/ksrbb\/wp-json\/wp\/v2\/types\/page"}],"author":[{"embeddable":true,"href":"https:\/\/kreisseniorenrat-boeblingen.de\/ksrbb\/wp-json\/wp\/v2\/users\/3"}],"replies":[{"embeddable":true,"href":"https:\/\/kreisseniorenrat-boeblingen.de\/ksrbb\/wp-json\/wp\/v2\/comments?post=151"}],"version-history":[{"count":11,"href":"https:\/\/kreisseniorenrat-boeblingen.de\/ksrbb\/wp-json\/wp\/v2\/pages\/151\/revisions"}],"predecessor-version":[{"id":3286,"href":"https:\/\/kreisseniorenrat-boeblingen.de\/ksrbb\/wp-json\/wp\/v2\/pages\/151\/revisions\/3286"}],"up":[{"embeddable":true,"href":"https:\/\/kreisseniorenrat-boeblingen.de\/ksrbb\/wp-json\/wp\/v2\/pages\/103"}],"wp:attachment":[{"href":"https:\/\/kreisseniorenrat-boeblingen.de\/ksrbb\/wp-json\/wp\/v2\/media?parent=151"}],"curies":[{"name":"wp","href":"https:\/\/api.w.org\/{rel}","templated":true}]}}