{"id":147,"date":"2023-04-24T16:54:09","date_gmt":"2023-04-24T14:54:09","guid":{"rendered":"http:\/\/neu.kreisseniorenrat-boeblingen.de\/?page_id=147"},"modified":"2024-12-10T20:53:56","modified_gmt":"2024-12-10T19:53:56","slug":"wohnungsanpassungsberatung","status":"publish","type":"page","link":"https:\/\/kreisseniorenrat-boeblingen.de\/ksrbb\/projekte\/wohnen-im-alter\/wohnungsanpassungsberatung\/","title":{"rendered":"Wohnungsanpassungsberatung"},"content":{"rendered":"\t\t<div data-elementor-type=\"wp-page\" data-elementor-id=\"147\" class=\"elementor elementor-147\">\n\t\t\t\t\t\t<section class=\"elementor-section elementor-top-section elementor-element elementor-element-597e9621 elementor-section-boxed elementor-section-height-default elementor-section-height-default\" data-id=\"597e9621\" data-element_type=\"section\" data-e-type=\"section\">\n\t\t\t\t\t\t<div class=\"elementor-container elementor-column-gap-default\">\n\t\t\t\t\t<div class=\"elementor-column elementor-col-100 elementor-top-column elementor-element elementor-element-463b8d85\" data-id=\"463b8d85\" data-element_type=\"column\" data-e-type=\"column\">\n\t\t\t<div class=\"elementor-widget-wrap elementor-element-populated\">\n\t\t\t\t\t\t<div class=\"elementor-element elementor-element-fc466e2 elementor-widget elementor-widget-heading\" data-id=\"fc466e2\" data-element_type=\"widget\" data-e-type=\"widget\" data-widget_type=\"heading.default\">\n\t\t\t\t<div class=\"elementor-widget-container\">\n\t\t\t\t\t<h2 class=\"elementor-heading-title elementor-size-default\">In den eigenen vier W\u00e4nden bleiben<\/h2>\t\t\t\t<\/div>\n\t\t\t\t<\/div>\n\t\t\t\t<div class=\"elementor-element elementor-element-7dec28a6 elementor-widget elementor-widget-text-editor\" data-id=\"7dec28a6\" data-element_type=\"widget\" data-e-type=\"widget\" data-widget_type=\"text-editor.default\">\n\t\t\t\t<div class=\"elementor-widget-container\">\n\t\t\t\t\t\t\t\t\t<p><\/p>\n<p class=\"has-black-color has-text-color wp-block-paragraph\">So lange wie m\u00f6glich zu Hause wohnen bleiben &#8211; das m\u00f6chten wir doch alle ! Und das gilt auch wenn sich mit zunehmendem Alter Einschr\u00e4nkungen ergeben oder man vielleicht pflegebed\u00fcrftig wird.<br \/>Damit dies in einer nicht barrierefrei gestalteten Wohnung gelingen kann, werden Wohnungsanpassungen notwendig. Es gibt viele M\u00f6glichkeiten, Wohnung oder Haus rechtzeitig so zu ver\u00e4ndern, dass ein Pflegealltag m\u00f6glich ist und ein Umzug vermieden werden kann.<\/p>\n<p><\/p>\n<p class=\"has-black-color has-text-color wp-block-paragraph\">F\u00fcr die erforderliche Sicherheit und Orientierung lassen sich manche Ma\u00dfnahmen sofort umsetzen:<br \/>Rutschgefahr in Dusche oder Wanne durch Aufkleber oder Matte vermindern, Haltegriffe im Bad und beiderseitige Handl\u00e4ufe im Treppenhaus montieren, Toilettensitz erh\u00f6hen, Stolperfallen beseitigen.<br \/>Wichtig sind gute Lichtverh\u00e4ltnisse. Damit vor allem nachts nichts schiefgeht, helfen Bewegungsmelder, \u00fcber die das Licht automatisch angeht. <br \/>Hilfsmittel wie Rollator, Rollstuhl, Pflegebett oder Betteinlagerahmen finanzieren die Kassen.<\/p>\n<p><\/p>\n<p class=\"has-black-color has-text-color wp-block-paragraph\">Wenn der Einstieg in die Dusche oder Badewanne zu hoch ist, die T\u00fcren in der Wohnung zu schmal und Schwellen bzw. Treppen zum Hindernis werden, l\u00e4sst sich meist mit baulichen Anpassungsma\u00dfnahmen und Nutzung von Treppenliftsystemen die notwendige Eigenst\u00e4ndigkeit gew\u00e4hrleisten. Pflegebed\u00fcrftige k\u00f6nnen Zusch\u00fcsse von bis zu 4.000 Euro pro Umbauma\u00dfnahme bei ihrer Pflegekasse beantragen \u2013 vorausgesetzt, sie hat den Umbau vor Beginn genehmigt, die h\u00e4usliche Pflege wird dadurch erleichtert und der Bewohner hat mindestens Pflegegrad 1. Leben mehrere Pflegebed\u00fcrftige gemeinsam in einer Wohnung, k\u00f6nnen sie bis zu 16.000 Euro f\u00fcr den Umbau abrufen. Der Zuschuss wird erneut gezahlt, wenn sich der Pflegebedarf erh\u00f6ht hat.<\/p>\n<p><\/p>\n<p class=\"has-black-color has-text-color wp-block-paragraph\">Unser Tipp:<br \/><a href=\"https:\/\/www.drk-kv-boeblingen.de\/start\/angebote\/rotkreuzdienste\/wohnberatung.html\" target=\"_blank\" rel=\"noopener\">Die Beratungsstelle Wohnungsanpassung des DRK-Kreisverbandes<\/a> (Tel. <a href=\"tel:+4970316904403\">07031 6904-403<\/a>) bietet eine neutrale Beratung zu den M\u00f6glichkeiten der Wohnungsanpassung, ber\u00e4t online oder auch zu Hause und schl\u00e4gt L\u00f6sungen vor, \u00fcber deren Realisierung jeder selbst entscheiden kann. <br \/>Auch wertvolle Online-Veranstaltungen werden angeboten.<\/p>\n<p><\/p>\n<p class=\"wp-block-paragraph\"><\/p>\t\t\t\t\t\t\t\t<\/div>\n\t\t\t\t<\/div>\n\t\t\t\t<section class=\"elementor-section elementor-inner-section elementor-element elementor-element-d48807a elementor-section-boxed elementor-section-height-default elementor-section-height-default\" data-id=\"d48807a\" data-element_type=\"section\" data-e-type=\"section\">\n\t\t\t\t\t\t<div class=\"elementor-container elementor-column-gap-default\">\n\t\t\t\t\t<div class=\"elementor-column elementor-col-50 elementor-inner-column elementor-element elementor-element-e365631\" data-id=\"e365631\" data-element_type=\"column\" data-e-type=\"column\">\n\t\t\t<div class=\"elementor-widget-wrap elementor-element-populated\">\n\t\t\t\t\t\t<div class=\"elementor-element elementor-element-f581eaf elementor-widget__width-initial elementor-widget elementor-widget-button\" data-id=\"f581eaf\" data-element_type=\"widget\" data-e-type=\"widget\" data-widget_type=\"button.default\">\n\t\t\t\t<div class=\"elementor-widget-container\">\n\t\t\t\t\t\t\t\t\t<div class=\"elementor-button-wrapper\">\n\t\t\t\t\t<a class=\"elementor-button elementor-button-link elementor-size-sm\" href=\"https:\/\/www.drk-kv-boeblingen.de\/start\/angebote\/rotkreuzdienste\/wohnberatung.html\" target=\"_blank\">\n\t\t\t\t\t\t<span class=\"elementor-button-content-wrapper\">\n\t\t\t\t\t\t<span class=\"elementor-button-icon\">\n\t\t\t\t<i aria-hidden=\"true\" class=\"far fa-arrow-alt-circle-right\"><\/i>\t\t\t<\/span>\n\t\t\t\t\t\t\t\t\t<span class=\"elementor-button-text\">DRK Wohnungsanpassungsberatung<\/span>\n\t\t\t\t\t<\/span>\n\t\t\t\t\t<\/a>\n\t\t\t\t<\/div>\n\t\t\t\t\t\t\t\t<\/div>\n\t\t\t\t<\/div>\n\t\t\t\t\t<\/div>\n\t\t<\/div>\n\t\t\t\t<div class=\"elementor-column elementor-col-50 elementor-inner-column elementor-element elementor-element-e3fa72e\" data-id=\"e3fa72e\" data-element_type=\"column\" data-e-type=\"column\">\n\t\t\t<div class=\"elementor-widget-wrap elementor-element-populated\">\n\t\t\t\t\t\t<div class=\"elementor-element elementor-element-407e46e elementor-widget elementor-widget-image\" data-id=\"407e46e\" data-element_type=\"widget\" data-e-type=\"widget\" data-widget_type=\"image.default\">\n\t\t\t\t<div class=\"elementor-widget-container\">\n\t\t\t\t\t\t\t\t\t\t\t\t\t\t\t<img fetchpriority=\"high\" decoding=\"async\" width=\"1024\" height=\"200\" src=\"https:\/\/kreisseniorenrat-boeblingen.de\/ksrbb\/wp-content\/uploads\/2024\/12\/KV-Boeblingen-Logo-stabil-sozial-002-1024x200.png\" class=\"attachment-large size-large wp-image-3154\" alt=\"\" srcset=\"https:\/\/kreisseniorenrat-boeblingen.de\/ksrbb\/wp-content\/uploads\/2024\/12\/KV-Boeblingen-Logo-stabil-sozial-002-1024x200.png 1024w, https:\/\/kreisseniorenrat-boeblingen.de\/ksrbb\/wp-content\/uploads\/2024\/12\/KV-Boeblingen-Logo-stabil-sozial-002-300x59.png 300w, https:\/\/kreisseniorenrat-boeblingen.de\/ksrbb\/wp-content\/uploads\/2024\/12\/KV-Boeblingen-Logo-stabil-sozial-002-768x150.png 768w, https:\/\/kreisseniorenrat-boeblingen.de\/ksrbb\/wp-content\/uploads\/2024\/12\/KV-Boeblingen-Logo-stabil-sozial-002-1536x300.png 1536w, https:\/\/kreisseniorenrat-boeblingen.de\/ksrbb\/wp-content\/uploads\/2024\/12\/KV-Boeblingen-Logo-stabil-sozial-002-2048x400.png 2048w\" sizes=\"(max-width: 1024px) 100vw, 1024px\" \/>\t\t\t\t\t\t\t\t\t\t\t\t\t\t\t<\/div>\n\t\t\t\t<\/div>\n\t\t\t\t\t<\/div>\n\t\t<\/div>\n\t\t\t\t\t<\/div>\n\t\t<\/section>\n\t\t\t\t\t<\/div>\n\t\t<\/div>\n\t\t\t\t\t<\/div>\n\t\t<\/section>\n\t\t\t\t<section class=\"elementor-section elementor-top-section elementor-element elementor-element-5cc3e4b elementor-section-boxed elementor-section-height-default elementor-section-height-default\" data-id=\"5cc3e4b\" data-element_type=\"section\" data-e-type=\"section\">\n\t\t\t\t\t\t<div class=\"elementor-container elementor-column-gap-default\">\n\t\t\t\t\t<div class=\"elementor-column elementor-col-100 elementor-top-column elementor-element elementor-element-dc50db5\" data-id=\"dc50db5\" data-element_type=\"column\" data-e-type=\"column\">\n\t\t\t<div class=\"elementor-widget-wrap elementor-element-populated\">\n\t\t\t\t\t\t<div class=\"elementor-element elementor-element-2420ffb elementor-widget elementor-widget-text-editor\" data-id=\"2420ffb\" data-element_type=\"widget\" data-e-type=\"widget\" data-widget_type=\"text-editor.default\">\n\t\t\t\t<div class=\"elementor-widget-container\">\n\t\t\t\t\t\t\t\t\t<p>\u00a0<\/p>\n<p style=\"font-variant-ligatures: normal; font-variant-caps: normal; font-family: Arial, sans-serif; font-size: 16px; font-style: normal; font-weight: 400;\"><span style=\"font-family: Arial, sans-serif; font-size: 16px; font-style: normal; font-variant-ligatures: normal; font-variant-caps: normal; font-weight: 400; color: var( --e-global-color-text );\">Zertifizierte Seniorenfreundliche Handwerker tragen zu einer freundlichen Beratung, Qualit\u00e4tsarbeit und Service bei.<\/span><\/p>\t\t\t\t\t\t\t\t<\/div>\n\t\t\t\t<\/div>\n\t\t\t\t\t<\/div>\n\t\t<\/div>\n\t\t\t\t\t<\/div>\n\t\t<\/section>\n\t\t\t\t<section class=\"elementor-section elementor-top-section elementor-element elementor-element-2bb20ac elementor-section-boxed elementor-section-height-default elementor-section-height-default\" data-id=\"2bb20ac\" data-element_type=\"section\" data-e-type=\"section\">\n\t\t\t\t\t\t<div class=\"elementor-container elementor-column-gap-default\">\n\t\t\t\t\t<div class=\"elementor-column elementor-col-100 elementor-top-column elementor-element elementor-element-9651783\" data-id=\"9651783\" data-element_type=\"column\" data-e-type=\"column\">\n\t\t\t<div class=\"elementor-widget-wrap elementor-element-populated\">\n\t\t\t\t\t\t<section class=\"elementor-section elementor-inner-section elementor-element elementor-element-61bad8a elementor-section-boxed elementor-section-height-default elementor-section-height-default\" data-id=\"61bad8a\" data-element_type=\"section\" data-e-type=\"section\">\n\t\t\t\t\t\t<div class=\"elementor-container elementor-column-gap-default\">\n\t\t\t\t\t<div class=\"elementor-column elementor-col-50 elementor-inner-column elementor-element elementor-element-61a18cb\" data-id=\"61a18cb\" data-element_type=\"column\" data-e-type=\"column\">\n\t\t\t<div class=\"elementor-widget-wrap elementor-element-populated\">\n\t\t\t\t\t\t<div class=\"elementor-element elementor-element-2d2d3cd elementor-widget elementor-widget-button\" data-id=\"2d2d3cd\" data-element_type=\"widget\" data-e-type=\"widget\" data-widget_type=\"button.default\">\n\t\t\t\t<div class=\"elementor-widget-container\">\n\t\t\t\t\t\t\t\t\t<div class=\"elementor-button-wrapper\">\n\t\t\t\t\t<a class=\"elementor-button elementor-button-link elementor-size-sm\" href=\"https:\/\/kreisseniorenrat-boeblingen.de\/ksrbb\/wp-content\/uploads\/2023\/05\/seniorenfreundliche-betreibe.pdf\">\n\t\t\t\t\t\t<span class=\"elementor-button-content-wrapper\">\n\t\t\t\t\t\t<span class=\"elementor-button-icon\">\n\t\t\t\t<i aria-hidden=\"true\" class=\"far fa-arrow-alt-circle-right\"><\/i>\t\t\t<\/span>\n\t\t\t\t\t\t\t\t\t<span class=\"elementor-button-text\">Flyer Seniorenfreundliche Handwerker<\/span>\n\t\t\t\t\t<\/span>\n\t\t\t\t\t<\/a>\n\t\t\t\t<\/div>\n\t\t\t\t\t\t\t\t<\/div>\n\t\t\t\t<\/div>\n\t\t\t\t\t<\/div>\n\t\t<\/div>\n\t\t\t\t<div class=\"elementor-column elementor-col-50 elementor-inner-column elementor-element elementor-element-604bedd\" data-id=\"604bedd\" data-element_type=\"column\" data-e-type=\"column\">\n\t\t\t<div class=\"elementor-widget-wrap elementor-element-populated\">\n\t\t\t\t\t\t<div class=\"elementor-element elementor-element-281fd2a elementor-widget elementor-widget-image\" data-id=\"281fd2a\" data-element_type=\"widget\" data-e-type=\"widget\" data-widget_type=\"image.default\">\n\t\t\t\t<div class=\"elementor-widget-container\">\n\t\t\t\t\t\t\t\t\t\t\t\t\t\t\t<img decoding=\"async\" width=\"1536\" height=\"978\" src=\"https:\/\/kreisseniorenrat-boeblingen.de\/ksrbb\/wp-content\/uploads\/2023\/08\/SfH-Logo-Ellipse-endg.-Siegel7-1536x978.png\" class=\"attachment-1536x1536 size-1536x1536 wp-image-2391\" alt=\"\" srcset=\"https:\/\/kreisseniorenrat-boeblingen.de\/ksrbb\/wp-content\/uploads\/2023\/08\/SfH-Logo-Ellipse-endg.-Siegel7-1536x978.png 1536w, https:\/\/kreisseniorenrat-boeblingen.de\/ksrbb\/wp-content\/uploads\/2023\/08\/SfH-Logo-Ellipse-endg.-Siegel7-300x191.png 300w, https:\/\/kreisseniorenrat-boeblingen.de\/ksrbb\/wp-content\/uploads\/2023\/08\/SfH-Logo-Ellipse-endg.-Siegel7-1024x652.png 1024w, https:\/\/kreisseniorenrat-boeblingen.de\/ksrbb\/wp-content\/uploads\/2023\/08\/SfH-Logo-Ellipse-endg.-Siegel7-768x489.png 768w, https:\/\/kreisseniorenrat-boeblingen.de\/ksrbb\/wp-content\/uploads\/2023\/08\/SfH-Logo-Ellipse-endg.-Siegel7-2048x1304.png 2048w\" sizes=\"(max-width: 1536px) 100vw, 1536px\" \/>\t\t\t\t\t\t\t\t\t\t\t\t\t\t\t<\/div>\n\t\t\t\t<\/div>\n\t\t\t\t\t<\/div>\n\t\t<\/div>\n\t\t\t\t\t<\/div>\n\t\t<\/section>\n\t\t\t\t<div class=\"elementor-element elementor-element-fa657d5 elementor-widget elementor-widget-text-editor\" data-id=\"fa657d5\" data-element_type=\"widget\" data-e-type=\"widget\" data-widget_type=\"text-editor.default\">\n\t\t\t\t<div class=\"elementor-widget-container\">\n\t\t\t\t\t\t\t\t\t<p><b style=\"font-size: 16px; color: var( --e-global-color-text );\">Neu zertifizierte Betriebe, die noch nicht im Flyer sind :\u00a0<\/b><\/p>\n<p><b><span style=\"font-size: 10.0pt; mso-bidi-font-size: 11.0pt; line-height: 107%; font-family: 'Arial',sans-serif; mso-bidi-font-family: 'Times New Roman'; mso-bidi-theme-font: minor-bidi;\">Designwerk Ehningen \u2013 Textile Raumgestaltung<br \/><\/span><\/b><span style=\"font-size: 10.0pt; mso-bidi-font-size: 12.0pt; line-height: 107%; font-family: 'Arial',sans-serif;\">K\u00f6nigstrasse 98, Ehningen <br \/>Telefon 0 70 34 &#8211; 6 35 41<br \/>Mobil 0179 &#8211; 534 11 11<br \/>E-Mail: <a href=\"mailto:info@designwerk-kasberger.de\">info@designwerk-kasberger.de<\/a><br \/>Homepage . <a href=\"http:\/\/www.designwerk-kasberger.de\">www.designwerk-kasberger.de<\/a><\/span><\/p>\n<p><b><span style=\"font-size: 10.0pt; mso-bidi-font-size: 12.0pt; line-height: 107%; font-family: 'Arial',sans-serif;\">Pia Harmicar \u00a0Fenster &amp; T\u00fcren<br \/><\/span><\/b><span style=\"font-size: 10.0pt; mso-bidi-font-size: 12.0pt; line-height: 107%; font-family: 'Arial',sans-serif;\">Rainstra\u00dfe 13 . D-71083 Herrenberg<br \/>Telefon 070 32 &#8211; 89 53 34<br \/>Email : <a href=\"mailto:kontakt@harmicar.de\">kontakt@harmicar.de<\/a><br \/>Homepage <a href=\"http:\/\/www.harmicar.de\">www.harmicar.de<\/a><\/span><\/p>\n<p><b><span style=\"font-size: 10.0pt; mso-bidi-font-size: 12.0pt; line-height: 107%; font-family: 'Arial',sans-serif;\">Grob \u2013 Feine K\u00fcchen nach Mass<br \/><\/span><\/b><span style=\"font-family: Arial, sans-serif; font-size: 10pt;\">Sindelfinger Strasse 5 \u2013 7, Steinenbronn<br \/><\/span><span style=\"font-size: 10.0pt; mso-bidi-font-size: 12.0pt; line-height: 107%; font-family: 'Arial',sans-serif;\">Telefon 07157 \u2013 52450<br \/>Email : <a href=\"mailto:info@grob-kuechen.de\">info@grob-kuechen.de<\/a><br \/>Homepage : <a href=\"http:\/\/www.grob-kuechen.de\">www.grob-kuechen.de<\/a><\/span><\/p>\t\t\t\t\t\t\t\t<\/div>\n\t\t\t\t<\/div>\n\t\t\t\t<div class=\"elementor-element elementor-element-7b2eb8b elementor-widget elementor-widget-text-editor\" data-id=\"7b2eb8b\" data-element_type=\"widget\" data-e-type=\"widget\" data-widget_type=\"text-editor.default\">\n\t\t\t\t<div class=\"elementor-widget-container\">\n\t\t\t\t\t\t\t\t\t<p class=\"has-black-color has-text-color\">\u00a0<\/p>\n<p class=\"has-black-color has-text-color\">Weitere Informationsm\u00f6glichkeiten \u00fcber das Internet bieten die Portale :<\/p>\t\t\t\t\t\t\t\t<\/div>\n\t\t\t\t<\/div>\n\t\t\t\t<div class=\"elementor-element elementor-element-a38a7ac elementor-widget elementor-widget-button\" data-id=\"a38a7ac\" data-element_type=\"widget\" data-e-type=\"widget\" data-widget_type=\"button.default\">\n\t\t\t\t<div class=\"elementor-widget-container\">\n\t\t\t\t\t\t\t\t\t<div class=\"elementor-button-wrapper\">\n\t\t\t\t\t<a class=\"elementor-button elementor-button-link elementor-size-sm\" href=\"https:\/\/www.lrabb.de\/start\/Service+_+Verwaltung\/Wohnen+im+Alter.html\">\n\t\t\t\t\t\t<span class=\"elementor-button-content-wrapper\">\n\t\t\t\t\t\t<span class=\"elementor-button-icon\">\n\t\t\t\t<i aria-hidden=\"true\" class=\"far fa-arrow-alt-circle-right\"><\/i>\t\t\t<\/span>\n\t\t\t\t\t\t\t\t\t<span class=\"elementor-button-text\">Wohnen im Alter des LRA B\u00f6blingen<\/span>\n\t\t\t\t\t<\/span>\n\t\t\t\t\t<\/a>\n\t\t\t\t<\/div>\n\t\t\t\t\t\t\t\t<\/div>\n\t\t\t\t<\/div>\n\t\t\t\t\t<\/div>\n\t\t<\/div>\n\t\t\t\t\t<\/div>\n\t\t<\/section>\n\t\t\t\t<section class=\"elementor-section elementor-top-section elementor-element elementor-element-a17ab24 elementor-section-boxed elementor-section-height-default elementor-section-height-default\" data-id=\"a17ab24\" data-element_type=\"section\" data-e-type=\"section\">\n\t\t\t\t\t\t<div class=\"elementor-container elementor-column-gap-default\">\n\t\t\t\t\t<div class=\"elementor-column elementor-col-100 elementor-top-column elementor-element elementor-element-0ae7a9d\" data-id=\"0ae7a9d\" data-element_type=\"column\" data-e-type=\"column\">\n\t\t\t<div class=\"elementor-widget-wrap elementor-element-populated\">\n\t\t\t\t\t\t<div class=\"elementor-element elementor-element-86422ae elementor-widget elementor-widget-text-editor\" data-id=\"86422ae\" data-element_type=\"widget\" data-e-type=\"widget\" data-widget_type=\"text-editor.default\">\n\t\t\t\t<div class=\"elementor-widget-container\">\n\t\t\t\t\t\t\t\t\t<p>\u00a0<\/p>\n<p>Fachportale bieten weitere Informationsm\u00f6glichkeiten :\u00a0<\/p>\t\t\t\t\t\t\t\t<\/div>\n\t\t\t\t<\/div>\n\t\t\t\t<div class=\"elementor-element elementor-element-39edc09 elementor-widget elementor-widget-button\" data-id=\"39edc09\" data-element_type=\"widget\" data-e-type=\"widget\" data-widget_type=\"button.default\">\n\t\t\t\t<div class=\"elementor-widget-container\">\n\t\t\t\t\t\t\t\t\t<div class=\"elementor-button-wrapper\">\n\t\t\t\t\t<a class=\"elementor-button elementor-button-link elementor-size-sm\" href=\"https:\/\/nullbarriere.de\/\">\n\t\t\t\t\t\t<span class=\"elementor-button-content-wrapper\">\n\t\t\t\t\t\t<span class=\"elementor-button-icon\">\n\t\t\t\t<i aria-hidden=\"true\" class=\"far fa-arrow-alt-circle-right\"><\/i>\t\t\t<\/span>\n\t\t\t\t\t\t\t\t\t<span class=\"elementor-button-text\">Nullbarriere.de<\/span>\n\t\t\t\t\t<\/span>\n\t\t\t\t\t<\/a>\n\t\t\t\t<\/div>\n\t\t\t\t\t\t\t\t<\/div>\n\t\t\t\t<\/div>\n\t\t\t\t<div class=\"elementor-element elementor-element-e999692 elementor-widget elementor-widget-button\" data-id=\"e999692\" data-element_type=\"widget\" data-e-type=\"widget\" data-widget_type=\"button.default\">\n\t\t\t\t<div class=\"elementor-widget-container\">\n\t\t\t\t\t\t\t\t\t<div class=\"elementor-button-wrapper\">\n\t\t\t\t\t<a class=\"elementor-button elementor-button-link elementor-size-sm\" href=\"http:\/\/Barrierefrei-leben.de\">\n\t\t\t\t\t\t<span class=\"elementor-button-content-wrapper\">\n\t\t\t\t\t\t<span class=\"elementor-button-icon\">\n\t\t\t\t<i aria-hidden=\"true\" class=\"far fa-arrow-alt-circle-right\"><\/i>\t\t\t<\/span>\n\t\t\t\t\t\t\t\t\t<span class=\"elementor-button-text\">Barrierefrei-leben.de<\/span>\n\t\t\t\t\t<\/span>\n\t\t\t\t\t<\/a>\n\t\t\t\t<\/div>\n\t\t\t\t\t\t\t\t<\/div>\n\t\t\t\t<\/div>\n\t\t\t\t\t<\/div>\n\t\t<\/div>\n\t\t\t\t\t<\/div>\n\t\t<\/section>\n\t\t\t\t<section class=\"elementor-section elementor-top-section elementor-element elementor-element-df83efd elementor-section-boxed elementor-section-height-default elementor-section-height-default\" data-id=\"df83efd\" data-element_type=\"section\" data-e-type=\"section\">\n\t\t\t\t\t\t<div class=\"elementor-container elementor-column-gap-default\">\n\t\t\t\t\t<div class=\"elementor-column elementor-col-100 elementor-top-column elementor-element elementor-element-ee0ba86\" data-id=\"ee0ba86\" data-element_type=\"column\" data-e-type=\"column\">\n\t\t\t<div class=\"elementor-widget-wrap elementor-element-populated\">\n\t\t\t\t\t\t<div class=\"elementor-element elementor-element-05e1f9f elementor-widget elementor-widget-button\" data-id=\"05e1f9f\" data-element_type=\"widget\" data-e-type=\"widget\" data-widget_type=\"button.default\">\n\t\t\t\t<div class=\"elementor-widget-container\">\n\t\t\t\t\t\t\t\t\t<div class=\"elementor-button-wrapper\">\n\t\t\t\t\t<a class=\"elementor-button elementor-button-link elementor-size-sm\" href=\"https:\/\/kreisseniorenrat-boeblingen.de\/ksrbb\/wp-content\/uploads\/2023\/08\/Anlage-1-FAQ_Altersgerecht-Umbauen-2.pdf\">\n\t\t\t\t\t\t<span class=\"elementor-button-content-wrapper\">\n\t\t\t\t\t\t<span class=\"elementor-button-icon\">\n\t\t\t\t<i aria-hidden=\"true\" class=\"far fa-arrow-alt-circle-right\"><\/i>\t\t\t<\/span>\n\t\t\t\t\t\t\t\t\t<span class=\"elementor-button-text\">Information zu KFW F\u00f6rderm\u00f6glichkeiten der Bundesregierung<\/span>\n\t\t\t\t\t<\/span>\n\t\t\t\t\t<\/a>\n\t\t\t\t<\/div>\n\t\t\t\t\t\t\t\t<\/div>\n\t\t\t\t<\/div>\n\t\t\t\t\t<\/div>\n\t\t<\/div>\n\t\t\t\t\t<\/div>\n\t\t<\/section>\n\t\t\t\t<\/div>\n\t\t","protected":false},"excerpt":{"rendered":"<p>In den eigenen vier W\u00e4nden bleiben So lange wie m\u00f6glich zu Hause wohnen bleiben &#8211; das m\u00f6chten wir doch alle ! Und das gilt auch wenn sich mit zunehmendem Alter Einschr\u00e4nkungen ergeben oder man vielleicht pflegebed\u00fcrftig wird.Damit dies in einer nicht barrierefrei gestalteten Wohnung gelingen kann, werden Wohnungsanpassungen notwendig. Es gibt viele M\u00f6glichkeiten, Wohnung oder [&hellip;]<\/p>\n","protected":false},"author":3,"featured_media":0,"parent":143,"menu_order":0,"comment_status":"closed","ping_status":"closed","template":"","meta":{"_crdt_document":"","ocean_post_layout":"","ocean_both_sidebars_style":"","ocean_both_sidebars_content_width":0,"ocean_both_sidebars_sidebars_width":0,"ocean_sidebar":"0","ocean_second_sidebar":"0","ocean_disable_margins":"enable","ocean_add_body_class":"","ocean_shortcode_before_top_bar":"","ocean_shortcode_after_top_bar":"","ocean_shortcode_before_header":"","ocean_shortcode_after_header":"","ocean_has_shortcode":"","ocean_shortcode_after_title":"","ocean_shortcode_before_footer_widgets":"","ocean_shortcode_after_footer_widgets":"","ocean_shortcode_before_footer_bottom":"","ocean_shortcode_after_footer_bottom":"","ocean_display_top_bar":"default","ocean_display_header":"default","ocean_header_style":"","ocean_center_header_left_menu":"0","ocean_custom_header_template":"0","ocean_custom_logo":0,"ocean_custom_retina_logo":0,"ocean_custom_logo_max_width":0,"ocean_custom_logo_tablet_max_width":0,"ocean_custom_logo_mobile_max_width":0,"ocean_custom_logo_max_height":0,"ocean_custom_logo_tablet_max_height":0,"ocean_custom_logo_mobile_max_height":0,"ocean_header_custom_menu":"0","ocean_menu_typo_font_family":"0","ocean_menu_typo_font_subset":"","ocean_menu_typo_font_size":0,"ocean_menu_typo_font_size_tablet":0,"ocean_menu_typo_font_size_mobile":0,"ocean_menu_typo_font_size_unit":"px","ocean_menu_typo_font_weight":"","ocean_menu_typo_font_weight_tablet":"","ocean_menu_typo_font_weight_mobile":"","ocean_menu_typo_transform":"","ocean_menu_typo_transform_tablet":"","ocean_menu_typo_transform_mobile":"","ocean_menu_typo_line_height":0,"ocean_menu_typo_line_height_tablet":0,"ocean_menu_typo_line_height_mobile":0,"ocean_menu_typo_line_height_unit":"","ocean_menu_typo_spacing":0,"ocean_menu_typo_spacing_tablet":0,"ocean_menu_typo_spacing_mobile":0,"ocean_menu_typo_spacing_unit":"","ocean_menu_link_color":"","ocean_menu_link_color_hover":"","ocean_menu_link_color_active":"","ocean_menu_link_background":"","ocean_menu_link_hover_background":"","ocean_menu_link_active_background":"","ocean_menu_social_links_bg":"","ocean_menu_social_hover_links_bg":"","ocean_menu_social_links_color":"","ocean_menu_social_hover_links_color":"","ocean_disable_title":"default","ocean_disable_heading":"on","ocean_post_title":"","ocean_post_subheading":"","ocean_post_title_style":"","ocean_post_title_background_color":"","ocean_post_title_background":0,"ocean_post_title_bg_image_position":"","ocean_post_title_bg_image_attachment":"","ocean_post_title_bg_image_repeat":"","ocean_post_title_bg_image_size":"","ocean_post_title_height":0,"ocean_post_title_bg_overlay":0.5,"ocean_post_title_bg_overlay_color":"","ocean_disable_breadcrumbs":"default","ocean_breadcrumbs_color":"","ocean_breadcrumbs_separator_color":"","ocean_breadcrumbs_links_color":"","ocean_breadcrumbs_links_hover_color":"","ocean_display_footer_widgets":"default","ocean_display_footer_bottom":"default","ocean_custom_footer_template":"0","footnotes":""},"class_list":["post-147","page","type-page","status-publish","hentry","entry"],"_links":{"self":[{"href":"https:\/\/kreisseniorenrat-boeblingen.de\/ksrbb\/wp-json\/wp\/v2\/pages\/147","targetHints":{"allow":["GET"]}}],"collection":[{"href":"https:\/\/kreisseniorenrat-boeblingen.de\/ksrbb\/wp-json\/wp\/v2\/pages"}],"about":[{"href":"https:\/\/kreisseniorenrat-boeblingen.de\/ksrbb\/wp-json\/wp\/v2\/types\/page"}],"author":[{"embeddable":true,"href":"https:\/\/kreisseniorenrat-boeblingen.de\/ksrbb\/wp-json\/wp\/v2\/users\/3"}],"replies":[{"embeddable":true,"href":"https:\/\/kreisseniorenrat-boeblingen.de\/ksrbb\/wp-json\/wp\/v2\/comments?post=147"}],"version-history":[{"count":49,"href":"https:\/\/kreisseniorenrat-boeblingen.de\/ksrbb\/wp-json\/wp\/v2\/pages\/147\/revisions"}],"predecessor-version":[{"id":3166,"href":"https:\/\/kreisseniorenrat-boeblingen.de\/ksrbb\/wp-json\/wp\/v2\/pages\/147\/revisions\/3166"}],"up":[{"embeddable":true,"href":"https:\/\/kreisseniorenrat-boeblingen.de\/ksrbb\/wp-json\/wp\/v2\/pages\/143"}],"wp:attachment":[{"href":"https:\/\/kreisseniorenrat-boeblingen.de\/ksrbb\/wp-json\/wp\/v2\/media?parent=147"}],"curies":[{"name":"wp","href":"https:\/\/api.w.org\/{rel}","templated":true}]}}