{"id":139,"date":"2023-04-24T16:53:31","date_gmt":"2023-04-24T14:53:31","guid":{"rendered":"http:\/\/neu.kreisseniorenrat-boeblingen.de\/?page_id=139"},"modified":"2025-01-13T17:11:55","modified_gmt":"2025-01-13T16:11:55","slug":"digital-fit","status":"publish","type":"page","link":"https:\/\/kreisseniorenrat-boeblingen.de\/ksrbb\/projekte\/digital-fit\/","title":{"rendered":"Digital Fit"},"content":{"rendered":"\t\t<div data-elementor-type=\"wp-page\" data-elementor-id=\"139\" class=\"elementor elementor-139\">\n\t\t\t\t\t\t<section class=\"elementor-section elementor-top-section elementor-element elementor-element-83d080c elementor-section-boxed elementor-section-height-default elementor-section-height-default\" data-id=\"83d080c\" data-element_type=\"section\" data-e-type=\"section\">\n\t\t\t\t\t\t<div class=\"elementor-container elementor-column-gap-default\">\n\t\t\t\t\t<div class=\"elementor-column elementor-col-100 elementor-top-column elementor-element elementor-element-78c6e690\" data-id=\"78c6e690\" data-element_type=\"column\" data-e-type=\"column\">\n\t\t\t<div class=\"elementor-widget-wrap elementor-element-populated\">\n\t\t\t\t\t\t<div class=\"elementor-element elementor-element-1423c2f elementor-widget__width-initial elementor-widget elementor-widget-heading\" data-id=\"1423c2f\" data-element_type=\"widget\" data-e-type=\"widget\" data-widget_type=\"heading.default\">\n\t\t\t\t<div class=\"elementor-widget-container\">\n\t\t\t\t\t<h2 class=\"elementor-heading-title elementor-size-default\"><h3>PC- und Internet-Teams im Kreis B\u00f6blingen<\/h3><\/h2>\t\t\t\t<\/div>\n\t\t\t\t<\/div>\n\t\t\t\t<div class=\"elementor-element elementor-element-7224634 elementor-widget elementor-widget-text-editor\" data-id=\"7224634\" data-element_type=\"widget\" data-e-type=\"widget\" data-widget_type=\"text-editor.default\">\n\t\t\t\t<div class=\"elementor-widget-container\">\n\t\t\t\t\t\t\t\t\t<p style=\"margin: 0cm 0cm 15pt; background-image: initial; background-position: initial; background-size: initial; background-repeat: initial; background-attachment: initial; background-origin: initial; background-clip: initial;\"><span style=\"font-family: Arial, sans-serif;\">Eines der Ziele des Kreisseniorenrats B\u00f6blingen ist seit vielen Jahren, die \u00e4ltere Generation bei der Nutzung von Internet, Smartphone und anderen digitalen Angeboten tatkr\u00e4ftig zu unterst\u00fctzen.<\/span><\/p>\n<p style=\"margin: 0cm 0cm 15pt; background-image: initial; background-position: initial; background-size: initial; background-repeat: initial; background-attachment: initial; background-origin: initial; background-clip: initial; font-variant-ligatures: normal; font-variant-caps: normal;\"><span style=\"font-family: Arial, sans-serif;\">Die Pandemie hat uns vor Augen gef\u00fchrt, welche Potentiale die Anwendung digitaler Kommunikations- und Informationstechnologien insbesondere auch f\u00fcr \u00e4ltere Menschen bieten. Denken wir an Videotelefonate mit Familie und Freunden, Einkaufsbestellungen im Internet, Besuch von virtuellen Vortr\u00e4gen oder Konzerten\u00a0bzw. Theaterangeboten, Online-Banking, Online-Beh\u00f6rdeng\u00e4nge, Videosprechstunden mit dem Arzt, Kommunikation mit Handwerkern, ein S-Bahn Ticket kaufen und vieles mehr.<\/span><\/p>\n<p style=\"margin: 0cm 0cm 15pt; background-image: initial; background-position: initial; background-size: initial; background-repeat: initial; background-attachment: initial; background-origin: initial; background-clip: initial; font-variant-ligatures: normal; font-variant-caps: normal;\"><span style=\"font-family: Arial, sans-serif;\">Insbesondere im Bereich Gesundheit, Wohnen, Haushalt stehen immer mehr \u201adigitale Helferlein\u2018 zur Verf\u00fcgung, die den Alltag erleichtern k\u00f6nnen.<\/span><\/p>\n<p style=\"margin: 0cm 0cm 15pt; background-image: initial; background-position: initial; background-size: initial; background-repeat: initial; background-attachment: initial; background-origin: initial; background-clip: initial; font-variant-ligatures: normal; font-variant-caps: normal;\"><span style=\"font-family: Arial, sans-serif;\">Wir m\u00f6chten Ihnen die verschiedenen Technologien zeigen und Sie mit der Anwendung im Alltag vertraut machen..<\/span><\/p>\n<p style=\"margin: 0cm 0cm 15pt; background-image: initial; background-position: initial; background-size: initial; background-repeat: initial; background-attachment: initial; background-origin: initial; background-clip: initial; font-variant-ligatures: normal; font-variant-caps: normal;\"><span style=\"font-family: Arial, sans-serif; font-size: 16px; color: var( --e-global-color-text );\">Bei Problemen<\/span><span style=\"font-family: Arial, sans-serif; font-size: 16px; color: #ff6600;\"><mark class=\"has-inline-color has-luminous-vivid-orange-color\" style=\"font-size: 16px; background-color: rgba(0, 0, 0, 0);\">\u00a0<\/mark><\/span><u style=\"font-family: Arial, sans-serif; font-size: 16px; color: var( --e-global-color-text );\"><span style=\"color: #ff6600;\"><mark class=\"has-inline-color has-vivid-red-color\" style=\"font-size: 16px; background-color: rgba(0, 0, 0, 0);\">mit ihren Ger\u00e4ten (PC, Tablet und Smartphone)<\/mark><\/span><mark class=\"has-inline-color has-luminous-vivid-orange-color\" style=\"font-size: 16px; background-color: rgba(0, 0, 0, 0);\">\u00a0<\/mark><\/u><span style=\"font-family: Arial, sans-serif; font-size: 16px; color: var( --e-global-color-text );\">in der Praxis unterst\u00fctzen wir Sie.<\/span><\/p>\t\t\t\t\t\t\t\t<\/div>\n\t\t\t\t<\/div>\n\t\t\t\t<div class=\"elementor-element elementor-element-136e2a2 elementor-widget elementor-widget-image\" data-id=\"136e2a2\" data-element_type=\"widget\" data-e-type=\"widget\" data-widget_type=\"image.default\">\n\t\t\t\t<div class=\"elementor-widget-container\">\n\t\t\t\t\t\t\t\t\t\t\t\t<figure class=\"wp-caption\">\n\t\t\t\t\t\t\t\t\t\t<img fetchpriority=\"high\" decoding=\"async\" width=\"1024\" height=\"639\" src=\"https:\/\/kreisseniorenrat-boeblingen.de\/ksrbb\/wp-content\/uploads\/2024\/04\/PC-Team-scaled-1-1024x639.jpeg\" class=\"attachment-large size-large wp-image-2806\" alt=\"\" srcset=\"https:\/\/kreisseniorenrat-boeblingen.de\/ksrbb\/wp-content\/uploads\/2024\/04\/PC-Team-scaled-1-1024x639.jpeg 1024w, https:\/\/kreisseniorenrat-boeblingen.de\/ksrbb\/wp-content\/uploads\/2024\/04\/PC-Team-scaled-1-300x187.jpeg 300w, https:\/\/kreisseniorenrat-boeblingen.de\/ksrbb\/wp-content\/uploads\/2024\/04\/PC-Team-scaled-1-768x479.jpeg 768w, https:\/\/kreisseniorenrat-boeblingen.de\/ksrbb\/wp-content\/uploads\/2024\/04\/PC-Team-scaled-1-1536x958.jpeg 1536w, https:\/\/kreisseniorenrat-boeblingen.de\/ksrbb\/wp-content\/uploads\/2024\/04\/PC-Team-scaled-1-2048x1278.jpeg 2048w\" sizes=\"(max-width: 1024px) 100vw, 1024px\" \/>\t\t\t\t\t\t\t\t\t\t\t<figcaption class=\"widget-image-caption wp-caption-text\">PC Teams des Kreisseniorenrat B\u00f6blingen - M\u00e4rz 2024<\/figcaption>\n\t\t\t\t\t\t\t\t\t\t<\/figure>\n\t\t\t\t\t\t\t\t\t<\/div>\n\t\t\t\t<\/div>\n\t\t\t\t<div class=\"elementor-element elementor-element-215277f elementor-widget elementor-widget-heading\" data-id=\"215277f\" data-element_type=\"widget\" data-e-type=\"widget\" data-widget_type=\"heading.default\">\n\t\t\t\t<div class=\"elementor-widget-container\">\n\t\t\t\t\t<h2 class=\"elementor-heading-title elementor-size-default\">Daf\u00fcr gibt es in fast allen 26 Kommunen des Kreis B\u00f6blingen bereits PC- und Internet-Teams f\u00fcr Senioren\n\n<\/h2>\t\t\t\t<\/div>\n\t\t\t\t<\/div>\n\t\t\t\t<div class=\"elementor-element elementor-element-1546a4b elementor-widget elementor-widget-text-editor\" data-id=\"1546a4b\" data-element_type=\"widget\" data-e-type=\"widget\" data-widget_type=\"text-editor.default\">\n\t\t\t\t<div class=\"elementor-widget-container\">\n\t\t\t\t\t\t\t\t\t<h3><span style=\"font-size: 16px; color: #7a7a7a;\">Dort helfen Ehrenamtliche und freuen sich, Sie in allen Fragen \u201arund um die digitale Welt\u2018 zu beraten und zu unterst\u00fctzen.<\/span><\/h3>\n<p>Wir nehmen uns Zeit f\u00fcr Sie und gehen auf ihre individuellen Bed\u00fcrfnisse ein.&nbsp;<\/p>\n<p><!-- \/wp:paragraph --><!-- wp:paragraph --><\/p>\n<p>Bedanken m\u00f6chten wir uns bei den Kommunen und allen Mitarbeitern dieser Teams f\u00fcr ihr gro\u00dfes ehrenamtliches Engagement und die Leidenschaft ihr Wissen zu teilen und den Seniorinnen und Senioren die \u201adigitale Welt\u2018 verst\u00e4ndlich zu erkl\u00e4ren. Ein besonderes Dankesch\u00f6n an Margret und Dieter Blascheck f\u00fcr die hervorragende Koordination der Teams im Landkreis B\u00f6blingen.<\/p>\n<p><!-- \/wp:paragraph --><!-- wp:paragraph --><\/p>\n<p><!-- \/wp:paragraph --><!-- wp:paragraph --><\/p>\n<p>Auf der&nbsp;<span style=\"text-decoration: underline;\"><a href=\"http:\/\/pcteams.kreisseniorenrat-boeblingen.de\/?page_id=19\" target=\"_blank\" rel=\"noreferrer noopener\">Webseite der PC- und Internetteams&nbsp;<\/a><\/span>stellen sich die PC- und Internet-Teams im Landkreis vor.<br>Sie finden dort Kontaktm\u00f6glichkeiten aller Teams im Landkreis, sowie eine \u00dcbersicht der Angebote.<\/p>\n<p><!-- \/wp:paragraph --><!-- wp:paragraph --><\/p>\n<p>Zus\u00e4tzlich zu den Aktivit\u00e4ten der lokalen PC Teams f\u00fchren wir kreisweite Projekte durch.<br>Zwei davon m\u00f6chten wir hier besonders hervorheben:<\/p>\n<p><!-- \/wp:paragraph --><!-- wp:list --><\/p>\n<ul>\n<li style=\"list-style-type: none;\">\n<ul><!-- wp:list-item --><\/ul>\n<\/li>\n<\/ul>\n<ul>\n<li><span style=\"font-size: 16px;\">&nbsp;<\/span><strong style=\"font-size: 16px;\">&#8218;Nie zu alt f\u00fcr ein Smartphone&#8216;<\/strong><br style=\"font-family: inherit; font-style: inherit; font-variant-ligatures: inherit; font-variant-caps: inherit; font-weight: inherit;\"><p style=\"font-size: 16px; line-height: 125%;\"><span style=\"font-family: 'Arial',sans-serif;\">Im Rahmen der 2021 gestarteten Initiative \u201eNie zu alt f\u00fcr ein Smartphone\u201c k\u00f6nnen \u00c4ltere ein Smartphone f\u00fcr drei Monate leihen und werden in dieser Zeit von einer Patin oder einem Paten betreut. Das Angebot richtet sich prim\u00e4r an Menschen, die bisher keinen Zugang zu einem Smartphone hatten, beispielsweise weil sie es sich nicht zugetraut haben. Das Projekt findet zweimal im Jahr statt und wird lokal unter anderem \u00fcber die Amtsbl\u00e4tter der Gemeinden beworben.&nbsp;<\/span><span style=\"font-size: 16px;\">Insgesamt gibt es im Kreis B\u00f6blingen 9 Teams aus Ehrenamtlichen, die die Initiative durchf\u00fchren. In den bisherigen sechs Durchl\u00e4ufen (Stand Herbst 2024) gab es bisher 157 Teilnehmende \u2013 die meisten zwischen 70 und 85 Jahre, einige auch \u00fcber 90 Jahre alt.<\/span><\/p>\n<p style=\"font-size: 16px;\">\n<\/p><p style=\"font-size: 16px; line-height: 125%;\"><span style=\"font-family: 'Arial',sans-serif;\">Die Handys sind markt\u00fcbliche Ger\u00e4te, die erschwinglich sein sollen. Der Kauf eines speziell f\u00fcr die Aktion ausgew\u00e4hlten Ger\u00e4ts wird von der Initiative \u00fcbernommen. Alle Ger\u00e4te werden gleich konfiguriert und mit einer limitierten Anzahl an sinnvollen Apps an die Teilnehmenden \u00fcbergeben. Teilnehmende tragen nur die Kosten f\u00fcr die Registrierung der SIM-Karte (ca. 25 Euro f\u00fcr drei Monate). Nach den drei Monaten kann das Ger\u00e4t zum Selbstkostenpreis (ca. 100 Euro) erworben werden, was die meisten (ca. 85 Prozent) auch wahrnehmen.<\/span><\/p>\n<p style=\"font-size: 16px; line-height: 125%;\"><span style=\"font-family: 'Arial',sans-serif;\">Eine Mehrheit nimmt am Angebot teil, um Messenger-Dienste nutzen zu k\u00f6nnen. Die M\u00f6glichkeit so mit Familie und Freunden Kontakt haben und Bilder teilen zu k\u00f6nnen, ist eine wichtige soziale Komponente. Dar\u00fcber hinaus lernen Teilnehmende unter anderem auch wie man ein Adressbuch einrichtet, eine Tank-App benutzt oder mit einer App umgeht, die Blumen erkennt.<\/span><\/p><div style=\"font-size: 16px;\"><div><div>\n<\/div>\n<\/div>\n<\/div>\n<\/li>\n<li>\n<p style=\"font-size: 16px; line-height: 125%;\"><span style=\"font-family: 'Arial',sans-serif;\"><b>&#8218;Digital souver\u00e4n mit KI&#8216;<br><\/b><\/span><span style=\"font-size: 16px;\"><b><br><\/b>Zahlreiche Anwendungen, die auf K\u00fcnstlicher Intelligenz basieren, sind bereits feste Bestandteile des Alltags geworden. Auch viele \u00e4ltere Menschen wollen die neuen Technologien verstehen und sie eigenverantwortlich nutzen.&nbsp;<\/span><span style=\"font-family: Arial, sans-serif; font-size: 16px;\">Dazu z\u00e4hlen Hilfsmittel, die \u00c4ltere zu Hause dabei unterst\u00fctzen, weiterhin allein zu leben.&nbsp;<br><\/span><span style=\"font-family: Arial, sans-serif; font-size: 16px;\">Eine Vielzahl an Ger\u00e4ten kann dabei zum Einsatz kommen, zum Beispiel Ger\u00e4te zur medizinischen \u00dcberwachung (Blutdruck, Gewicht, Medikamenteneinnahme), Kameras gekoppelt mit einem T\u00fcr\u00f6ffner, Sensoren, die feststellen ob die Person morgens schon auf ist oder \u00fcberpr\u00fcfen ob die Herdplatte noch an ist, oder Staubsaugroboter, die bei der Reinigung der Wohnung unterst\u00fctzen.<br><\/span><span style=\"font-family: Arial, sans-serif; font-size: 16px; font-style: normal; font-variant-ligatures: normal; font-variant-caps: normal;\"><br>Beim bundesweiten Wettbewerb 2022 wurden die<\/span><span style=\"font-family: Arial, sans-serif; font-size: 16px; font-style: normal; font-variant-ligatures: normal; font-variant-caps: normal;\">&nbsp;\u201ePC- und Internet-Teams Kreisseniorenrat B\u00f6blingen e.V.\u201c&nbsp;<\/span><span style=\"font-family: Arial, sans-serif; font-size: 16px; font-style: normal; font-variant-ligatures: normal; font-variant-caps: normal;\">als einer von 16 lokalen Partnern ausgew\u00e4hlt.&nbsp;<\/span><span style=\"font-family: Arial, sans-serif; font-size: 16px; font-style: normal; font-variant-ligatures: normal; font-variant-caps: normal; text-decoration-line: underline;\"><a style=\"font-size: 16px;\" href=\"https:\/\/pcteams.kreisseniorenrat-boeblingen.de\/?p=4980\" target=\"_blank\" rel=\"noopener\">Mehr Informationen dazu hier (bitte klicken)<\/a><\/span><span style=\"font-family: Arial, sans-serif; font-size: 16px; font-style: normal; font-variant-ligatures: normal; font-variant-caps: normal; font-weight: 400;\">.<\/span><\/p><\/li>\n<\/ul><ul><li style=\"list-style-type: none;\">\n<\/li>\n<\/ul>\n<p><!-- \/wp:list-item --><\/p>\n<p><!-- \/wp:list --><\/p>\t\t\t\t\t\t\t\t<\/div>\n\t\t\t\t<\/div>\n\t\t\t\t\t<\/div>\n\t\t<\/div>\n\t\t\t\t\t<\/div>\n\t\t<\/section>\n\t\t\t\t<\/div>\n\t\t","protected":false},"excerpt":{"rendered":"<p>PC- und Internet-Teams im Kreis B\u00f6blingen Eines der Ziele des Kreisseniorenrats B\u00f6blingen ist seit vielen Jahren, die \u00e4ltere Generation bei der Nutzung von Internet, Smartphone und anderen digitalen Angeboten tatkr\u00e4ftig zu unterst\u00fctzen. Die Pandemie hat uns vor Augen gef\u00fchrt, welche Potentiale die Anwendung digitaler Kommunikations- und Informationstechnologien insbesondere auch f\u00fcr \u00e4ltere Menschen bieten. Denken wir [&hellip;]<\/p>\n","protected":false},"author":3,"featured_media":0,"parent":103,"menu_order":0,"comment_status":"closed","ping_status":"closed","template":"","meta":{"_crdt_document":"","ocean_post_layout":"","ocean_both_sidebars_style":"","ocean_both_sidebars_content_width":0,"ocean_both_sidebars_sidebars_width":0,"ocean_sidebar":"0","ocean_second_sidebar":"0","ocean_disable_margins":"enable","ocean_add_body_class":"","ocean_shortcode_before_top_bar":"","ocean_shortcode_after_top_bar":"","ocean_shortcode_before_header":"","ocean_shortcode_after_header":"","ocean_has_shortcode":"","ocean_shortcode_after_title":"","ocean_shortcode_before_footer_widgets":"","ocean_shortcode_after_footer_widgets":"","ocean_shortcode_before_footer_bottom":"","ocean_shortcode_after_footer_bottom":"","ocean_display_top_bar":"default","ocean_display_header":"default","ocean_header_style":"","ocean_center_header_left_menu":"0","ocean_custom_header_template":"0","ocean_custom_logo":0,"ocean_custom_retina_logo":0,"ocean_custom_logo_max_width":0,"ocean_custom_logo_tablet_max_width":0,"ocean_custom_logo_mobile_max_width":0,"ocean_custom_logo_max_height":0,"ocean_custom_logo_tablet_max_height":0,"ocean_custom_logo_mobile_max_height":0,"ocean_header_custom_menu":"0","ocean_menu_typo_font_family":"0","ocean_menu_typo_font_subset":"","ocean_menu_typo_font_size":0,"ocean_menu_typo_font_size_tablet":0,"ocean_menu_typo_font_size_mobile":0,"ocean_menu_typo_font_size_unit":"px","ocean_menu_typo_font_weight":"","ocean_menu_typo_font_weight_tablet":"","ocean_menu_typo_font_weight_mobile":"","ocean_menu_typo_transform":"","ocean_menu_typo_transform_tablet":"","ocean_menu_typo_transform_mobile":"","ocean_menu_typo_line_height":0,"ocean_menu_typo_line_height_tablet":0,"ocean_menu_typo_line_height_mobile":0,"ocean_menu_typo_line_height_unit":"","ocean_menu_typo_spacing":0,"ocean_menu_typo_spacing_tablet":0,"ocean_menu_typo_spacing_mobile":0,"ocean_menu_typo_spacing_unit":"","ocean_menu_link_color":"","ocean_menu_link_color_hover":"","ocean_menu_link_color_active":"","ocean_menu_link_background":"","ocean_menu_link_hover_background":"","ocean_menu_link_active_background":"","ocean_menu_social_links_bg":"","ocean_menu_social_hover_links_bg":"","ocean_menu_social_links_color":"","ocean_menu_social_hover_links_color":"","ocean_disable_title":"default","ocean_disable_heading":"on","ocean_post_title":"","ocean_post_subheading":"","ocean_post_title_style":"","ocean_post_title_background_color":"","ocean_post_title_background":0,"ocean_post_title_bg_image_position":"","ocean_post_title_bg_image_attachment":"","ocean_post_title_bg_image_repeat":"","ocean_post_title_bg_image_size":"","ocean_post_title_height":0,"ocean_post_title_bg_overlay":0.5,"ocean_post_title_bg_overlay_color":"","ocean_disable_breadcrumbs":"default","ocean_breadcrumbs_color":"","ocean_breadcrumbs_separator_color":"","ocean_breadcrumbs_links_color":"","ocean_breadcrumbs_links_hover_color":"","ocean_display_footer_widgets":"default","ocean_display_footer_bottom":"default","ocean_custom_footer_template":"0","footnotes":""},"class_list":["post-139","page","type-page","status-publish","hentry","entry"],"_links":{"self":[{"href":"https:\/\/kreisseniorenrat-boeblingen.de\/ksrbb\/wp-json\/wp\/v2\/pages\/139","targetHints":{"allow":["GET"]}}],"collection":[{"href":"https:\/\/kreisseniorenrat-boeblingen.de\/ksrbb\/wp-json\/wp\/v2\/pages"}],"about":[{"href":"https:\/\/kreisseniorenrat-boeblingen.de\/ksrbb\/wp-json\/wp\/v2\/types\/page"}],"author":[{"embeddable":true,"href":"https:\/\/kreisseniorenrat-boeblingen.de\/ksrbb\/wp-json\/wp\/v2\/users\/3"}],"replies":[{"embeddable":true,"href":"https:\/\/kreisseniorenrat-boeblingen.de\/ksrbb\/wp-json\/wp\/v2\/comments?post=139"}],"version-history":[{"count":69,"href":"https:\/\/kreisseniorenrat-boeblingen.de\/ksrbb\/wp-json\/wp\/v2\/pages\/139\/revisions"}],"predecessor-version":[{"id":3252,"href":"https:\/\/kreisseniorenrat-boeblingen.de\/ksrbb\/wp-json\/wp\/v2\/pages\/139\/revisions\/3252"}],"up":[{"embeddable":true,"href":"https:\/\/kreisseniorenrat-boeblingen.de\/ksrbb\/wp-json\/wp\/v2\/pages\/103"}],"wp:attachment":[{"href":"https:\/\/kreisseniorenrat-boeblingen.de\/ksrbb\/wp-json\/wp\/v2\/media?parent=139"}],"curies":[{"name":"wp","href":"https:\/\/api.w.org\/{rel}","templated":true}]}}