{"id":137,"date":"2023-04-24T16:53:23","date_gmt":"2023-04-24T14:53:23","guid":{"rendered":"http:\/\/neu.kreisseniorenrat-boeblingen.de\/?page_id=137"},"modified":"2023-06-01T11:53:45","modified_gmt":"2023-06-01T09:53:45","slug":"krisentelefon","status":"publish","type":"page","link":"https:\/\/kreisseniorenrat-boeblingen.de\/ksrbb\/projekte\/praevention-pflege\/krisentelefon\/","title":{"rendered":"Krisentelefon"},"content":{"rendered":"\t\t<div data-elementor-type=\"wp-page\" data-elementor-id=\"137\" class=\"elementor elementor-137\">\n\t\t\t\t\t\t<section class=\"elementor-section elementor-top-section elementor-element elementor-element-7812a34f elementor-section-boxed elementor-section-height-default elementor-section-height-default\" data-id=\"7812a34f\" data-element_type=\"section\" data-e-type=\"section\">\n\t\t\t\t\t\t<div class=\"elementor-container elementor-column-gap-default\">\n\t\t\t\t\t<div class=\"elementor-column elementor-col-100 elementor-top-column elementor-element elementor-element-1818170\" data-id=\"1818170\" data-element_type=\"column\" data-e-type=\"column\">\n\t\t\t<div class=\"elementor-widget-wrap elementor-element-populated\">\n\t\t\t\t\t\t<div class=\"elementor-element elementor-element-7aec8c4b elementor-widget elementor-widget-text-editor\" data-id=\"7aec8c4b\" data-element_type=\"widget\" data-e-type=\"widget\" data-widget_type=\"text-editor.default\">\n\t\t\t\t<div class=\"elementor-widget-container\">\n\t\t\t\t\t\t\t\t\t\n<div class=\"text\">\n<h1>Krisentelefon f\u00fcr den Landkreis B\u00f6blingen<\/h1>\n<p>\u201eGewaltig \u00fcberfordert \u2212 wenn Pflege an Grenzen st\u00f6\u00dft?!\u201c<\/p>\n<p>Ich schaff&#8216; es nicht mehr &#8230;<\/p>\n<p>Unter der Schirmherrschaft des Kreisseniorenrates und des Landratsamts B\u00f6blingen wurde am 2. Mai 2006 das Kristentelefon eingerichtet.<\/p>\n<p>Unter der Telefonnummer:&nbsp;<strong>07031 \/ 66 33 00 0<\/strong><\/p>\n<p>erreichen Sie von Montag bis Donnerstag zwischen 16 und 18 Uhr die Mitarbeiter\/innen des Krisentelefons.<\/p>\n<p>Zwanzig ehrenamtliche, mit entsprechenden beruflichen Qualifikationen und in zus\u00e4tzlichen Schulungen f\u00fcr den Telefondienst vorbereitete Seniorinnen und Senioren h\u00f6ren pflegenden Angeh\u00f6rigen, den gepflegten Personen oder weiteren an der Pflege beteiligten Menschen zu. Ein niedrigschwelliges Angebot, das eng kooperiert mit den \u00f6rtlichen Beratungsstellen (IAV-Stellen).<\/p>\n<p>60% aller Pflegebed\u00fcrftigen werden in der H\u00e4uslichkeit gepflegt. Dies bedeutet eine hohe Belastung f\u00fcr die Familie und das gesamte Umfeld. Die Belastungsgrenzen sind da, werden oft weit \u00fcberschritten und es kommt zu Handlungen, die alle Beteiligten nicht wollen. Deshalb ist es wichtig, eine Aussprachem\u00f6glichkeit zu haben, damit Entlastungen angenommen werden, bevor es zu \u00dcbergriffen kommt. Pflegende brauchen einen Ort, an dem sie vertraulich und offen \u00fcber ihre Sorgen und \u00c4ngste sprechen k\u00f6nnen und d\u00fcrfen. Hier wollen die Seniorinnen und Senioren am Krisentelefon Ansprechpartner sein, um Wege aus einer oft ausweglos scheinenden Situation zu finden.<\/p>\n<\/div>\n\t\t\t\t\t\t\t\t<\/div>\n\t\t\t\t<\/div>\n\t\t\t\t<div class=\"elementor-element elementor-element-6254e92 elementor-align-left elementor-widget elementor-widget-button\" data-id=\"6254e92\" data-element_type=\"widget\" data-e-type=\"widget\" data-widget_type=\"button.default\">\n\t\t\t\t<div class=\"elementor-widget-container\">\n\t\t\t\t\t\t\t\t\t<div class=\"elementor-button-wrapper\">\n\t\t\t\t\t<a class=\"elementor-button elementor-button-link elementor-size-sm\" href=\"https:\/\/krisentelefon-bb.de\/\">\n\t\t\t\t\t\t<span class=\"elementor-button-content-wrapper\">\n\t\t\t\t\t\t<span class=\"elementor-button-icon\">\n\t\t\t\t<i aria-hidden=\"true\" class=\"far fa-arrow-alt-circle-right\"><\/i>\t\t\t<\/span>\n\t\t\t\t\t\t\t\t\t<span class=\"elementor-button-text\">Link zum Krisentelefon<\/span>\n\t\t\t\t\t<\/span>\n\t\t\t\t\t<\/a>\n\t\t\t\t<\/div>\n\t\t\t\t\t\t\t\t<\/div>\n\t\t\t\t<\/div>\n\t\t\t\t\t<\/div>\n\t\t<\/div>\n\t\t\t\t\t<\/div>\n\t\t<\/section>\n\t\t\t\t<\/div>\n\t\t","protected":false},"excerpt":{"rendered":"<p>Krisentelefon f\u00fcr den Landkreis B\u00f6blingen \u201eGewaltig \u00fcberfordert \u2212 wenn Pflege an Grenzen st\u00f6\u00dft?!\u201c Ich schaff&#8216; es nicht mehr &#8230; Unter der Schirmherrschaft des Kreisseniorenrates und des Landratsamts B\u00f6blingen wurde am 2. Mai 2006 das Kristentelefon eingerichtet. Unter der Telefonnummer:&nbsp;07031 \/ 66 33 00 0 erreichen Sie von Montag bis Donnerstag zwischen 16 und 18 Uhr [&hellip;]<\/p>\n","protected":false},"author":3,"featured_media":0,"parent":129,"menu_order":0,"comment_status":"closed","ping_status":"closed","template":"","meta":{"_crdt_document":"","ocean_post_layout":"","ocean_both_sidebars_style":"","ocean_both_sidebars_content_width":0,"ocean_both_sidebars_sidebars_width":0,"ocean_sidebar":"0","ocean_second_sidebar":"0","ocean_disable_margins":"enable","ocean_add_body_class":"","ocean_shortcode_before_top_bar":"","ocean_shortcode_after_top_bar":"","ocean_shortcode_before_header":"","ocean_shortcode_after_header":"","ocean_has_shortcode":"","ocean_shortcode_after_title":"","ocean_shortcode_before_footer_widgets":"","ocean_shortcode_after_footer_widgets":"","ocean_shortcode_before_footer_bottom":"","ocean_shortcode_after_footer_bottom":"","ocean_display_top_bar":"default","ocean_display_header":"default","ocean_header_style":"","ocean_center_header_left_menu":"0","ocean_custom_header_template":"0","ocean_custom_logo":0,"ocean_custom_retina_logo":0,"ocean_custom_logo_max_width":0,"ocean_custom_logo_tablet_max_width":0,"ocean_custom_logo_mobile_max_width":0,"ocean_custom_logo_max_height":0,"ocean_custom_logo_tablet_max_height":0,"ocean_custom_logo_mobile_max_height":0,"ocean_header_custom_menu":"0","ocean_menu_typo_font_family":"0","ocean_menu_typo_font_subset":"","ocean_menu_typo_font_size":0,"ocean_menu_typo_font_size_tablet":0,"ocean_menu_typo_font_size_mobile":0,"ocean_menu_typo_font_size_unit":"px","ocean_menu_typo_font_weight":"","ocean_menu_typo_font_weight_tablet":"","ocean_menu_typo_font_weight_mobile":"","ocean_menu_typo_transform":"","ocean_menu_typo_transform_tablet":"","ocean_menu_typo_transform_mobile":"","ocean_menu_typo_line_height":0,"ocean_menu_typo_line_height_tablet":0,"ocean_menu_typo_line_height_mobile":0,"ocean_menu_typo_line_height_unit":"","ocean_menu_typo_spacing":0,"ocean_menu_typo_spacing_tablet":0,"ocean_menu_typo_spacing_mobile":0,"ocean_menu_typo_spacing_unit":"","ocean_menu_link_color":"","ocean_menu_link_color_hover":"","ocean_menu_link_color_active":"","ocean_menu_link_background":"","ocean_menu_link_hover_background":"","ocean_menu_link_active_background":"","ocean_menu_social_links_bg":"","ocean_menu_social_hover_links_bg":"","ocean_menu_social_links_color":"","ocean_menu_social_hover_links_color":"","ocean_disable_title":"default","ocean_disable_heading":"on","ocean_post_title":"","ocean_post_subheading":"","ocean_post_title_style":"","ocean_post_title_background_color":"","ocean_post_title_background":0,"ocean_post_title_bg_image_position":"","ocean_post_title_bg_image_attachment":"","ocean_post_title_bg_image_repeat":"","ocean_post_title_bg_image_size":"","ocean_post_title_height":0,"ocean_post_title_bg_overlay":0.5,"ocean_post_title_bg_overlay_color":"","ocean_disable_breadcrumbs":"default","ocean_breadcrumbs_color":"","ocean_breadcrumbs_separator_color":"","ocean_breadcrumbs_links_color":"","ocean_breadcrumbs_links_hover_color":"","ocean_display_footer_widgets":"default","ocean_display_footer_bottom":"default","ocean_custom_footer_template":"0","footnotes":""},"class_list":["post-137","page","type-page","status-publish","hentry","entry"],"_links":{"self":[{"href":"https:\/\/kreisseniorenrat-boeblingen.de\/ksrbb\/wp-json\/wp\/v2\/pages\/137","targetHints":{"allow":["GET"]}}],"collection":[{"href":"https:\/\/kreisseniorenrat-boeblingen.de\/ksrbb\/wp-json\/wp\/v2\/pages"}],"about":[{"href":"https:\/\/kreisseniorenrat-boeblingen.de\/ksrbb\/wp-json\/wp\/v2\/types\/page"}],"author":[{"embeddable":true,"href":"https:\/\/kreisseniorenrat-boeblingen.de\/ksrbb\/wp-json\/wp\/v2\/users\/3"}],"replies":[{"embeddable":true,"href":"https:\/\/kreisseniorenrat-boeblingen.de\/ksrbb\/wp-json\/wp\/v2\/comments?post=137"}],"version-history":[{"count":12,"href":"https:\/\/kreisseniorenrat-boeblingen.de\/ksrbb\/wp-json\/wp\/v2\/pages\/137\/revisions"}],"predecessor-version":[{"id":930,"href":"https:\/\/kreisseniorenrat-boeblingen.de\/ksrbb\/wp-json\/wp\/v2\/pages\/137\/revisions\/930"}],"up":[{"embeddable":true,"href":"https:\/\/kreisseniorenrat-boeblingen.de\/ksrbb\/wp-json\/wp\/v2\/pages\/129"}],"wp:attachment":[{"href":"https:\/\/kreisseniorenrat-boeblingen.de\/ksrbb\/wp-json\/wp\/v2\/media?parent=137"}],"curies":[{"name":"wp","href":"https:\/\/api.w.org\/{rel}","templated":true}]}}