{"id":135,"date":"2023-04-24T16:53:14","date_gmt":"2023-04-24T14:53:14","guid":{"rendered":"http:\/\/neu.kreisseniorenrat-boeblingen.de\/?page_id=135"},"modified":"2024-05-07T11:32:26","modified_gmt":"2024-05-07T09:32:26","slug":"unterstuetzung-der-heimbeiraete-und-heimfuersprecher","status":"publish","type":"page","link":"https:\/\/kreisseniorenrat-boeblingen.de\/ksrbb\/projekte\/praevention-pflege\/unterstuetzung-der-heimbeiraete-und-heimfuersprecher\/","title":{"rendered":"Unterst\u00fctzung der Heimbeir\u00e4te und Heimf\u00fcrsprecher"},"content":{"rendered":"\t\t<div data-elementor-type=\"wp-page\" data-elementor-id=\"135\" class=\"elementor elementor-135\">\n\t\t\t\t\t\t<section class=\"elementor-section elementor-top-section elementor-element elementor-element-2af78f6f elementor-section-boxed elementor-section-height-default elementor-section-height-default\" data-id=\"2af78f6f\" data-element_type=\"section\" data-e-type=\"section\">\n\t\t\t\t\t\t<div class=\"elementor-container elementor-column-gap-default\">\n\t\t\t\t\t<div class=\"elementor-column elementor-col-100 elementor-top-column elementor-element elementor-element-4046004d\" data-id=\"4046004d\" data-element_type=\"column\" data-e-type=\"column\">\n\t\t\t<div class=\"elementor-widget-wrap elementor-element-populated\">\n\t\t\t\t\t\t<div class=\"elementor-element elementor-element-16d1589f elementor-widget elementor-widget-text-editor\" data-id=\"16d1589f\" data-element_type=\"widget\" data-e-type=\"widget\" data-widget_type=\"text-editor.default\">\n\t\t\t\t<div class=\"elementor-widget-container\">\n\t\t\t\t\t\t\t\t\t<p><\/p>\n<h1 class=\"wp-block-heading\">Unterst\u00fctzung der Heimbeir\u00e4te &#8211; Besuche der Pflegeheime<\/h1>\n<p><\/p>\n<p class=\"wp-block-paragraph\">Der Kreisseniorenrat ber\u00e4t und unterst\u00fctzt die Heimbeir\u00e4te in station\u00e4ren Senioreneinrichtungen durch pers\u00f6nliche Besuche und Schulungen. Die Mitwirkungsm\u00f6glichkeiten sind in der <span style=\"color: #ff6600;\"><a style=\"color: #ff6600;\" href=\"https:\/\/sozialministerium.baden-wuerttemberg.de\/de\/gesundheit-pflege\/pflege\/qualitaet-in-der-pflege\/faq-zur-landesheimbauverordnung\/\" target=\"_blank\" rel=\"noopener\">Landesheimmitwirkungsverordnung<\/a>\u00a0<\/span> festgeschrieben.<\/p>\n<p><\/p>\n<p class=\"wp-block-paragraph\">Gemeinsame Treffen dienen zum Austausch von Erfahrungen und der Motivation der Heimbeir\u00e4te zur Mitwirkung am Heimalltag.<br \/>Schulungstermine werden im Terminkalender ver\u00f6ffentlicht.<\/p>\n<p><\/p>\n<p class=\"wp-block-paragraph\">Mit zum Programm des KSR geh\u00f6rt auch der Besuch der Pflegeheime im Landkreis B\u00f6blingen. Gespr\u00e4che mit den Leiter<strong>I<\/strong>nnen sowie Heimbeir\u00e4ten bzw. Heimf\u00fcrsprechern sollen helfen, dem KSR einen Eindruck \u00fcber die Pflegesituation im Kreis zu vermitteln, Probleme kennen zu lernen, aber auch erfolgreiche Arbeit wertzusch\u00e4tzen.<\/p>\n<p><\/p>\n<p class=\"wp-block-paragraph\"><\/p>\t\t\t\t\t\t\t\t<\/div>\n\t\t\t\t<\/div>\n\t\t\t\t<div class=\"elementor-element elementor-element-fa2bcb4 elementor-widget elementor-widget-heading\" data-id=\"fa2bcb4\" data-element_type=\"widget\" data-e-type=\"widget\" data-widget_type=\"heading.default\">\n\t\t\t\t<div class=\"elementor-widget-container\">\n\t\t\t\t\t<h2 class=\"elementor-heading-title elementor-size-default\"><a href=\"https:\/\/kreisseniorenrat-boeblingen.de\/ksrbb\/wp-content\/uploads\/2024\/05\/Heimbeirats-Treffen-April2024.pdf\">04\/2024  - Treffen der Heimbeir\u00e4te und Heimf\u00fcrsprecher im Haus am Maienplatz, B\u00f6blingen\n\n<\/a><\/h2>\t\t\t\t<\/div>\n\t\t\t\t<\/div>\n\t\t\t\t<div class=\"elementor-element elementor-element-f2abe41 elementor-widget elementor-widget-button\" data-id=\"f2abe41\" data-element_type=\"widget\" data-e-type=\"widget\" data-widget_type=\"button.default\">\n\t\t\t\t<div class=\"elementor-widget-container\">\n\t\t\t\t\t\t\t\t\t<div class=\"elementor-button-wrapper\">\n\t\t\t\t\t<a class=\"elementor-button elementor-button-link elementor-size-sm\" href=\"https:\/\/kreisseniorenrat-boeblingen.de\/ksrbb\/wp-content\/uploads\/2024\/05\/Heimbeirats-Treffen-April2024.pdf\">\n\t\t\t\t\t\t<span class=\"elementor-button-content-wrapper\">\n\t\t\t\t\t\t<span class=\"elementor-button-icon\">\n\t\t\t\t<i aria-hidden=\"true\" class=\"far fa-arrow-alt-circle-right\"><\/i>\t\t\t<\/span>\n\t\t\t\t\t\t\t\t\t<span class=\"elementor-button-text\">Agenda<\/span>\n\t\t\t\t\t<\/span>\n\t\t\t\t\t<\/a>\n\t\t\t\t<\/div>\n\t\t\t\t\t\t\t\t<\/div>\n\t\t\t\t<\/div>\n\t\t\t\t<div class=\"elementor-element elementor-element-04a9b45 elementor-widget elementor-widget-button\" data-id=\"04a9b45\" data-element_type=\"widget\" data-e-type=\"widget\" data-widget_type=\"button.default\">\n\t\t\t\t<div class=\"elementor-widget-container\">\n\t\t\t\t\t\t\t\t\t<div class=\"elementor-button-wrapper\">\n\t\t\t\t\t<a class=\"elementor-button elementor-button-link elementor-size-sm\" href=\"https:\/\/kreisseniorenrat-boeblingen.de\/ksrbb\/wp-content\/uploads\/2024\/05\/EHS-ein-zuverlaessiger-Partner-fuer-KSR.pdf\">\n\t\t\t\t\t\t<span class=\"elementor-button-content-wrapper\">\n\t\t\t\t\t\t<span class=\"elementor-button-icon\">\n\t\t\t\t<i aria-hidden=\"true\" class=\"far fa-arrow-alt-circle-right\"><\/i>\t\t\t<\/span>\n\t\t\t\t\t\t\t\t\t<span class=\"elementor-button-text\">Pr\u00e4sentation - Haus am Maienplatz<\/span>\n\t\t\t\t\t<\/span>\n\t\t\t\t\t<\/a>\n\t\t\t\t<\/div>\n\t\t\t\t\t\t\t\t<\/div>\n\t\t\t\t<\/div>\n\t\t\t\t<div class=\"elementor-element elementor-element-3a3c3e3 elementor-widget elementor-widget-button\" data-id=\"3a3c3e3\" data-element_type=\"widget\" data-e-type=\"widget\" data-widget_type=\"button.default\">\n\t\t\t\t<div class=\"elementor-widget-container\">\n\t\t\t\t\t\t\t\t\t<div class=\"elementor-button-wrapper\">\n\t\t\t\t\t<a class=\"elementor-button elementor-button-link elementor-size-sm\" href=\"https:\/\/kreisseniorenrat-boeblingen.de\/ksrbb\/wp-content\/uploads\/2024\/05\/Medizinkonzept-Heimbeiratstreffen.pdf\">\n\t\t\t\t\t\t<span class=\"elementor-button-content-wrapper\">\n\t\t\t\t\t\t<span class=\"elementor-button-icon\">\n\t\t\t\t<i aria-hidden=\"true\" class=\"far fa-arrow-alt-circle-right\"><\/i>\t\t\t<\/span>\n\t\t\t\t\t\t\t\t\t<span class=\"elementor-button-text\">Pr\u00e4sentation - Medizinkonzept<\/span>\n\t\t\t\t\t<\/span>\n\t\t\t\t\t<\/a>\n\t\t\t\t<\/div>\n\t\t\t\t\t\t\t\t<\/div>\n\t\t\t\t<\/div>\n\t\t\t\t<div class=\"elementor-element elementor-element-c06aedf elementor-widget elementor-widget-button\" data-id=\"c06aedf\" data-element_type=\"widget\" data-e-type=\"widget\" data-widget_type=\"button.default\">\n\t\t\t\t<div class=\"elementor-widget-container\">\n\t\t\t\t\t\t\t\t\t<div class=\"elementor-button-wrapper\">\n\t\t\t\t\t<a class=\"elementor-button elementor-button-link elementor-size-sm\" href=\"https:\/\/kreisseniorenrat-boeblingen.de\/ksrbb\/wp-content\/uploads\/2024\/05\/2024-04-09-Informationen-zu-Mitwirkung-im-Heim-.pdf\">\n\t\t\t\t\t\t<span class=\"elementor-button-content-wrapper\">\n\t\t\t\t\t\t<span class=\"elementor-button-icon\">\n\t\t\t\t<i aria-hidden=\"true\" class=\"far fa-arrow-alt-circle-right\"><\/i>\t\t\t<\/span>\n\t\t\t\t\t\t\t\t\t<span class=\"elementor-button-text\">Pr\u00e4sentation - Mitwirkung im Heim<\/span>\n\t\t\t\t\t<\/span>\n\t\t\t\t\t<\/a>\n\t\t\t\t<\/div>\n\t\t\t\t\t\t\t\t<\/div>\n\t\t\t\t<\/div>\n\t\t\t\t\t<\/div>\n\t\t<\/div>\n\t\t\t\t\t<\/div>\n\t\t<\/section>\n\t\t\t\t<section class=\"elementor-section elementor-top-section elementor-element elementor-element-13776eb elementor-section-boxed elementor-section-height-default elementor-section-height-default\" data-id=\"13776eb\" data-element_type=\"section\" data-e-type=\"section\">\n\t\t\t\t\t\t<div class=\"elementor-container elementor-column-gap-default\">\n\t\t\t\t\t<div class=\"elementor-column elementor-col-100 elementor-top-column elementor-element elementor-element-7bd4ae9\" data-id=\"7bd4ae9\" data-element_type=\"column\" data-e-type=\"column\">\n\t\t\t<div class=\"elementor-widget-wrap elementor-element-populated\">\n\t\t\t\t\t\t<div class=\"elementor-element elementor-element-e69a787 elementor-widget elementor-widget-heading\" data-id=\"e69a787\" data-element_type=\"widget\" data-e-type=\"widget\" data-widget_type=\"heading.default\">\n\t\t\t\t<div class=\"elementor-widget-container\">\n\t\t\t\t\t<h2 class=\"elementor-heading-title elementor-size-default\">03\/2023 - Treffen der Heimbeir\u00e4te und Heimf\u00fcrsprecher im Wiedenh\u00f6fer Stift, Herrenberg<br><\/h2>\t\t\t\t<\/div>\n\t\t\t\t<\/div>\n\t\t\t\t<div class=\"elementor-element elementor-element-0786dbe elementor-widget elementor-widget-button\" data-id=\"0786dbe\" data-element_type=\"widget\" data-e-type=\"widget\" data-widget_type=\"button.default\">\n\t\t\t\t<div class=\"elementor-widget-container\">\n\t\t\t\t\t\t\t\t\t<div class=\"elementor-button-wrapper\">\n\t\t\t\t\t<a class=\"elementor-button elementor-button-link elementor-size-sm\" href=\"https:\/\/kreisseniorenrat-boeblingen.de\/ksrbb\/wp-content\/uploads\/2023\/08\/20230425-Heimbeiratstreffen.pdf\">\n\t\t\t\t\t\t<span class=\"elementor-button-content-wrapper\">\n\t\t\t\t\t\t<span class=\"elementor-button-icon\">\n\t\t\t\t<i aria-hidden=\"true\" class=\"far fa-arrow-alt-circle-right\"><\/i>\t\t\t<\/span>\n\t\t\t\t\t\t\t\t\t<span class=\"elementor-button-text\">Pr\u00e4sentation - Heimbeiratstreffen <\/span>\n\t\t\t\t\t<\/span>\n\t\t\t\t\t<\/a>\n\t\t\t\t<\/div>\n\t\t\t\t\t\t\t\t<\/div>\n\t\t\t\t<\/div>\n\t\t\t\t<div class=\"elementor-element elementor-element-b68e5de elementor-widget elementor-widget-button\" data-id=\"b68e5de\" data-element_type=\"widget\" data-e-type=\"widget\" data-widget_type=\"button.default\">\n\t\t\t\t<div class=\"elementor-widget-container\">\n\t\t\t\t\t\t\t\t\t<div class=\"elementor-button-wrapper\">\n\t\t\t\t\t<a class=\"elementor-button elementor-button-link elementor-size-sm\" href=\"https:\/\/kreisseniorenrat-boeblingen.de\/ksrbb\/wp-content\/uploads\/2023\/08\/2023-04-12-Praesentation-Diakonieschwesternschaft-und-Quartier.pdf\">\n\t\t\t\t\t\t<span class=\"elementor-button-content-wrapper\">\n\t\t\t\t\t\t<span class=\"elementor-button-icon\">\n\t\t\t\t<i aria-hidden=\"true\" class=\"far fa-arrow-alt-circle-right\"><\/i>\t\t\t<\/span>\n\t\t\t\t\t\t\t\t\t<span class=\"elementor-button-text\">Pr\u00e4sentation - Diakonieschwesternschaft Herrenberg-Korntal<\/span>\n\t\t\t\t\t<\/span>\n\t\t\t\t\t<\/a>\n\t\t\t\t<\/div>\n\t\t\t\t\t\t\t\t<\/div>\n\t\t\t\t<\/div>\n\t\t\t\t\t<\/div>\n\t\t<\/div>\n\t\t\t\t\t<\/div>\n\t\t<\/section>\n\t\t\t\t<section class=\"elementor-section elementor-top-section elementor-element elementor-element-3fda118 elementor-section-boxed elementor-section-height-default elementor-section-height-default\" data-id=\"3fda118\" data-element_type=\"section\" data-e-type=\"section\">\n\t\t\t\t\t\t<div class=\"elementor-container elementor-column-gap-default\">\n\t\t\t\t\t<div class=\"elementor-column elementor-col-100 elementor-top-column elementor-element elementor-element-c4dd3d7\" data-id=\"c4dd3d7\" data-element_type=\"column\" data-e-type=\"column\">\n\t\t\t<div class=\"elementor-widget-wrap elementor-element-populated\">\n\t\t\t\t\t\t<div class=\"elementor-element elementor-element-2687411 elementor-widget elementor-widget-heading\" data-id=\"2687411\" data-element_type=\"widget\" data-e-type=\"widget\" data-widget_type=\"heading.default\">\n\t\t\t\t<div class=\"elementor-widget-container\">\n\t\t\t\t\t<h2 class=\"elementor-heading-title elementor-size-default\">Vergangene Treffen<br>\n<br><div><p style=\"font-family: Arial, sans-serif;font-size: 16px;font-style: normal;font-weight: 400\"><span style=\"font-size: 16px;font-weight: 600\">05\/2022 Treffen der Heimbeir\u00e4te und Heimf\u00fcrsprecher in der Seniorenresidenz,Leonberg<\/span><\/p><p style=\"font-family: Arial, sans-serif;font-size: 16px;font-style: normal;font-weight: 400\"><\/p><p style=\"font-family: Arial, sans-serif;font-size: 16px;font-style: normal;font-weight: 400\"><span style=\"font-size: 16px;font-weight: 600\">10\/2019 Treffen der Heimbeir\u00e4te und Heimf\u00fcrsprecher in der Sonnenhalde, B\u00f6blingen<\/span><\/p><p style=\"font-family: Arial, sans-serif;font-size: 16px;font-style: normal;font-weight: 400\"><span style=\"font-size: 16px;font-weight: 600\"><\/span><\/p><p style=\"font-family: Arial, sans-serif;font-size: 16px;font-style: normal;font-weight: 400\"><span style=\"font-size: 16px;font-weight: 600\">10\/2018 Treffen der Heimbeir\u00e4te und Heimf\u00fcrsprecher im Haus Eichholzg\u00e4rten, Sindelfingen<\/span><\/p><p style=\"font-family: Arial, sans-serif;font-size: 16px;font-style: normal;font-weight: 400\"><span style=\"font-size: 16px;font-weight: 600\"><\/span><\/p><p style=\"font-family: Arial, sans-serif;font-size: 16px;font-style: normal;font-weight: 400\"><span style=\"font-size: 16px;font-weight: 600\">03\/2017 Treffen der Heimbeir\u00e4te und Heimf\u00fcrsprecher in der Begegnung Adrienne von B\u00fclow, Grafenau<\/span><\/p><p style=\"font-family: Arial, sans-serif;font-size: 16px;font-style: normal;font-weight: 400\"><span style=\"font-size: 16px;font-weight: 600\"><\/span><\/p><p style=\"font-family: Arial, sans-serif;font-size: 16px;font-style: normal;font-weight: 400\"><span style=\"font-size: 16px;font-weight: 600\">10\/2016 Treffen der Heimbeir\u00e4te und Heimf\u00fcrsprecher im Haus St. Hildegard, B\u00f6blingen-Dietzenhalde<\/span><\/p><p style=\"font-family: Arial, sans-serif;font-size: 16px;font-style: normal;font-weight: 400\"><span style=\"font-size: 16px;font-weight: 600\"><\/span><\/p><p style=\"font-family: Arial, sans-serif;font-size: 16px;font-style: normal;font-weight: 400\"><span style=\"font-size: 16px;font-weight: 600\">10\/2015 Treffen der Heimbeir\u00e4te und Heimf\u00fcrsprecher im Haus am Rosengarten, Bondorf<\/span><\/p>\n\n\n<\/div><\/h2>\t\t\t\t<\/div>\n\t\t\t\t<\/div>\n\t\t\t\t\t<\/div>\n\t\t<\/div>\n\t\t\t\t\t<\/div>\n\t\t<\/section>\n\t\t\t\t<section class=\"elementor-section elementor-top-section elementor-element elementor-element-57285d4 elementor-section-boxed elementor-section-height-default elementor-section-height-default\" data-id=\"57285d4\" data-element_type=\"section\" data-e-type=\"section\">\n\t\t\t\t\t\t<div class=\"elementor-container elementor-column-gap-default\">\n\t\t\t\t\t<div class=\"elementor-column elementor-col-100 elementor-top-column elementor-element elementor-element-d4b1230\" data-id=\"d4b1230\" data-element_type=\"column\" data-e-type=\"column\">\n\t\t\t<div class=\"elementor-widget-wrap elementor-element-populated\">\n\t\t\t\t\t\t<div class=\"elementor-element elementor-element-e1b43a4 elementor-widget elementor-widget-text-editor\" data-id=\"e1b43a4\" data-element_type=\"widget\" data-e-type=\"widget\" data-widget_type=\"text-editor.default\">\n\t\t\t\t<div class=\"elementor-widget-container\">\n\t\t\t\t\t\t\t\t\t<h2><strong>Hilfreiche Informationen f\u00fcr Heimbeir\u00e4te und Heimf\u00fcrsprecher :\u00a0<\/strong><\/h2>\t\t\t\t\t\t\t\t<\/div>\n\t\t\t\t<\/div>\n\t\t\t\t\t<\/div>\n\t\t<\/div>\n\t\t\t\t\t<\/div>\n\t\t<\/section>\n\t\t\t\t<section class=\"elementor-section elementor-top-section elementor-element elementor-element-db4cbe1 elementor-section-boxed elementor-section-height-default elementor-section-height-default\" data-id=\"db4cbe1\" data-element_type=\"section\" data-e-type=\"section\">\n\t\t\t\t\t\t<div class=\"elementor-container elementor-column-gap-default\">\n\t\t\t\t\t<div class=\"elementor-column elementor-col-100 elementor-top-column elementor-element elementor-element-73662a0\" data-id=\"73662a0\" data-element_type=\"column\" data-e-type=\"column\">\n\t\t\t<div class=\"elementor-widget-wrap elementor-element-populated\">\n\t\t\t\t\t\t<div class=\"elementor-element elementor-element-99d6d46 elementor-widget elementor-widget-button\" data-id=\"99d6d46\" data-element_type=\"widget\" data-e-type=\"widget\" data-widget_type=\"button.default\">\n\t\t\t\t<div class=\"elementor-widget-container\">\n\t\t\t\t\t\t\t\t\t<div class=\"elementor-button-wrapper\">\n\t\t\t\t\t<a class=\"elementor-button elementor-button-link elementor-size-sm\" href=\"https:\/\/sozialministerium.baden-wuerttemberg.de\/fileadmin\/redaktion\/m-sm\/intern\/downloads\/Downloads_Pflege\/Broschuere_Mitwirkung_Einrichtungen_stationaere-Altenpflege.pdf\">\n\t\t\t\t\t\t<span class=\"elementor-button-content-wrapper\">\n\t\t\t\t\t\t<span class=\"elementor-button-icon\">\n\t\t\t\t<i aria-hidden=\"true\" class=\"far fa-arrow-alt-circle-right\"><\/i>\t\t\t<\/span>\n\t\t\t\t\t\t\t\t\t<span class=\"elementor-button-text\">Brosch\u00fcre 'Unterst\u00fctzung im Heim'  (Unterst\u00fctzung f\u00fcr Heimbeir\u00e4te)<\/span>\n\t\t\t\t\t<\/span>\n\t\t\t\t\t<\/a>\n\t\t\t\t<\/div>\n\t\t\t\t\t\t\t\t<\/div>\n\t\t\t\t<\/div>\n\t\t\t\t<div class=\"elementor-element elementor-element-0208419 elementor-widget elementor-widget-button\" data-id=\"0208419\" data-element_type=\"widget\" data-e-type=\"widget\" data-widget_type=\"button.default\">\n\t\t\t\t<div class=\"elementor-widget-container\">\n\t\t\t\t\t\t\t\t\t<div class=\"elementor-button-wrapper\">\n\t\t\t\t\t<a class=\"elementor-button elementor-button-link elementor-size-sm\" href=\"https:\/\/sozialministerium.baden-wuerttemberg.de\/de\/service\/publikation\/did\/mitwirkung-in-einrichtungen-der-stationaeren-altenpflege\/\">\n\t\t\t\t\t\t<span class=\"elementor-button-content-wrapper\">\n\t\t\t\t\t\t<span class=\"elementor-button-icon\">\n\t\t\t\t<i aria-hidden=\"true\" class=\"far fa-arrow-alt-circle-right\"><\/i>\t\t\t<\/span>\n\t\t\t\t\t\t\t\t\t<span class=\"elementor-button-text\">Link 'Mitwirkung in Einrichtungen der station\u00e4ren Altenpflege'<\/span>\n\t\t\t\t\t<\/span>\n\t\t\t\t\t<\/a>\n\t\t\t\t<\/div>\n\t\t\t\t\t\t\t\t<\/div>\n\t\t\t\t<\/div>\n\t\t\t\t\t<\/div>\n\t\t<\/div>\n\t\t\t\t\t<\/div>\n\t\t<\/section>\n\t\t\t\t<\/div>\n\t\t","protected":false},"excerpt":{"rendered":"<p>Unterst\u00fctzung der Heimbeir\u00e4te &#8211; Besuche der Pflegeheime Der Kreisseniorenrat ber\u00e4t und unterst\u00fctzt die Heimbeir\u00e4te in station\u00e4ren Senioreneinrichtungen durch pers\u00f6nliche Besuche und Schulungen. Die Mitwirkungsm\u00f6glichkeiten sind in der Landesheimmitwirkungsverordnung\u00a0 festgeschrieben. Gemeinsame Treffen dienen zum Austausch von Erfahrungen und der Motivation der Heimbeir\u00e4te zur Mitwirkung am Heimalltag.Schulungstermine werden im Terminkalender ver\u00f6ffentlicht. Mit zum Programm des KSR geh\u00f6rt [&hellip;]<\/p>\n","protected":false},"author":3,"featured_media":0,"parent":129,"menu_order":0,"comment_status":"closed","ping_status":"closed","template":"","meta":{"_crdt_document":"","ocean_post_layout":"","ocean_both_sidebars_style":"","ocean_both_sidebars_content_width":0,"ocean_both_sidebars_sidebars_width":0,"ocean_sidebar":"0","ocean_second_sidebar":"0","ocean_disable_margins":"enable","ocean_add_body_class":"","ocean_shortcode_before_top_bar":"","ocean_shortcode_after_top_bar":"","ocean_shortcode_before_header":"","ocean_shortcode_after_header":"","ocean_has_shortcode":"","ocean_shortcode_after_title":"","ocean_shortcode_before_footer_widgets":"","ocean_shortcode_after_footer_widgets":"","ocean_shortcode_before_footer_bottom":"","ocean_shortcode_after_footer_bottom":"","ocean_display_top_bar":"default","ocean_display_header":"default","ocean_header_style":"","ocean_center_header_left_menu":"0","ocean_custom_header_template":"0","ocean_custom_logo":0,"ocean_custom_retina_logo":0,"ocean_custom_logo_max_width":0,"ocean_custom_logo_tablet_max_width":0,"ocean_custom_logo_mobile_max_width":0,"ocean_custom_logo_max_height":0,"ocean_custom_logo_tablet_max_height":0,"ocean_custom_logo_mobile_max_height":0,"ocean_header_custom_menu":"0","ocean_menu_typo_font_family":"0","ocean_menu_typo_font_subset":"","ocean_menu_typo_font_size":0,"ocean_menu_typo_font_size_tablet":0,"ocean_menu_typo_font_size_mobile":0,"ocean_menu_typo_font_size_unit":"px","ocean_menu_typo_font_weight":"","ocean_menu_typo_font_weight_tablet":"","ocean_menu_typo_font_weight_mobile":"","ocean_menu_typo_transform":"","ocean_menu_typo_transform_tablet":"","ocean_menu_typo_transform_mobile":"","ocean_menu_typo_line_height":0,"ocean_menu_typo_line_height_tablet":0,"ocean_menu_typo_line_height_mobile":0,"ocean_menu_typo_line_height_unit":"","ocean_menu_typo_spacing":0,"ocean_menu_typo_spacing_tablet":0,"ocean_menu_typo_spacing_mobile":0,"ocean_menu_typo_spacing_unit":"","ocean_menu_link_color":"","ocean_menu_link_color_hover":"","ocean_menu_link_color_active":"","ocean_menu_link_background":"","ocean_menu_link_hover_background":"","ocean_menu_link_active_background":"","ocean_menu_social_links_bg":"","ocean_menu_social_hover_links_bg":"","ocean_menu_social_links_color":"","ocean_menu_social_hover_links_color":"","ocean_disable_title":"default","ocean_disable_heading":"on","ocean_post_title":"","ocean_post_subheading":"","ocean_post_title_style":"","ocean_post_title_background_color":"","ocean_post_title_background":0,"ocean_post_title_bg_image_position":"","ocean_post_title_bg_image_attachment":"","ocean_post_title_bg_image_repeat":"","ocean_post_title_bg_image_size":"","ocean_post_title_height":0,"ocean_post_title_bg_overlay":0.5,"ocean_post_title_bg_overlay_color":"","ocean_disable_breadcrumbs":"default","ocean_breadcrumbs_color":"","ocean_breadcrumbs_separator_color":"","ocean_breadcrumbs_links_color":"","ocean_breadcrumbs_links_hover_color":"","ocean_display_footer_widgets":"default","ocean_display_footer_bottom":"default","ocean_custom_footer_template":"0","footnotes":""},"class_list":["post-135","page","type-page","status-publish","hentry","entry"],"_links":{"self":[{"href":"https:\/\/kreisseniorenrat-boeblingen.de\/ksrbb\/wp-json\/wp\/v2\/pages\/135","targetHints":{"allow":["GET"]}}],"collection":[{"href":"https:\/\/kreisseniorenrat-boeblingen.de\/ksrbb\/wp-json\/wp\/v2\/pages"}],"about":[{"href":"https:\/\/kreisseniorenrat-boeblingen.de\/ksrbb\/wp-json\/wp\/v2\/types\/page"}],"author":[{"embeddable":true,"href":"https:\/\/kreisseniorenrat-boeblingen.de\/ksrbb\/wp-json\/wp\/v2\/users\/3"}],"replies":[{"embeddable":true,"href":"https:\/\/kreisseniorenrat-boeblingen.de\/ksrbb\/wp-json\/wp\/v2\/comments?post=135"}],"version-history":[{"count":79,"href":"https:\/\/kreisseniorenrat-boeblingen.de\/ksrbb\/wp-json\/wp\/v2\/pages\/135\/revisions"}],"predecessor-version":[{"id":2892,"href":"https:\/\/kreisseniorenrat-boeblingen.de\/ksrbb\/wp-json\/wp\/v2\/pages\/135\/revisions\/2892"}],"up":[{"embeddable":true,"href":"https:\/\/kreisseniorenrat-boeblingen.de\/ksrbb\/wp-json\/wp\/v2\/pages\/129"}],"wp:attachment":[{"href":"https:\/\/kreisseniorenrat-boeblingen.de\/ksrbb\/wp-json\/wp\/v2\/media?parent=135"}],"curies":[{"name":"wp","href":"https:\/\/api.w.org\/{rel}","templated":true}]}}