{"id":121,"date":"2023-04-24T16:52:17","date_gmt":"2023-04-24T14:52:17","guid":{"rendered":"http:\/\/neu.kreisseniorenrat-boeblingen.de\/?page_id=121"},"modified":"2025-11-05T10:53:25","modified_gmt":"2025-11-05T09:53:25","slug":"vorsorgende-verfuegung","status":"publish","type":"page","link":"https:\/\/kreisseniorenrat-boeblingen.de\/ksrbb\/projekte\/vorsorgende-verfuegung-patientenverfuegung-betreungsverfuegung\/vorsorgende-verfuegung\/","title":{"rendered":"Vorsorgende Verf\u00fcgung"},"content":{"rendered":"\t\t<div data-elementor-type=\"wp-page\" data-elementor-id=\"121\" class=\"elementor elementor-121\">\n\t\t\t\t\t\t<section class=\"elementor-section elementor-top-section elementor-element elementor-element-326fe044 elementor-section-boxed elementor-section-height-default elementor-section-height-default\" data-id=\"326fe044\" data-element_type=\"section\" data-e-type=\"section\">\n\t\t\t\t\t\t<div class=\"elementor-container elementor-column-gap-default\">\n\t\t\t\t\t<div class=\"elementor-column elementor-col-100 elementor-top-column elementor-element elementor-element-18b67497\" data-id=\"18b67497\" data-element_type=\"column\" data-e-type=\"column\">\n\t\t\t<div class=\"elementor-widget-wrap elementor-element-populated\">\n\t\t\t\t\t\t<div class=\"elementor-element elementor-element-666ddc94 elementor-widget elementor-widget-text-editor\" data-id=\"666ddc94\" data-element_type=\"widget\" data-e-type=\"widget\" data-widget_type=\"text-editor.default\">\n\t\t\t\t<div class=\"elementor-widget-container\">\n\t\t\t\t\t\t\t\t\t<h3 class=\"wp-block-heading has-medium-font-size\">Die Vorsorgevollmacht<\/h3>\n<p><!-- \/wp:heading --><!-- wp:paragraph --><\/p>\n<p>Mit einer Vorsorgevollmacht erm\u00e4chtigt der Voll\u00admachtgeber eine oder mehrere Personen (Bevoll\u00adm\u00e4chtigte) in seinem Sinne zu handeln, wenn er zu eigenverantwortlichem Handeln nicht mehr in der Lage ist. Wichtig ist, eine Vollmacht nur solch einer Person (oder mehreren Personen) zu erteilen, zu der ein\u00a0uneingeschr\u00e4nktes Vertrauen\u00a0besteht.<\/p>\n<p><!-- \/wp:paragraph --><!-- wp:paragraph --><\/p>\n<p>Die Vorsorgevollmacht h\u00e4lt fest, welche\u00a0Erledigungen\u00a0der Vollmachtgeber in bestimmten Situationen w\u00fcnscht. Die Vollmacht muss schriftlich verfasst und\u00a0handschriftlich\u00a0unterschrieben sein. Die Unterschrift kann durch die Betreuungsbeh\u00f6rde\u00a0beglaubigt\u00a0werden. Bei Immobiliengesch\u00e4ften wird dringend empfohlen, die Vollmacht durch einen\u00a0Notar beurkunden\u00a0zu lassen. Der Bevoll\u00adm\u00e4chtigte vertritt den Willen des Vollmachtgebers in privatem Auftrag. Die Vollmacht kann jederzeit widerrufen oder ver\u00e4ndert werden. Mit der Vollmacht kann gehandelt werden, sobald der Bevollm\u00e4chtigte die Urkunde im Original oder eine beglaubigte Ausfertigung davon vorlegen kann.<\/p>\n<p><!-- \/wp:paragraph --><!-- wp:paragraph --><\/p>\n<p>Der Geltungsbereich einer Vollmacht kann sich u.a. beziehen auf :<\/p>\n<p><!-- \/wp:paragraph --><!-- wp:list {\"textColor\":\"black\"} --><\/p>\n<ul class=\"has-black-color has-text-color\">\n<li style=\"list-style-type: none;\">\n<ul class=\"has-black-color has-text-color\"><!-- wp:list-item --><\/ul>\n<\/li>\n<\/ul>\n<ul class=\"has-black-color has-text-color\">\n<li style=\"list-style-type: none;\">\n<ul class=\"has-black-color has-text-color\">\n<li>Gesundheitsvorsorge und Pflege<\/li>\n<\/ul>\n<\/li>\n<\/ul>\n<p><!-- \/wp:list-item --><!-- wp:list-item --><\/p>\n<ul class=\"has-black-color has-text-color\">\n<li style=\"list-style-type: none;\">\n<ul class=\"has-black-color has-text-color\">\n<li>Aufenthalt, Wohnungsangelegenheiten<\/li>\n<\/ul>\n<\/li>\n<\/ul>\n<p><!-- \/wp:list-item --><!-- wp:list-item --><\/p>\n<ul class=\"has-black-color has-text-color\">\n<li style=\"list-style-type: none;\">\n<ul class=\"has-black-color has-text-color\">\n<li>Beh\u00f6rden, Sozialleistungstr\u00e4ger<\/li>\n<\/ul>\n<\/li>\n<\/ul>\n<p><!-- \/wp:list-item --><!-- wp:list-item --><\/p>\n<ul class=\"has-black-color has-text-color\">\n<li style=\"list-style-type: none;\">\n<ul class=\"has-black-color has-text-color\">\n<li>Geld und Verm\u00f6gen<\/li>\n<\/ul>\n<\/li>\n<\/ul>\n<p><!-- \/wp:list-item --><!-- wp:list-item --><\/p>\n<ul class=\"has-black-color has-text-color\">\n<li style=\"list-style-type: none;\">\n<ul class=\"has-black-color has-text-color\">\n<li>Post- und Fernmeldeverkehr, usw.<\/li>\n<\/ul>\n<\/li>\n<\/ul>\n<p><!-- \/wp:list-item --><\/p>\n<p><!-- \/wp:list --><!-- wp:paragraph --><\/p>\n<p>Eine Kontrolle des Handelns des Bevollm\u00e4chtigten von dritter Seite findet nicht statt. Allerdings muss bei besonders schwerwiegendem Eingriff in den pers\u00f6nlichen Bereich des Vollmachtgebers, wie freiheitsentzie\u00adhende Ma\u00dfnahmen, die Genehmigung des Betreu\u00adungsgerichts eingeholt werden.<\/p>\n<p><!-- \/wp:paragraph --><!-- wp:paragraph --><\/p>\n<p>In Abstimmung mit Juristen, Notaren und \u00c4rzten hat der Kreisseniorenrat B\u00f6blingen eine Vorsorgevollmacht (blaues Formular) herausgebracht, die alle oben beschriebenen Punkte enth\u00e4lt.<br \/>Diese kann als <a href=\"https:\/\/kreisseniorenrat-boeblingen.de\/ksrbb\/wp-content\/uploads\/2025\/11\/KSR-Pat.verf-Vorsorgevollmacht-08.2025.pdf\">pdf-<\/a><\/p>\n<p><a href=\"https:\/\/kreisseniorenrat-boeblingen.de\/ksrbb\/wp-content\/uploads\/2025\/11\/KSR-Pat.verf-Vorsorgevollmacht-08.2025.pdf\">Datei<\/a> heruntergeladen und ausgedruckt werden oder als\u00a0<a style=\"font-size: 16px; background-color: #ffffff;\" href=\"https:\/\/kreisseniorenrat-boeblingen.de\/ksrbb\/wp-content\/uploads\/2024\/07\/KSR-Pat.verf-Vorsorgevollmacht-01.2023_Online_Form_V01.pdf\" target=\"_blank\" rel=\"noopener\">editierbare pdf-Datei<\/a><span style=\"font-size: 16px; color: var( --e-global-color-text );\">\u00a0angepasst werden\u2013&gt; siehe auch\u00a0<\/span><a style=\"font-size: 16px; background-color: #ffffff;\" href=\"https:\/\/kreisseniorenrat-boeblingen.de\/ksrbb\/informationen\/dokumente-und-broschueren\/\" data-type=\"page\" data-id=\"49\">Dokumente und Brosch\u00fcren<\/a><\/p>\n<p><!-- \/wp:paragraph --><!-- wp:paragraph --><\/p>\n<p>Sie finden ebenfalls ein <a href=\"https:\/\/kreisseniorenrat-boeblingen.de\/ksrbb\/wp-content\/uploads\/2023\/05\/KSR-Pat.verf-Merkblatt-gruen-01.2023.pdf\">Merkblatt zu den Vorsorgenden Verf\u00fcgungen<\/a>, sowie ein Beispiel zu Untervollmachten.<\/p>\n<p><!-- \/wp:paragraph --><!-- wp:paragraph --><\/p>\n<p>Die aktuelle Vorsorgevollmacht bekommen Sie ebenfalls im Landratsamt (Gesch\u00e4ftstelle Kreisseniorenrat, Betreuungsbeh\u00f6rde) oder bei den Beratungsstellen im Landkreis (Pflegest\u00fctzpunkt, iaV und anderen Beratungsstellen).<\/p>\n<p><!-- \/wp:paragraph --><!-- wp:paragraph --><\/p>\n<p>Termine zur Unterschriftsbeglaubigung bei der Betreuungsbeh\u00f6rde, sowie weiteres Informationsmaterial bekommen Sie<a href=\"https:\/\/www.lrabb.de\/start\/Service+_+Verwaltung\/Betreuung.html\"> hier<\/a>. Die Geb\u00fchr f\u00fcr die Unterschriftsbeglaubigung betr\u00e4gt derzeit 10 Euro.<\/p>\n<p><!-- \/wp:paragraph --><\/p>\t\t\t\t\t\t\t\t<\/div>\n\t\t\t\t<\/div>\n\t\t\t\t\t<\/div>\n\t\t<\/div>\n\t\t\t\t\t<\/div>\n\t\t<\/section>\n\t\t\t\t<\/div>\n\t\t","protected":false},"excerpt":{"rendered":"<p>Die Vorsorgevollmacht Mit einer Vorsorgevollmacht erm\u00e4chtigt der Voll\u00admachtgeber eine oder mehrere Personen (Bevoll\u00adm\u00e4chtigte) in seinem Sinne zu handeln, wenn er zu eigenverantwortlichem Handeln nicht mehr in der Lage ist. Wichtig ist, eine Vollmacht nur solch einer Person (oder mehreren Personen) zu erteilen, zu der ein\u00a0uneingeschr\u00e4nktes Vertrauen\u00a0besteht. Die Vorsorgevollmacht h\u00e4lt fest, welche\u00a0Erledigungen\u00a0der Vollmachtgeber in bestimmten Situationen [&hellip;]<\/p>\n","protected":false},"author":3,"featured_media":0,"parent":119,"menu_order":0,"comment_status":"closed","ping_status":"closed","template":"","meta":{"_crdt_document":"","ocean_post_layout":"","ocean_both_sidebars_style":"","ocean_both_sidebars_content_width":0,"ocean_both_sidebars_sidebars_width":0,"ocean_sidebar":"0","ocean_second_sidebar":"0","ocean_disable_margins":"enable","ocean_add_body_class":"","ocean_shortcode_before_top_bar":"","ocean_shortcode_after_top_bar":"","ocean_shortcode_before_header":"","ocean_shortcode_after_header":"","ocean_has_shortcode":"","ocean_shortcode_after_title":"","ocean_shortcode_before_footer_widgets":"","ocean_shortcode_after_footer_widgets":"","ocean_shortcode_before_footer_bottom":"","ocean_shortcode_after_footer_bottom":"","ocean_display_top_bar":"default","ocean_display_header":"default","ocean_header_style":"","ocean_center_header_left_menu":"0","ocean_custom_header_template":"0","ocean_custom_logo":0,"ocean_custom_retina_logo":0,"ocean_custom_logo_max_width":0,"ocean_custom_logo_tablet_max_width":0,"ocean_custom_logo_mobile_max_width":0,"ocean_custom_logo_max_height":0,"ocean_custom_logo_tablet_max_height":0,"ocean_custom_logo_mobile_max_height":0,"ocean_header_custom_menu":"0","ocean_menu_typo_font_family":"0","ocean_menu_typo_font_subset":"","ocean_menu_typo_font_size":0,"ocean_menu_typo_font_size_tablet":0,"ocean_menu_typo_font_size_mobile":0,"ocean_menu_typo_font_size_unit":"px","ocean_menu_typo_font_weight":"","ocean_menu_typo_font_weight_tablet":"","ocean_menu_typo_font_weight_mobile":"","ocean_menu_typo_transform":"","ocean_menu_typo_transform_tablet":"","ocean_menu_typo_transform_mobile":"","ocean_menu_typo_line_height":0,"ocean_menu_typo_line_height_tablet":0,"ocean_menu_typo_line_height_mobile":0,"ocean_menu_typo_line_height_unit":"","ocean_menu_typo_spacing":0,"ocean_menu_typo_spacing_tablet":0,"ocean_menu_typo_spacing_mobile":0,"ocean_menu_typo_spacing_unit":"","ocean_menu_link_color":"","ocean_menu_link_color_hover":"","ocean_menu_link_color_active":"","ocean_menu_link_background":"","ocean_menu_link_hover_background":"","ocean_menu_link_active_background":"","ocean_menu_social_links_bg":"","ocean_menu_social_hover_links_bg":"","ocean_menu_social_links_color":"","ocean_menu_social_hover_links_color":"","ocean_disable_title":"default","ocean_disable_heading":"on","ocean_post_title":"","ocean_post_subheading":"","ocean_post_title_style":"","ocean_post_title_background_color":"","ocean_post_title_background":0,"ocean_post_title_bg_image_position":"","ocean_post_title_bg_image_attachment":"","ocean_post_title_bg_image_repeat":"","ocean_post_title_bg_image_size":"","ocean_post_title_height":0,"ocean_post_title_bg_overlay":0.5,"ocean_post_title_bg_overlay_color":"","ocean_disable_breadcrumbs":"default","ocean_breadcrumbs_color":"","ocean_breadcrumbs_separator_color":"","ocean_breadcrumbs_links_color":"","ocean_breadcrumbs_links_hover_color":"","ocean_display_footer_widgets":"default","ocean_display_footer_bottom":"default","ocean_custom_footer_template":"0","footnotes":""},"class_list":["post-121","page","type-page","status-publish","hentry","entry"],"_links":{"self":[{"href":"https:\/\/kreisseniorenrat-boeblingen.de\/ksrbb\/wp-json\/wp\/v2\/pages\/121","targetHints":{"allow":["GET"]}}],"collection":[{"href":"https:\/\/kreisseniorenrat-boeblingen.de\/ksrbb\/wp-json\/wp\/v2\/pages"}],"about":[{"href":"https:\/\/kreisseniorenrat-boeblingen.de\/ksrbb\/wp-json\/wp\/v2\/types\/page"}],"author":[{"embeddable":true,"href":"https:\/\/kreisseniorenrat-boeblingen.de\/ksrbb\/wp-json\/wp\/v2\/users\/3"}],"replies":[{"embeddable":true,"href":"https:\/\/kreisseniorenrat-boeblingen.de\/ksrbb\/wp-json\/wp\/v2\/comments?post=121"}],"version-history":[{"count":24,"href":"https:\/\/kreisseniorenrat-boeblingen.de\/ksrbb\/wp-json\/wp\/v2\/pages\/121\/revisions"}],"predecessor-version":[{"id":3590,"href":"https:\/\/kreisseniorenrat-boeblingen.de\/ksrbb\/wp-json\/wp\/v2\/pages\/121\/revisions\/3590"}],"up":[{"embeddable":true,"href":"https:\/\/kreisseniorenrat-boeblingen.de\/ksrbb\/wp-json\/wp\/v2\/pages\/119"}],"wp:attachment":[{"href":"https:\/\/kreisseniorenrat-boeblingen.de\/ksrbb\/wp-json\/wp\/v2\/media?parent=121"}],"curies":[{"name":"wp","href":"https:\/\/api.w.org\/{rel}","templated":true}]}}