{"id":119,"date":"2023-04-24T16:51:50","date_gmt":"2023-04-24T14:51:50","guid":{"rendered":"http:\/\/neu.kreisseniorenrat-boeblingen.de\/?page_id=119"},"modified":"2023-10-23T14:02:29","modified_gmt":"2023-10-23T12:02:29","slug":"vorsorgende-verfuegung-patientenverfuegung-betreungsverfuegung","status":"publish","type":"page","link":"https:\/\/kreisseniorenrat-boeblingen.de\/ksrbb\/projekte\/vorsorgende-verfuegung-patientenverfuegung-betreungsverfuegung\/","title":{"rendered":"Vorsorgende Verf\u00fcgung, Patientenverf\u00fcgung, Betreungsverf\u00fcgung"},"content":{"rendered":"\t\t<div data-elementor-type=\"wp-page\" data-elementor-id=\"119\" class=\"elementor elementor-119\">\n\t\t\t\t\t\t<section class=\"elementor-section elementor-top-section elementor-element elementor-element-55fa6f8d elementor-section-boxed elementor-section-height-default elementor-section-height-default\" data-id=\"55fa6f8d\" data-element_type=\"section\" data-e-type=\"section\">\n\t\t\t\t\t\t<div class=\"elementor-container elementor-column-gap-default\">\n\t\t\t\t\t<div class=\"elementor-column elementor-col-100 elementor-top-column elementor-element elementor-element-7e4222fd\" data-id=\"7e4222fd\" data-element_type=\"column\" data-e-type=\"column\">\n\t\t\t<div class=\"elementor-widget-wrap elementor-element-populated\">\n\t\t\t\t\t\t<div class=\"elementor-element elementor-element-7671570 elementor-widget elementor-widget-text-editor\" data-id=\"7671570\" data-element_type=\"widget\" data-e-type=\"widget\" data-widget_type=\"text-editor.default\">\n\t\t\t\t<div class=\"elementor-widget-container\">\n\t\t\t\t\t\t\t\t\t<p>Mit Vorsorgenden Verf\u00fcgungen in guten Tagen den eigenen Wille zum Ausdruck zu bringen, ist f\u00fcr Vollj\u00e4hrige ein Gebot der Vernunft.<\/p>\t\t\t\t\t\t\t\t<\/div>\n\t\t\t\t<\/div>\n\t\t\t\t<div class=\"elementor-element elementor-element-62607e8 elementor-widget elementor-widget-text-editor\" data-id=\"62607e8\" data-element_type=\"widget\" data-e-type=\"widget\" data-widget_type=\"text-editor.default\">\n\t\t\t\t<div class=\"elementor-widget-container\">\n\t\t\t\t\t\t\t\t\t<p>Mit einer <a href=\"https:\/\/kreisseniorenrat-boeblingen.de\/ksrbb\/projekte\/vorsorgende-verfuegung-patientenverfuegung-betreungsverfuegung\/vorsorgende-verfuegung\/\"><strong>Vorsorgevollmacht<\/strong><\/a> beauftragen Sie einen anderen Menschen ihres Vertrauens, f\u00fcr Sie zu entscheiden, wenn Sie das selbst nicht mehr k\u00f6nnen. Jeder kann in die Lage kommen, nicht selbst entscheiden zu k\u00f6nnen &#8211; sei es durch Unfall, Krankheit oder altersbedingten Einschr\u00e4nkungen.<br \/>Selbst Ehe- und Lebenspartner d\u00fcrfen nicht automatisch f\u00fcreinander sprechen. Ausnahme ist seit Januar 2023 das gesetzliche Notvertretungsrecht f\u00fcr Ehegatten. Dieses ist auf 6 Monate beschr\u00e4nkt und gilt nur sehr eingeschr\u00e4nkt f\u00fcr Gesundheitsangelegenheiten und beispielsweise nicht f\u00fcr Finanzfragen.<\/p>\t\t\t\t\t\t\t\t<\/div>\n\t\t\t\t<\/div>\n\t\t\t\t<div class=\"elementor-element elementor-element-4ecaa1a elementor-widget elementor-widget-button\" data-id=\"4ecaa1a\" data-element_type=\"widget\" data-e-type=\"widget\" data-widget_type=\"button.default\">\n\t\t\t\t<div class=\"elementor-widget-container\">\n\t\t\t\t\t\t\t\t\t<div class=\"elementor-button-wrapper\">\n\t\t\t\t\t<a class=\"elementor-button elementor-button-link elementor-size-sm\" href=\"https:\/\/kreisseniorenrat-boeblingen.de\/ksrbb\/projekte\/vorsorgende-verfuegung-patientenverfuegung-betreungsverfuegung\/vorsorgende-verfuegung\/\">\n\t\t\t\t\t\t<span class=\"elementor-button-content-wrapper\">\n\t\t\t\t\t\t<span class=\"elementor-button-icon\">\n\t\t\t\t<i aria-hidden=\"true\" class=\"far fa-arrow-alt-circle-right\"><\/i>\t\t\t<\/span>\n\t\t\t\t\t\t\t\t\t<span class=\"elementor-button-text\">Vorsorgende Verf\u00fcgung<\/span>\n\t\t\t\t\t<\/span>\n\t\t\t\t\t<\/a>\n\t\t\t\t<\/div>\n\t\t\t\t\t\t\t\t<\/div>\n\t\t\t\t<\/div>\n\t\t\t\t<div class=\"elementor-element elementor-element-4cf86c0 elementor-widget elementor-widget-text-editor\" data-id=\"4cf86c0\" data-element_type=\"widget\" data-e-type=\"widget\" data-widget_type=\"text-editor.default\">\n\t\t\t\t<div class=\"elementor-widget-container\">\n\t\t\t\t\t\t\t\t\t<p>Eine\u00a0<a href=\"https:\/\/kreisseniorenrat-boeblingen.de\/ksrbb\/projekte\/vorsorgende-verfuegung-patientenverfuegung-betreungsverfuegung\/patientenverfuegung\/\"><strong>Patientenverf\u00fcgung<\/strong><\/a> regelt, welche medizinischen Behandlungen man w\u00fcnscht oder ausschlie\u00dft, falls man sich selbst nicht mehr dazu \u00e4u\u00dfern kann. Solange ein Mensch bei Bewusstsein ist und sich mitteilen kann, spielt die Patientenverf\u00fcgung keine Rolle.<\/p>\t\t\t\t\t\t\t\t<\/div>\n\t\t\t\t<\/div>\n\t\t\t\t<div class=\"elementor-element elementor-element-2cab6ae elementor-widget elementor-widget-button\" data-id=\"2cab6ae\" data-element_type=\"widget\" data-e-type=\"widget\" data-widget_type=\"button.default\">\n\t\t\t\t<div class=\"elementor-widget-container\">\n\t\t\t\t\t\t\t\t\t<div class=\"elementor-button-wrapper\">\n\t\t\t\t\t<a class=\"elementor-button elementor-button-link elementor-size-sm\" href=\"https:\/\/kreisseniorenrat-boeblingen.de\/ksrbb\/projekte\/vorsorgende-verfuegung-patientenverfuegung-betreungsverfuegung\/patientenverfuegung\/\">\n\t\t\t\t\t\t<span class=\"elementor-button-content-wrapper\">\n\t\t\t\t\t\t<span class=\"elementor-button-icon\">\n\t\t\t\t<i aria-hidden=\"true\" class=\"far fa-arrow-alt-circle-right\"><\/i>\t\t\t<\/span>\n\t\t\t\t\t\t\t\t\t<span class=\"elementor-button-text\">Patientenverf\u00fcgung<\/span>\n\t\t\t\t\t<\/span>\n\t\t\t\t\t<\/a>\n\t\t\t\t<\/div>\n\t\t\t\t\t\t\t\t<\/div>\n\t\t\t\t<\/div>\n\t\t\t\t<div class=\"elementor-element elementor-element-2d502de4 elementor-widget elementor-widget-text-editor\" data-id=\"2d502de4\" data-element_type=\"widget\" data-e-type=\"widget\" data-widget_type=\"text-editor.default\">\n\t\t\t\t<div class=\"elementor-widget-container\">\n\t\t\t\t\t\t\t\t\t<p><\/p>\n<p class=\"wp-block-paragraph\"><\/p>\n<p class=\"wp-block-paragraph\"><\/p>\n<p class=\"wp-block-paragraph\">Ein <strong><a href=\"https:\/\/kreisseniorenrat-boeblingen.de\/ksrbb\/projekte\/vorsorgende-verfuegung-patientenverfuegung-betreungsverfuegung\/notfallbogen\/\">Notfallbogen<\/a><\/strong> erfasst alle wichtigen Informationen f\u00fcr \u00c4rzte und Pflegepersonal.<\/p>\n<p><\/p>\t\t\t\t\t\t\t\t<\/div>\n\t\t\t\t<\/div>\n\t\t\t\t<div class=\"elementor-element elementor-element-b9cf102 elementor-widget elementor-widget-button\" data-id=\"b9cf102\" data-element_type=\"widget\" data-e-type=\"widget\" data-widget_type=\"button.default\">\n\t\t\t\t<div class=\"elementor-widget-container\">\n\t\t\t\t\t\t\t\t\t<div class=\"elementor-button-wrapper\">\n\t\t\t\t\t<a class=\"elementor-button elementor-button-link elementor-size-sm\" href=\"https:\/\/kreisseniorenrat-boeblingen.de\/ksrbb\/projekte\/vorsorgende-verfuegung-patientenverfuegung-betreungsverfuegung\/notfallbogen\/\">\n\t\t\t\t\t\t<span class=\"elementor-button-content-wrapper\">\n\t\t\t\t\t\t<span class=\"elementor-button-icon\">\n\t\t\t\t<i aria-hidden=\"true\" class=\"far fa-arrow-alt-circle-right\"><\/i>\t\t\t<\/span>\n\t\t\t\t\t\t\t\t\t<span class=\"elementor-button-text\">Notfallbogen<\/span>\n\t\t\t\t\t<\/span>\n\t\t\t\t\t<\/a>\n\t\t\t\t<\/div>\n\t\t\t\t\t\t\t\t<\/div>\n\t\t\t\t<\/div>\n\t\t\t\t\t<\/div>\n\t\t<\/div>\n\t\t\t\t\t<\/div>\n\t\t<\/section>\n\t\t\t\t<section class=\"elementor-section elementor-top-section elementor-element elementor-element-700caf6 elementor-section-boxed elementor-section-height-default elementor-section-height-default\" data-id=\"700caf6\" data-element_type=\"section\" data-e-type=\"section\">\n\t\t\t\t\t\t<div class=\"elementor-container elementor-column-gap-default\">\n\t\t\t\t\t<div class=\"elementor-column elementor-col-100 elementor-top-column elementor-element elementor-element-3516591\" data-id=\"3516591\" data-element_type=\"column\" data-e-type=\"column\">\n\t\t\t<div class=\"elementor-widget-wrap elementor-element-populated\">\n\t\t\t\t\t\t<div class=\"elementor-element elementor-element-f89c061 elementor-widget elementor-widget-text-editor\" data-id=\"f89c061\" data-element_type=\"widget\" data-e-type=\"widget\" data-widget_type=\"text-editor.default\">\n\t\t\t\t<div class=\"elementor-widget-container\">\n\t\t\t\t\t\t\t\t\t<p>Mit der zunehmenden Digitalisierung auch im privaten Bereich ist es erforderlich Vorkehrungen daf\u00fcr zu treffen, wer sich im Bedarfsfall um digitale Konten und Daten k\u00fcmmern sollte. Auch dies sollte in einer Vollmacht schriftlich festgelegt werden.\u00a0<\/p>\n<p><strong><a href=\"https:\/\/kreisseniorenrat-boeblingen.de\/ksrbb\/projekte\/vorsorgende-verfuegung-patientenverfuegung-betreungsverfuegung\/digitaler-leitfaden\/\">Digitaler Leitfaden (im Aufbau)<\/a><\/strong><\/p>\t\t\t\t\t\t\t\t<\/div>\n\t\t\t\t<\/div>\n\t\t\t\t<div class=\"elementor-element elementor-element-0a09d6f elementor-widget elementor-widget-button\" data-id=\"0a09d6f\" data-element_type=\"widget\" data-e-type=\"widget\" data-widget_type=\"button.default\">\n\t\t\t\t<div class=\"elementor-widget-container\">\n\t\t\t\t\t\t\t\t\t<div class=\"elementor-button-wrapper\">\n\t\t\t\t\t<a class=\"elementor-button elementor-button-link elementor-size-sm\" href=\"https:\/\/kreisseniorenrat-boeblingen.de\/ksrbb\/projekte\/vorsorgende-verfuegung-patientenverfuegung-betreungsverfuegung\/digitaler-leitfaden\/\">\n\t\t\t\t\t\t<span class=\"elementor-button-content-wrapper\">\n\t\t\t\t\t\t<span class=\"elementor-button-icon\">\n\t\t\t\t<i aria-hidden=\"true\" class=\"far fa-arrow-alt-circle-right\"><\/i>\t\t\t<\/span>\n\t\t\t\t\t\t\t\t\t<span class=\"elementor-button-text\">Digitaler Leitfaden<\/span>\n\t\t\t\t\t<\/span>\n\t\t\t\t\t<\/a>\n\t\t\t\t<\/div>\n\t\t\t\t\t\t\t\t<\/div>\n\t\t\t\t<\/div>\n\t\t\t\t\t<\/div>\n\t\t<\/div>\n\t\t\t\t\t<\/div>\n\t\t<\/section>\n\t\t\t\t<\/div>\n\t\t","protected":false},"excerpt":{"rendered":"<p>Mit Vorsorgenden Verf\u00fcgungen in guten Tagen den eigenen Wille zum Ausdruck zu bringen, ist f\u00fcr Vollj\u00e4hrige ein Gebot der Vernunft. Mit einer Vorsorgevollmacht beauftragen Sie einen anderen Menschen ihres Vertrauens, f\u00fcr Sie zu entscheiden, wenn Sie das selbst nicht mehr k\u00f6nnen. Jeder kann in die Lage kommen, nicht selbst entscheiden zu k\u00f6nnen &#8211; sei es [&hellip;]<\/p>\n","protected":false},"author":3,"featured_media":0,"parent":103,"menu_order":0,"comment_status":"closed","ping_status":"closed","template":"","meta":{"_crdt_document":"","ocean_post_layout":"","ocean_both_sidebars_style":"","ocean_both_sidebars_content_width":0,"ocean_both_sidebars_sidebars_width":0,"ocean_sidebar":"0","ocean_second_sidebar":"0","ocean_disable_margins":"enable","ocean_add_body_class":"","ocean_shortcode_before_top_bar":"","ocean_shortcode_after_top_bar":"","ocean_shortcode_before_header":"","ocean_shortcode_after_header":"","ocean_has_shortcode":"","ocean_shortcode_after_title":"","ocean_shortcode_before_footer_widgets":"","ocean_shortcode_after_footer_widgets":"","ocean_shortcode_before_footer_bottom":"","ocean_shortcode_after_footer_bottom":"","ocean_display_top_bar":"default","ocean_display_header":"default","ocean_header_style":"","ocean_center_header_left_menu":"0","ocean_custom_header_template":"0","ocean_custom_logo":0,"ocean_custom_retina_logo":0,"ocean_custom_logo_max_width":0,"ocean_custom_logo_tablet_max_width":0,"ocean_custom_logo_mobile_max_width":0,"ocean_custom_logo_max_height":0,"ocean_custom_logo_tablet_max_height":0,"ocean_custom_logo_mobile_max_height":0,"ocean_header_custom_menu":"0","ocean_menu_typo_font_family":"0","ocean_menu_typo_font_subset":"","ocean_menu_typo_font_size":0,"ocean_menu_typo_font_size_tablet":0,"ocean_menu_typo_font_size_mobile":0,"ocean_menu_typo_font_size_unit":"px","ocean_menu_typo_font_weight":"","ocean_menu_typo_font_weight_tablet":"","ocean_menu_typo_font_weight_mobile":"","ocean_menu_typo_transform":"","ocean_menu_typo_transform_tablet":"","ocean_menu_typo_transform_mobile":"","ocean_menu_typo_line_height":0,"ocean_menu_typo_line_height_tablet":0,"ocean_menu_typo_line_height_mobile":0,"ocean_menu_typo_line_height_unit":"","ocean_menu_typo_spacing":0,"ocean_menu_typo_spacing_tablet":0,"ocean_menu_typo_spacing_mobile":0,"ocean_menu_typo_spacing_unit":"","ocean_menu_link_color":"","ocean_menu_link_color_hover":"","ocean_menu_link_color_active":"","ocean_menu_link_background":"","ocean_menu_link_hover_background":"","ocean_menu_link_active_background":"","ocean_menu_social_links_bg":"","ocean_menu_social_hover_links_bg":"","ocean_menu_social_links_color":"","ocean_menu_social_hover_links_color":"","ocean_disable_title":"default","ocean_disable_heading":"on","ocean_post_title":"","ocean_post_subheading":"","ocean_post_title_style":"","ocean_post_title_background_color":"","ocean_post_title_background":0,"ocean_post_title_bg_image_position":"","ocean_post_title_bg_image_attachment":"","ocean_post_title_bg_image_repeat":"","ocean_post_title_bg_image_size":"","ocean_post_title_height":0,"ocean_post_title_bg_overlay":0.5,"ocean_post_title_bg_overlay_color":"","ocean_disable_breadcrumbs":"default","ocean_breadcrumbs_color":"","ocean_breadcrumbs_separator_color":"","ocean_breadcrumbs_links_color":"","ocean_breadcrumbs_links_hover_color":"","ocean_display_footer_widgets":"default","ocean_display_footer_bottom":"default","ocean_custom_footer_template":"0","footnotes":""},"class_list":["post-119","page","type-page","status-publish","hentry","entry"],"_links":{"self":[{"href":"https:\/\/kreisseniorenrat-boeblingen.de\/ksrbb\/wp-json\/wp\/v2\/pages\/119","targetHints":{"allow":["GET"]}}],"collection":[{"href":"https:\/\/kreisseniorenrat-boeblingen.de\/ksrbb\/wp-json\/wp\/v2\/pages"}],"about":[{"href":"https:\/\/kreisseniorenrat-boeblingen.de\/ksrbb\/wp-json\/wp\/v2\/types\/page"}],"author":[{"embeddable":true,"href":"https:\/\/kreisseniorenrat-boeblingen.de\/ksrbb\/wp-json\/wp\/v2\/users\/3"}],"replies":[{"embeddable":true,"href":"https:\/\/kreisseniorenrat-boeblingen.de\/ksrbb\/wp-json\/wp\/v2\/comments?post=119"}],"version-history":[{"count":62,"href":"https:\/\/kreisseniorenrat-boeblingen.de\/ksrbb\/wp-json\/wp\/v2\/pages\/119\/revisions"}],"predecessor-version":[{"id":2586,"href":"https:\/\/kreisseniorenrat-boeblingen.de\/ksrbb\/wp-json\/wp\/v2\/pages\/119\/revisions\/2586"}],"up":[{"embeddable":true,"href":"https:\/\/kreisseniorenrat-boeblingen.de\/ksrbb\/wp-json\/wp\/v2\/pages\/103"}],"wp:attachment":[{"href":"https:\/\/kreisseniorenrat-boeblingen.de\/ksrbb\/wp-json\/wp\/v2\/media?parent=119"}],"curies":[{"name":"wp","href":"https:\/\/api.w.org\/{rel}","templated":true}]}}